{"id":8099,"date":"2022-01-31T09:57:26","date_gmt":"2022-01-31T09:57:26","guid":{"rendered":"https:\/\/arsskyrsla2021.bluelagoon.is\/fjolmidar\/"},"modified":"2022-06-23T12:08:48","modified_gmt":"2022-06-23T12:08:48","slug":"media","status":"publish","type":"page","link":"https:\/\/arsskyrsla2021.bluelagoon.is\/en\/media\/","title":{"rendered":"Media"},"content":{"rendered":"<div class=\"wpb-content-wrapper\">[mk_page_section bg_image=&#8221;https:\/\/arsskyrsla2021.bluelagoon.is\/wp-content\/uploads\/2022\/04\/retreat_16-scaled.jpg&#8221; bg_position=&#8221;center center&#8221; bg_repeat=&#8221;no-repeat&#8221; bg_stretch=&#8221;true&#8221; enable_3d=&#8221;true&#8221; video_color_mask=&#8221;#000000&#8243; video_opacity=&#8221;0.1&#8243; min_height=&#8221;550&#8243; full_height=&#8221;true&#8221; skip_arrow=&#8221;true&#8221; top_shape_color=&#8221;#ffffff&#8221; bottom_shape_color=&#8221;#ffffff&#8221; first_page=&#8221;false&#8221; last_page=&#8221;false&#8221; sidebar=&#8221;sidebar-1&#8243;][vc_column][vc_row_inner][vc_column_inner width=&#8221;1\/2&#8243;][mk_fancy_title tag_name=&#8221;h1&#8243; color=&#8221;#ffffff&#8221; size=&#8221;45&#8243; force_font_size=&#8221;true&#8221; size_phone=&#8221;40&#8243; font_weight=&#8221;400&#8243; txt_transform=&#8221;none&#8221; margin_bottom=&#8221;0&#8243; font_family=&#8221;Lato&#8221; font_type=&#8221;google&#8221; animation=&#8221;flip-x&#8221; el_class=&#8221;skuggi-texti&#8221;]Media[\/mk_fancy_title][mk_fancy_title color=&#8221;#ffffff&#8221; size=&#8221;34&#8243; force_font_size=&#8221;true&#8221; size_phone=&#8221;24&#8243; font_weight=&#8221;300&#8243; font_style=&#8221;italic&#8221; txt_transform=&#8221;none&#8221; margin_bottom=&#8221;0&#8243; font_family=&#8221;Lato&#8221; font_type=&#8221;google&#8221; animation=&#8221;flip-x&#8221; el_class=&#8221;skuggi-texti&#8221;]<em>\u201cA positive image and coverage of Blue Lagoon in the media and on social networks around the world is crucial.\u201d<\/em>[\/mk_fancy_title][\/vc_column_inner][vc_column_inner width=&#8221;1\/2&#8243;][\/vc_column_inner][\/vc_row_inner][\/vc_column][\/mk_page_section][vc_row][vc_column][vc_empty_space height=&#8221;80px&#8221;][\/vc_column][\/vc_row][mk_page_section sidebar=&#8221;sidebar-1&#8243;][vc_column width=&#8221;1\/6&#8243;][\/vc_column][vc_column width=&#8221;2\/3&#8243;][vc_column_text css=&#8221;.vc_custom_1655905658082{margin-bottom: 0px !important;}&#8221;]Blue Lagoon strives to give a good welcome to media representatives all year round. Due to travel restrictions, there were fewer such visits in 2021, however, just as in the previous year. Special emphasis was therefore placed on directly and indirectly reaching different markets through social media with good results.<\/p>\n<p>Nevertheless, in 2021, some 223 newspaper articles covering Blue Lagoon appeared in various reputable media around the world . Of these, 33 articles were about the unique circular economy of the Blue Lagoon, which reflects the great and growing interest in the social importance of the company, and provides an incentive for continued good work \u2013 for the benefit of people and the environment and well-being. There is also obvious and heightened interest in the company\u2019s skin products, since 38 articles covered the unique properties of the skincare products, in particular the new BL + line.[\/vc_column_text][\/vc_column][vc_column width=&#8221;1\/6&#8243;][\/vc_column][\/mk_page_section][vc_row][vc_column][vc_empty_space height=&#8221;80px&#8221;][\/vc_column][\/vc_row][vc_row][vc_column width=&#8221;1\/2&#8243;][mk_blockquote font_family=&#8221;none&#8221; font_size_combat=&#8221;true&#8221; text_size=&#8221;18&#8243; el_class=&#8221;quote&#8221;]<em>&#8220;Blue Lagoon (about a 50-minute drive from the capital) is otherworldly in appearance\u2014black lava rock punctuated with milky blue waters, and steam billowing like clouds. But the visual appeal is only part of the experience. A soak in the 100-degree waters (which come from the output of a nearby geothermal plant) is a spa-like experience all on its own, with silica mud masks and mineral salts ensuring your skin will look and feel better than it did when you got there.&#8221;\u00a0 <\/em><\/p>\n<p><span style=\"color: #808080;\">Conde Nast Traveler, April 2021<\/span>[\/mk_blockquote][\/vc_column][vc_column width=&#8221;1\/2&#8243;][mk_blockquote font_family=&#8221;none&#8221; font_size_combat=&#8221;true&#8221; text_size=&#8221;18&#8243; el_class=&#8221;quote&#8221;]<em>&#8220;The Blue Lagoon\u2019s otherworldly setting \u2013 think ancient lava fields, rugged volcanic outcrops and ethereal waters \u2013 is best soaked up from the site\u2019s mystical, mineral-rich geothermal pools, which are made even more magical if you\u2019re lucky enough to experience them under the Northern Lights.&#8221;<\/em><\/p>\n<p>&nbsp;<\/p>\n<p>&nbsp;<\/p>\n<p>&nbsp;<\/p>\n<p><span style=\"color: #808080;\">PORTER, July 2021<\/span>[\/mk_blockquote][\/vc_column][\/vc_row][vc_row][vc_column width=&#8221;1\/6&#8243;][\/vc_column][vc_column width=&#8221;2\/3&#8243;][mk_custom_box padding_vertical=&#8221;40&#8243; padding_horizental=&#8221;40&#8243; bg_color=&#8221;#ffffff&#8221;][vc_empty_space height=&#8221;20px&#8221;][vc_column_text css=&#8221;.vc_custom_1655905698671{margin-bottom: 0px !important;}&#8221;]Blue Lagoon\u2019s policy regarding social media is clear and is primarily aimed at maintaining the image of the company\u2019s brands, at the same time as looking at different markets and needs. Blue Lagoon maintains several channels on the following social networks:[\/vc_column_text][\/mk_custom_box][\/vc_column][vc_column width=&#8221;1\/6&#8243;][\/vc_column][\/vc_row][vc_row][vc_column width=&#8221;1\/4&#8243;][mk_icon_box2 icon_size=&#8221;48&#8243; icon=&#8221;mk-icon-facebook&#8221; icon_color=&#8221;#78bac6&#8243; icon_hover_color=&#8221;#494949&#8243; title=&#8221;Facebook&#8221; read_more_url=&#8221;https:\/\/www.facebook.com\/BlueLagoonIceland&#8221; link_target=&#8221;_blank&#8221;][\/mk_icon_box2][\/vc_column][vc_column width=&#8221;1\/4&#8243;][mk_icon_box2 icon_size=&#8221;48&#8243; icon=&#8221;mk-jupiter-icon-simple-instagram&#8221; icon_color=&#8221;#78bac6&#8243; icon_hover_color=&#8221;#494949&#8243; title=&#8221;Instagram&#8221; read_more_url=&#8221;https:\/\/www.instagram.com\/bluelagoonis\/&#8221; link_target=&#8221;_blank&#8221;][\/mk_icon_box2][\/vc_column][vc_column width=&#8221;1\/4&#8243;][mk_icon_box2 icon_size=&#8221;48&#8243; icon=&#8221;mk-icon-linkedin&#8221; icon_color=&#8221;#78bac6&#8243; icon_hover_color=&#8221;#494949&#8243; title=&#8221;Linkedin&#8221; read_more_url=&#8221;https:\/\/www.linkedin.com\/company\/blue-lagoon-iceland\/&#8221; link_target=&#8221;_blank&#8221;][\/mk_icon_box2][\/vc_column][vc_column width=&#8221;1\/4&#8243;][mk_icon_box2 icon_size=&#8221;48&#8243; icon=&#8221;mk-icon-twitter&#8221; icon_color=&#8221;#78bac6&#8243; icon_hover_color=&#8221;#494949&#8243; title=&#8221;Twitter&#8221; read_more_url=&#8221;https:\/\/www.instagram.com\/bluelagoonis\/&#8221; link_target=&#8221;_blank&#8221;][\/mk_icon_box2][\/vc_column][\/vc_row][vc_row][vc_column][mk_divider style=&#8221;thin_solid&#8221; margin_top=&#8221;0&#8243; margin_bottom=&#8221;0&#8243;][\/vc_column][\/vc_row][vc_row][vc_column width=&#8221;1\/6&#8243;][\/vc_column][vc_column width=&#8221;2\/3&#8243;][vc_empty_space height=&#8221;40px&#8221;][\/vc_column][vc_column width=&#8221;1\/6&#8243;][\/vc_column][\/vc_row][vc_row][vc_column][mk_fancy_title tag_name=&#8221;h1&#8243; size=&#8221;28&#8243; font_family=&#8221;none&#8221; align=&#8221;center&#8221;]\n<p style=\"text-align: center;\">Icelandverse<\/p>\n[\/mk_fancy_title][mk_divider style=&#8221;thick_solid&#8221; divider_width=&#8221;custom_width&#8221; custom_width=&#8221;60&#8243; border_color=&#8221;#000000&#8243; margin_top=&#8221;5&#8243; margin_bottom=&#8221;5&#8243;][vc_empty_space height=&#8221;40px&#8221;][vc_column_text css=&#8221;.vc_custom_1655905733197{margin-bottom: 0px !important;}&#8221;]Blue Lagoon participated in a video advertisement on Facebook with Promote Iceland in which \u201cthe Icelandverse\u201d was introduced as Iceland\u2019s answer to \u201cthe Metaverse\u201d created by Mark Zuckerberg, the founder of Facebook.\u00a0 The video was a big hit and no other marketing campaign in Iceland has garnered as much attention from international markets.\u00a0 Mark Zuckerberg himself responded positively and said he was looking forward to coming to visit the Icelandverse![\/vc_column_text][vc_empty_space height=&#8221;40px&#8221;][vc_video link=&#8221;https:\/\/www.youtube.com\/watch?v=enMwwQy_noI&#8221;][vc_empty_space height=&#8221;40px&#8221;][mk_fancy_title tag_name=&#8221;h1&#8243; size=&#8221;28&#8243; font_family=&#8221;none&#8221; align=&#8221;center&#8221;]\n<p style=\"text-align: center;\">Riot Games<\/p>\n[\/mk_fancy_title][mk_divider style=&#8221;thick_solid&#8221; divider_width=&#8221;custom_width&#8221; custom_width=&#8221;60&#8243; border_color=&#8221;#000000&#8243; margin_top=&#8221;5&#8243; margin_bottom=&#8221;5&#8243;][vc_empty_space height=&#8221;40px&#8221;][vc_column_text css=&#8221;.vc_custom_1653904378499{margin-bottom: 0px !important;}&#8221;]Riot Games held its world e-sports League of Legends championship in Iceland last year. This was a major event, since e-sports attract millions of spectators who closely follow this event from around the globe. The final round of the competition took place at the Blue Lagoon restaurant, Lava.[\/vc_column_text][vc_empty_space height=&#8221;40px&#8221;][vc_video host=&#8221;self_hosted&#8221; mp4=&#8221;https:\/\/arsskyrsla2021.bluelagoon.is\/wp-content\/uploads\/2022\/04\/riogames_trimok.mov&#8221;][vc_empty_space height=&#8221;40px&#8221;][vc_empty_space height=&#8221;40px&#8221;][\/vc_column][\/vc_row][vc_row][vc_column][vc_empty_space height=&#8221;40px&#8221;][\/vc_column][\/vc_row][vc_row fullwidth=&#8221;true&#8221; equal_columns=&#8221;true&#8221; attached=&#8221;true&#8221; css=&#8221;.vc_custom_1616682607402{margin-bottom: -10px !important;padding-bottom: 0px !important;}&#8221; el_class=&#8221;bottom_buttons_section&#8221;][vc_column width=&#8221;1\/2&#8243;][mk_button dimension=&#8221;flat&#8221; size=&#8221;xx-large&#8221; icon=&#8221;mk-jupiter-icon-arrow-left&#8221; icon_anim=&#8221;side&#8221; url=&#8221;https:\/\/arsskyrsla2021.bluelagoon.is\/en\/stakeholder-engagement\/&#8221; fullwidth=&#8221;true&#8221; margin_bottom=&#8221;0&#8243; bg_color=&#8221;#ededed&#8221; btn_hover_bg=&#8221;#ededed&#8221; text_color=&#8221;dark&#8221;]STAKEHOLDERS ENGAGEMENT | go back[\/mk_button][\/vc_column][vc_column width=&#8221;1\/2&#8243;][mk_button dimension=&#8221;flat&#8221; size=&#8221;xx-large&#8221; icon=&#8221;mk-jupiter-icon-arrow-right&#8221; icon_anim=&#8221;side&#8221; url=&#8221;https:\/\/arsskyrsla2021.bluelagoon.is\/en\/&#8221; align=&#8221;right&#8221; fullwidth=&#8221;true&#8221; margin_bottom=&#8221;0&#8243; text_color=&#8221;dark&#8221;]FRONT PAGE[\/mk_button][\/vc_column][\/vc_row]\n<\/div>","protected":false},"excerpt":{"rendered":"<p>[mk_page_section bg_image=&#8221;https:\/\/arsskyrsla2021.bluelagoon.is\/wp-content\/uploads\/2022\/04\/retreat_16-scaled.jpg&#8221; bg_position=&#8221;center center&#8221; bg_repeat=&#8221;no-repeat&#8221; bg_stretch=&#8221;true&#8221; enable_3d=&#8221;true&#8221; video_color_mask=&#8221;#000000&#8243; video_opacity=&#8221;0.1&#8243; min_height=&#8221;550&#8243; full_height=&#8221;true&#8221; skip_arrow=&#8221;true&#8221; top_shape_color=&#8221;#ffffff&#8221; bottom_shape_color=&#8221;#ffffff&#8221; first_page=&#8221;false&#8221; last_page=&#8221;false&#8221; sidebar=&#8221;sidebar-1&#8243;][vc_column][vc_row_inner][vc_column_inner width=&#8221;1\/2&#8243;][mk_fancy_title tag_name=&#8221;h1&#8243; color=&#8221;#ffffff&#8221; size=&#8221;45&#8243; force_font_size=&#8221;true&#8221; size_phone=&#8221;40&#8243; font_weight=&#8221;400&#8243; txt_transform=&#8221;none&#8221; margin_bottom=&#8221;0&#8243; font_family=&#8221;Lato&#8221; font_type=&#8221;google&#8221; animation=&#8221;flip-x&#8221; el_class=&#8221;skuggi-texti&#8221;]Media[\/mk_fancy_title][mk_fancy_title color=&#8221;#ffffff&#8221; size=&#8221;34&#8243; force_font_size=&#8221;true&#8221; size_phone=&#8221;24&#8243; font_weight=&#8221;300&#8243; font_style=&#8221;italic&#8221; txt_transform=&#8221;none&#8221; margin_bottom=&#8221;0&#8243; font_family=&#8221;Lato&#8221; font_type=&#8221;google&#8221; animation=&#8221;flip-x&#8221; el_class=&#8221;skuggi-texti&#8221;]\u201cA positive image and coverage of Blue Lagoon in the media and on social [&hellip;]<\/p>\n","protected":false},"author":1,"featured_media":0,"parent":0,"menu_order":0,"comment_status":"closed","ping_status":"closed","template":"","meta":{"_monsterinsights_skip_tracking":false,"_monsterinsights_sitenote_active":false,"_monsterinsights_sitenote_note":"","_monsterinsights_sitenote_category":0,"footnotes":""},"class_list":["post-8099","page","type-page","status-publish","hentry"],"yoast_head":"<!-- This site is optimized with the Yoast SEO plugin v27.5 - https:\/\/yoast.com\/product\/yoast-seo-wordpress\/ -->\n<title>Media - \u00c1rssk\u00fdrsla Bl\u00e1a L\u00f3nsins 2021<\/title>\n<meta name=\"description\" content=\"\u00c1rssk\u00fdrsla Bl\u00e1a L\u00f3nsins - Blue Lagoon 2019. Helstu uppl\u00fdsingar um starfsemi fyrirt\u00e6kisins \u00e1 \u00e1rinu 2019 \u00e1samt helstu fj\u00e1rhagsuppl\u00fdsingum.\" \/>\n<meta name=\"robots\" content=\"index, follow, max-snippet:-1, max-image-preview:large, max-video-preview:-1\" \/>\n<link rel=\"canonical\" href=\"https:\/\/arsskyrsla2021.bluelagoon.is\/en\/media\/\" \/>\n<meta property=\"og:locale\" content=\"en_US\" \/>\n<meta property=\"og:type\" content=\"article\" \/>\n<meta property=\"og:title\" content=\"Media - \u00c1rssk\u00fdrsla Bl\u00e1a L\u00f3nsins 2021\" \/>\n<meta property=\"og:description\" content=\"\u00c1rssk\u00fdrsla Bl\u00e1a L\u00f3nsins - Blue Lagoon 2019. Helstu uppl\u00fdsingar um starfsemi fyrirt\u00e6kisins \u00e1 \u00e1rinu 2019 \u00e1samt helstu fj\u00e1rhagsuppl\u00fdsingum.\" \/>\n<meta property=\"og:url\" content=\"https:\/\/arsskyrsla2021.bluelagoon.is\/en\/media\/\" \/>\n<meta property=\"og:site_name\" content=\"\u00c1rssk\u00fdrsla Bl\u00e1a L\u00f3nsins 2021\" \/>\n<meta property=\"article:modified_time\" content=\"2022-06-23T12:08:48+00:00\" \/>\n<meta name=\"twitter:card\" content=\"summary_large_image\" \/>\n<meta name=\"twitter:label1\" content=\"Est. reading time\" \/>\n\t<meta name=\"twitter:data1\" content=\"3 minutes\" \/>\n<script type=\"application\/ld+json\" class=\"yoast-schema-graph\">{\"@context\":\"https:\\\/\\\/schema.org\",\"@graph\":[{\"@type\":\"WebPage\",\"@id\":\"https:\\\/\\\/arsskyrsla2021.bluelagoon.is\\\/en\\\/media\\\/\",\"url\":\"https:\\\/\\\/arsskyrsla2021.bluelagoon.is\\\/en\\\/media\\\/\",\"name\":\"Media - \u00c1rssk\u00fdrsla Bl\u00e1a L\u00f3nsins 2021\",\"isPartOf\":{\"@id\":\"https:\\\/\\\/arsskyrsla2021.bluelagoon.is\\\/#website\"},\"datePublished\":\"2022-01-31T09:57:26+00:00\",\"dateModified\":\"2022-06-23T12:08:48+00:00\",\"description\":\"\u00c1rssk\u00fdrsla Bl\u00e1a L\u00f3nsins - Blue Lagoon 2019. Helstu uppl\u00fdsingar um starfsemi fyrirt\u00e6kisins \u00e1 \u00e1rinu 2019 \u00e1samt helstu fj\u00e1rhagsuppl\u00fdsingum.\",\"breadcrumb\":{\"@id\":\"https:\\\/\\\/arsskyrsla2021.bluelagoon.is\\\/en\\\/media\\\/#breadcrumb\"},\"inLanguage\":\"en-US\",\"potentialAction\":[{\"@type\":\"ReadAction\",\"target\":[\"https:\\\/\\\/arsskyrsla2021.bluelagoon.is\\\/en\\\/media\\\/\"]}]},{\"@type\":\"BreadcrumbList\",\"@id\":\"https:\\\/\\\/arsskyrsla2021.bluelagoon.is\\\/en\\\/media\\\/#breadcrumb\",\"itemListElement\":[{\"@type\":\"ListItem\",\"position\":1,\"name\":\"Home\",\"item\":\"https:\\\/\\\/arsskyrsla2021.bluelagoon.is\\\/en\\\/\"},{\"@type\":\"ListItem\",\"position\":2,\"name\":\"Media\"}]},{\"@type\":\"WebSite\",\"@id\":\"https:\\\/\\\/arsskyrsla2021.bluelagoon.is\\\/#website\",\"url\":\"https:\\\/\\\/arsskyrsla2021.bluelagoon.is\\\/\",\"name\":\"\u00c1rssk\u00fdrsla Bl\u00e1a L\u00f3nsins 2021\",\"description\":\"\",\"publisher\":{\"@id\":\"https:\\\/\\\/arsskyrsla2021.bluelagoon.is\\\/#organization\"},\"potentialAction\":[{\"@type\":\"SearchAction\",\"target\":{\"@type\":\"EntryPoint\",\"urlTemplate\":\"https:\\\/\\\/arsskyrsla2021.bluelagoon.is\\\/?s={search_term_string}\"},\"query-input\":{\"@type\":\"PropertyValueSpecification\",\"valueRequired\":true,\"valueName\":\"search_term_string\"}}],\"inLanguage\":\"en-US\"},{\"@type\":\"Organization\",\"@id\":\"https:\\\/\\\/arsskyrsla2021.bluelagoon.is\\\/#organization\",\"name\":\"Bl\u00e1a L\u00f3ni\u00f0\",\"url\":\"https:\\\/\\\/arsskyrsla2021.bluelagoon.is\\\/\",\"logo\":{\"@type\":\"ImageObject\",\"inLanguage\":\"en-US\",\"@id\":\"https:\\\/\\\/arsskyrsla2021.bluelagoon.is\\\/#\\\/schema\\\/logo\\\/image\\\/\",\"url\":\"http:\\\/\\\/arsskyrsla2021.bluelagoon.is\\\/wp-content\\\/uploads\\\/2016\\\/04\\\/Blue-lagoon-Dark-Logo.png\",\"contentUrl\":\"http:\\\/\\\/arsskyrsla2021.bluelagoon.is\\\/wp-content\\\/uploads\\\/2016\\\/04\\\/Blue-lagoon-Dark-Logo.png\",\"width\":200,\"height\":120,\"caption\":\"Bl\u00e1a L\u00f3ni\u00f0\"},\"image\":{\"@id\":\"https:\\\/\\\/arsskyrsla2021.bluelagoon.is\\\/#\\\/schema\\\/logo\\\/image\\\/\"}}]}<\/script>\n<!-- \/ Yoast SEO plugin. -->","yoast_head_json":{"title":"Media - \u00c1rssk\u00fdrsla Bl\u00e1a L\u00f3nsins 2021","description":"\u00c1rssk\u00fdrsla Bl\u00e1a L\u00f3nsins - Blue Lagoon 2019. Helstu uppl\u00fdsingar um starfsemi fyrirt\u00e6kisins \u00e1 \u00e1rinu 2019 \u00e1samt helstu fj\u00e1rhagsuppl\u00fdsingum.","robots":{"index":"index","follow":"follow","max-snippet":"max-snippet:-1","max-image-preview":"max-image-preview:large","max-video-preview":"max-video-preview:-1"},"canonical":"https:\/\/arsskyrsla2021.bluelagoon.is\/en\/media\/","og_locale":"en_US","og_type":"article","og_title":"Media - \u00c1rssk\u00fdrsla Bl\u00e1a L\u00f3nsins 2021","og_description":"\u00c1rssk\u00fdrsla Bl\u00e1a L\u00f3nsins - Blue Lagoon 2019. Helstu uppl\u00fdsingar um starfsemi fyrirt\u00e6kisins \u00e1 \u00e1rinu 2019 \u00e1samt helstu fj\u00e1rhagsuppl\u00fdsingum.","og_url":"https:\/\/arsskyrsla2021.bluelagoon.is\/en\/media\/","og_site_name":"\u00c1rssk\u00fdrsla Bl\u00e1a L\u00f3nsins 2021","article_modified_time":"2022-06-23T12:08:48+00:00","twitter_card":"summary_large_image","twitter_misc":{"Est. reading time":"3 minutes"},"schema":{"@context":"https:\/\/schema.org","@graph":[{"@type":"WebPage","@id":"https:\/\/arsskyrsla2021.bluelagoon.is\/en\/media\/","url":"https:\/\/arsskyrsla2021.bluelagoon.is\/en\/media\/","name":"Media - \u00c1rssk\u00fdrsla Bl\u00e1a L\u00f3nsins 2021","isPartOf":{"@id":"https:\/\/arsskyrsla2021.bluelagoon.is\/#website"},"datePublished":"2022-01-31T09:57:26+00:00","dateModified":"2022-06-23T12:08:48+00:00","description":"\u00c1rssk\u00fdrsla Bl\u00e1a L\u00f3nsins - Blue Lagoon 2019. Helstu uppl\u00fdsingar um starfsemi fyrirt\u00e6kisins \u00e1 \u00e1rinu 2019 \u00e1samt helstu fj\u00e1rhagsuppl\u00fdsingum.","breadcrumb":{"@id":"https:\/\/arsskyrsla2021.bluelagoon.is\/en\/media\/#breadcrumb"},"inLanguage":"en-US","potentialAction":[{"@type":"ReadAction","target":["https:\/\/arsskyrsla2021.bluelagoon.is\/en\/media\/"]}]},{"@type":"BreadcrumbList","@id":"https:\/\/arsskyrsla2021.bluelagoon.is\/en\/media\/#breadcrumb","itemListElement":[{"@type":"ListItem","position":1,"name":"Home","item":"https:\/\/arsskyrsla2021.bluelagoon.is\/en\/"},{"@type":"ListItem","position":2,"name":"Media"}]},{"@type":"WebSite","@id":"https:\/\/arsskyrsla2021.bluelagoon.is\/#website","url":"https:\/\/arsskyrsla2021.bluelagoon.is\/","name":"\u00c1rssk\u00fdrsla Bl\u00e1a L\u00f3nsins 2021","description":"","publisher":{"@id":"https:\/\/arsskyrsla2021.bluelagoon.is\/#organization"},"potentialAction":[{"@type":"SearchAction","target":{"@type":"EntryPoint","urlTemplate":"https:\/\/arsskyrsla2021.bluelagoon.is\/?s={search_term_string}"},"query-input":{"@type":"PropertyValueSpecification","valueRequired":true,"valueName":"search_term_string"}}],"inLanguage":"en-US"},{"@type":"Organization","@id":"https:\/\/arsskyrsla2021.bluelagoon.is\/#organization","name":"Bl\u00e1a L\u00f3ni\u00f0","url":"https:\/\/arsskyrsla2021.bluelagoon.is\/","logo":{"@type":"ImageObject","inLanguage":"en-US","@id":"https:\/\/arsskyrsla2021.bluelagoon.is\/#\/schema\/logo\/image\/","url":"https:\/\/arsskyrsla2021.bluelagoon.is\/wp-content\/uploads\/2016\/04\/Blue-lagoon-Dark-Logo.png","contentUrl":"https:\/\/arsskyrsla2021.bluelagoon.is\/wp-content\/uploads\/2016\/04\/Blue-lagoon-Dark-Logo.png","width":200,"height":120,"caption":"Bl\u00e1a L\u00f3ni\u00f0"},"image":{"@id":"https:\/\/arsskyrsla2021.bluelagoon.is\/#\/schema\/logo\/image\/"}}]}},"_links":{"self":[{"href":"https:\/\/arsskyrsla2021.bluelagoon.is\/en\/wp-json\/wp\/v2\/pages\/8099","targetHints":{"allow":["GET"]}}],"collection":[{"href":"https:\/\/arsskyrsla2021.bluelagoon.is\/en\/wp-json\/wp\/v2\/pages"}],"about":[{"href":"https:\/\/arsskyrsla2021.bluelagoon.is\/en\/wp-json\/wp\/v2\/types\/page"}],"author":[{"embeddable":true,"href":"https:\/\/arsskyrsla2021.bluelagoon.is\/en\/wp-json\/wp\/v2\/users\/1"}],"replies":[{"embeddable":true,"href":"https:\/\/arsskyrsla2021.bluelagoon.is\/en\/wp-json\/wp\/v2\/comments?post=8099"}],"version-history":[{"count":9,"href":"https:\/\/arsskyrsla2021.bluelagoon.is\/en\/wp-json\/wp\/v2\/pages\/8099\/revisions"}],"predecessor-version":[{"id":8418,"href":"https:\/\/arsskyrsla2021.bluelagoon.is\/en\/wp-json\/wp\/v2\/pages\/8099\/revisions\/8418"}],"wp:attachment":[{"href":"https:\/\/arsskyrsla2021.bluelagoon.is\/en\/wp-json\/wp\/v2\/media?parent=8099"}],"curies":[{"name":"wp","href":"https:\/\/api.w.org\/{rel}","templated":true}]}}