{"id":8093,"date":"2020-03-06T14:53:46","date_gmt":"2020-03-06T14:53:46","guid":{"rendered":"https:\/\/arsskyrsla2021.bluelagoon.is\/rannsoknir-throun\/"},"modified":"2022-06-23T12:07:08","modified_gmt":"2022-06-23T12:07:08","slug":"research-and-development","status":"publish","type":"page","link":"https:\/\/arsskyrsla2021.bluelagoon.is\/en\/research-and-development\/","title":{"rendered":"Research and Development"},"content":{"rendered":"<div class=\"wpb-content-wrapper\">[mk_page_section bg_image=&#8221;https:\/\/arsskyrsla2021.bluelagoon.is\/wp-content\/uploads\/2022\/03\/jpg-1-scaled.jpg&#8221; bg_position=&#8221;center center&#8221; bg_repeat=&#8221;no-repeat&#8221; bg_stretch=&#8221;true&#8221; enable_3d=&#8221;true&#8221; video_color_mask=&#8221;#000000&#8243; video_opacity=&#8221;0&#8243; min_height=&#8221;550&#8243; full_height=&#8221;true&#8221; skip_arrow=&#8221;true&#8221; top_shape_color=&#8221;#ffffff&#8221; bottom_shape_color=&#8221;#ffffff&#8221; first_page=&#8221;false&#8221; last_page=&#8221;false&#8221; sidebar=&#8221;sidebar-1&#8243;][vc_column][vc_row_inner][vc_column_inner width=&#8221;1\/2&#8243;][mk_fancy_title tag_name=&#8221;h1&#8243; color=&#8221;#ffffff&#8221; size=&#8221;45&#8243; force_font_size=&#8221;true&#8221; size_phone=&#8221;40&#8243; font_weight=&#8221;400&#8243; txt_transform=&#8221;none&#8221; margin_bottom=&#8221;0&#8243; font_family=&#8221;Lato&#8221; font_type=&#8221;google&#8221; animation=&#8221;flip-x&#8221; el_class=&#8221;skuggi-texti&#8221;]Research and Development[\/mk_fancy_title][mk_fancy_title color=&#8221;#ffffff&#8221; size=&#8221;34&#8243; force_font_size=&#8221;true&#8221; size_phone=&#8221;24&#8243; font_weight=&#8221;300&#8243; font_style=&#8221;italic&#8221; txt_transform=&#8221;none&#8221; margin_bottom=&#8221;0&#8243; font_family=&#8221;Lato&#8221; font_type=&#8221;google&#8221; animation=&#8221;flip-x&#8221; el_class=&#8221;skuggi-texti&#8221;]<em>\u201cScientific and theoretical research has been conducted at Blue Lagoon for over 30 years.\u201d<\/em>[\/mk_fancy_title][\/vc_column_inner][vc_column_inner width=&#8221;1\/2&#8243;][\/vc_column_inner][\/vc_row_inner][\/vc_column][\/mk_page_section][vc_row][vc_column][vc_empty_space height=&#8221;80px&#8221;][\/vc_column][\/vc_row][vc_row][vc_column width=&#8221;1\/4&#8243;][vc_single_image image=&#8221;8137&#8243; img_size=&#8221;150&#215;150&#8243;][\/vc_column][vc_column width=&#8221;3\/4&#8243;][mk_padding_divider size=&#8221;20&#8243; visibility=&#8221;hidden-sm&#8221;][vc_column_text css=&#8221;.vc_custom_1655897943489{margin-bottom: 0px !important;}&#8221;]The operation of Blue Lagoon is a unique example of the multifaceted utilization of geothermal resources to enhance the quality of life, whether it be through medical treatment, wellness tourism or the development of specific skin products.\u00a0 The work that takes place in the Blue Lagoon Research and Development Center is the basis of all this activity, guided by the principle of sustainability.[\/vc_column_text][vc_empty_space height=&#8221;80px&#8221;][\/vc_column][\/vc_row][mk_page_section bg_image=&#8221;https:\/\/arsskyrsla2021.bluelagoon.is\/wp-content\/uploads\/2021\/03\/rd-orungapipurnar.jpg&#8221; bg_position=&#8221;center bottom&#8221; bg_repeat=&#8221;no-repeat&#8221; bg_stretch=&#8221;true&#8221; enable_3d=&#8221;true&#8221; video_color_mask=&#8221;#000000&#8243; video_opacity=&#8221;0&#8243; min_height=&#8221;800&#8243; padding_top=&#8221;0&#8243; padding_bottom=&#8221;0&#8243; top_shape_color=&#8221;#ffffff&#8221; bottom_shape_color=&#8221;#ffffff&#8221; el_class=&#8221;PageSection-Mynd-Mobile&#8221; first_page=&#8221;false&#8221; last_page=&#8221;false&#8221; sidebar=&#8221;sidebar-1&#8243;][vc_column][\/vc_column][\/mk_page_section][mk_page_section sidebar=&#8221;sidebar-1&#8243;][vc_column][vc_empty_space height=&#8221;80px&#8221;][mk_fancy_title tag_name=&#8221;h1&#8243; size=&#8221;28&#8243; font_family=&#8221;Lato&#8221; font_type=&#8221;google&#8221; align=&#8221;center&#8221;]Research and development[\/mk_fancy_title][mk_divider style=&#8221;thick_solid&#8221; divider_width=&#8221;custom_width&#8221; custom_width=&#8221;60&#8243; border_color=&#8221;#333333&#8243; margin_top=&#8221;5&#8243; margin_bottom=&#8221;5&#8243;][vc_empty_space height=&#8221;40px&#8221;][vc_column_text css=&#8221;.vc_custom_1655898032414{margin-bottom: 0px !important;}&#8221;]An emphasis on intense research work has characterized the activities of Blue Lagoon since its establishment, and good evidence of this can be found in the number of scientific articles that have been published in recognized scientific journals, as well as the company\u2019s patents. Blue Lagoon conducts research in cooperation with researchers in Iceland and abroad, and has always fostered a successful collaboration with the university community in the field of research and development. From the beginning, the company has conducted research on natural resources and boosted knowledge for the benefit of society. Examples of research include research into the healing power of geothermal seawater on psoriasis, the bioactivity of ingredients contained in geothermal seawater and research into the ecosystem of the lagoon.[\/vc_column_text][vc_empty_space height=&#8221;40px&#8221;][\/vc_column][\/mk_page_section][vc_row][vc_column][vc_video link=&#8221;https:\/\/www.youtube.com\/watch?v=3LbJd9kvfXM&#8221;][vc_empty_space height=&#8221;80px&#8221;][\/vc_column][\/vc_row][mk_page_section bg_image=&#8221;https:\/\/arsskyrsla2021.bluelagoon.is\/wp-content\/uploads\/2022\/03\/red2-scaled.jpg&#8221; bg_position=&#8221;center center&#8221; bg_repeat=&#8221;no-repeat&#8221; bg_stretch=&#8221;true&#8221; enable_3d=&#8221;true&#8221; video_color_mask=&#8221;#000000&#8243; video_opacity=&#8221;0&#8243; min_height=&#8221;800&#8243; padding_top=&#8221;0&#8243; padding_bottom=&#8221;0&#8243; top_shape_color=&#8221;#ffffff&#8221; bottom_shape_color=&#8221;#ffffff&#8221; el_class=&#8221;PageSection-Mynd-Mobile&#8221; first_page=&#8221;false&#8221; last_page=&#8221;false&#8221; sidebar=&#8221;sidebar-1&#8243;][vc_column][\/vc_column][\/mk_page_section][mk_page_section bg_color=&#8221;#ffffff&#8221; sidebar=&#8221;sidebar-1&#8243;][vc_column][vc_empty_space height=&#8221;80px&#8221;][mk_fancy_title size=&#8221;28&#8243; font_family=&#8221;Lato&#8221; font_type=&#8221;google&#8221; align=&#8221;center&#8221;]Over 30 years of scientific and theoretical research[\/mk_fancy_title][mk_divider style=&#8221;thick_solid&#8221; divider_width=&#8221;custom_width&#8221; custom_width=&#8221;60&#8243; border_color=&#8221;#333333&#8243; margin_top=&#8221;5&#8243; margin_bottom=&#8221;5&#8243;][vc_empty_space height=&#8221;40px&#8221;][vc_column_text css=&#8221;.vc_custom_1655898118874{margin-bottom: 0px !important;}&#8221;]Over 20 peer-reviewed scientific articles and more than a dozen theoretical studies (master\u2019s and doctoral projects) have been published on the subject of the Blue Lagoon\u2019s geothermal seawater.<\/p>\n<p>From the very outset, scientific research has played a key role in the success of Blue Lagoon and is a prerequisite for all new developments in the company\u2019s skincare products. This is why the company is collaborating with a diverse team of scientists.<\/p>\n<p>Here you can read some key results published in recent years regarding the Blue Lagoon\u2019s research activities.<\/p>\n<ul>\n<li>Suryata, Indra &amp; Svavarsson, Halldor &amp; Einarsson, Sigurbjorn &amp; Brynj\u00f3lfsd\u00f3ttir \u00c1sa &amp; Maliga, Grzegorz. (2022). <a href=\"https:\/\/www.researchgate.net\/publication\/229046652_GEOTHERMAL_CO2_BIO-MITIGATION_TECHNIQUES_BY_UTILIZING_MICROALGAE_AT_THE_BLUE_LAGOON_ICELAND\" target=\"_blank\" rel=\"noopener\"><strong>Geothermal CO<sub>2<\/sub> bio-mitigation techniques by utilizing microalgae at the Blue Lagoon, Iceland.<\/strong><\/a> Proceedings.<\/li>\n<li>Gudmundsdottir, Asa &amp; Brynjolfsdottir, Asa &amp; Olafsdottir, Elin &amp; Hardardottir, Ingibjorg &amp; Freysdottir, Jona. (2019). <a href=\"https:\/\/www.researchgate.net\/publication\/331303464_Exopolysaccharides_from_Cyanobacterium_aponinum_induce_a_regulatory_dendritic_cell_phenotype_and_inhibit_SYK_and_CLEC7A_expression_in_dendritic_cells_T_cells_and_keratinocytes\" target=\"_blank\" rel=\"noopener\"><strong>Exopolysaccharides from Cyanobacterium aponinum induce a regulatory dendritic cell phenotype and inhibit SYK and CLEC7A expression in dendritic cells, T cells and keratinocytes.<\/strong><\/a> International immunopharmacology.<\/li>\n<li>Svavarsson, Halldor &amp; Valberg, Johannes &amp; Arnardottir, Hronn &amp; Brynjolfsdottir, Asa. (2017). <a href=\"https:\/\/www.researchgate.net\/publication\/318068263_Carbon_dioxide_from_geothermal_gas_converted_to_biomass_by_cultivating_coccoid_cyanobacteria\" target=\"_blank\" rel=\"noopener\"><strong>Carbon dioxide from geothermal gas converted to biomass by cultivating coccoid cyanobacteria. Environmental Technology<\/strong><\/a><strong>.<\/strong><\/li>\n<li>Svavarsson, Halldor &amp; Arnardottir, Hronn &amp; Einarsson, Sigurbjorn &amp; Albertsson, Albert &amp; Brynjolfsdottir, Asa. (2015). <a href=\"https:\/\/www.researchgate.net\/publication\/283726163_Applications_of_Unmodified_Geothermal_Silica_for_Protein_Extraction\" target=\"_blank\" rel=\"noopener\"><strong>Applications of Unmodified Geothermal Silica for Protein Extraction<\/strong><\/a><strong>.<\/strong><\/li>\n<li>Arnardottir, Hronn &amp; Brynjolfsdottir, Asa &amp; Albertsson, Albert &amp; Svavarsson, Halldor. (2015). <a href=\"https:\/\/www.researchgate.net\/publication\/283726170_Biomass_Production_Using_Geothermal_Flue_Gas\" target=\"_blank\" rel=\"noopener\"><strong>Biomass Production Using Geothermal Flue Gas<\/strong><\/a><strong>.<\/strong><\/li>\n<li>Svavarsson, Halldor &amp; Einarsson, Sigurbjorn &amp; Brynjolfsdottir, Asa. (2014). <a href=\"https:\/\/www.researchgate.net\/publication\/259127505_Adsorption_applications_of_unmodified_geothermal_silica\" target=\"_blank\" rel=\"noopener\"><strong>Adsorption applications of unmodified geothermal silica.<\/strong><\/a> Geothermics.<\/li>\n<li>Gudmundsdottir, Asa &amp; Omarsdottir, Sesselja &amp; Brynjolfsdottir, Asa &amp; Paulsen, Berit &amp; Olafsdottir, Elin &amp; Freysdottir, Jona. (2014). <a href=\"https:\/\/www.researchgate.net\/publication\/269718916_Exopolysaccharides_from_Cyanobacterium_aponinum_from_the_Blue_Lagoon_in_Iceland_increase_IL-10_secretion_by_human_dendritic_cells_and_their_ability_to_reduce_the_IL-17RORgtIL-10FoxP3_ratio_in_CD4_T_ce\" target=\"_blank\" rel=\"noopener\"><strong>Exopolysaccharides from Cyanobacterium aponinum from the Blue Lagoon in Iceland increase IL-10 secretion by human dendritic cells and their ability to reduce the IL-17+ROR\u03b3t+\/IL-10+FoxP3+ ratio in CD4+ T cells<\/strong><\/a><strong>.<\/strong> Immunology letters.<\/li>\n<li>Grether-Beck, Susanne &amp; M\u00fchlberg, Kathrin &amp; Brenden, Heidi &amp; Felsner, Ingo &amp; Brynj\u00f3lfsd\u00f3ttir Asa &amp; Einarsson, Sigurbjorn &amp; Krutmann, Jean. (2008). <a href=\"https:\/\/www.researchgate.net\/publication\/5540718_Bioactive_molecules_from_the_Blue_Lagoon_In_vitro_and_in_vivo_assessment_of_silica_mud_and_microalgae_extracts_for_their_effects_on_skin_barrier_function_and_prevention_of_skin_ageing\" target=\"_blank\" rel=\"noopener\"><strong>Bioactive molecules from the Blue Lagoon: In vitro and in vivo assessment of silica mud and microalgae extracts for their effects on skin barrier function and prevention of skin ageing.<\/strong><\/a> Experimental dermatology.<\/li>\n<li>Taioli, Giorgia (2020). <a href=\"http:\/\/hdl.handle.net\/1946\/36949\" target=\"_blank\" rel=\"noopener\"><strong>Implementation of Corporate Social Responsibility reporting: A case study of Blue Lagoon<\/strong><strong>.<\/strong><\/a> Master thesis, Environment and Natural Resources, Faculty of Business, Haskoli Islands.<\/li>\n<\/ul>\n[\/vc_column_text][vc_empty_space height=&#8221;40px&#8221;][\/vc_column][\/mk_page_section][mk_page_section sidebar=&#8221;sidebar-1&#8243;][vc_column][vc_empty_space height=&#8221;80px&#8221;][vc_row_inner][vc_column_inner width=&#8221;1\/4&#8243;][vc_single_image image=&#8221;5282&#8243; img_size=&#8221;full&#8221;][\/vc_column_inner][vc_column_inner width=&#8221;3\/4&#8243;][mk_fancy_title tag_name=&#8221;h3&#8243; color=&#8221;#78bac6&#8243; size=&#8221;24&#8243; font_weight=&#8221;600&#8243; margin_bottom=&#8221;0&#8243; font_family=&#8221;Lato&#8221; font_type=&#8221;google&#8221; responsive_align=&#8221;left&#8221;]\u00c1sa Brynj\u00f3lfsd\u00f3ttir[\/mk_fancy_title][vc_column_text css=&#8221;.vc_custom_1655898269277{margin-bottom: 0px !important;}&#8221;]<strong>Skincare research &amp; development<\/strong><\/p>\n<p>\u201cBlue Lagoon is a unique example in the world of sustainable development and the cascade utilization of geothermal resources. Vigorous research and development are key prerequisites for the dynamic innovation work that characterizes the company. The impact of our activities on the quality of life, community and nature has always been a concern of ours. At the Medical Clinic where the quality of life of individuals with psoriasis is greatly improved, natural skin products are prepared using sustainable methods so that you can enjoy the unique effects of the Blue Lagoon\u2019s geothermal seawater anywhere in the world and all of the diverse jobs that have been created through the cascade utilization of specific geothermal streams clearly bear witness to that. Humankind\u2019s connection to nature is the key to an enhanced quality of life and thus overall prosperity.\u201d[\/vc_column_text][vc_empty_space height=&#8221;40px&#8221;][\/vc_column_inner][\/vc_row_inner][vc_empty_space height=&#8221;80px&#8221;][\/vc_column][\/mk_page_section][vc_row fullwidth=&#8221;true&#8221; equal_columns=&#8221;true&#8221; attached=&#8221;true&#8221; css=&#8221;.vc_custom_1616682744057{margin-bottom: -10px !important;padding-bottom: 0px !important;}&#8221; el_class=&#8221;bottom_buttons_section&#8221;][vc_column width=&#8221;1\/2&#8243;][mk_button dimension=&#8221;flat&#8221; size=&#8221;xx-large&#8221; icon=&#8221;mk-jupiter-icon-arrow-left&#8221; icon_anim=&#8221;side&#8221; url=&#8221;https:\/\/arsskyrsla2021.bluelagoon.is\/en\/community-projects\/&#8221; fullwidth=&#8221;true&#8221; margin_bottom=&#8221;0&#8243; bg_color=&#8221;#ededed&#8221; btn_hover_bg=&#8221;#ededed&#8221; text_color=&#8221;dark&#8221;]COMMUNITY PROJECTS | go back[\/mk_button][\/vc_column][vc_column width=&#8221;1\/2&#8243;][mk_button dimension=&#8221;flat&#8221; size=&#8221;xx-large&#8221; icon=&#8221;mk-jupiter-icon-arrow-right&#8221; icon_anim=&#8221;side&#8221; url=&#8221;https:\/\/arsskyrsla2021.bluelagoon.is\/en\/stakeholder-engagement\/&#8221; align=&#8221;right&#8221; fullwidth=&#8221;true&#8221; margin_bottom=&#8221;0&#8243; text_color=&#8221;dark&#8221;]STAKEHOLDER ENGAGEMENT | read next[\/mk_button][\/vc_column][\/vc_row]\n<\/div>","protected":false},"excerpt":{"rendered":"<p>[mk_page_section bg_image=&#8221;https:\/\/arsskyrsla2021.bluelagoon.is\/wp-content\/uploads\/2022\/03\/jpg-1-scaled.jpg&#8221; bg_position=&#8221;center center&#8221; bg_repeat=&#8221;no-repeat&#8221; bg_stretch=&#8221;true&#8221; enable_3d=&#8221;true&#8221; video_color_mask=&#8221;#000000&#8243; video_opacity=&#8221;0&#8243; min_height=&#8221;550&#8243; full_height=&#8221;true&#8221; skip_arrow=&#8221;true&#8221; top_shape_color=&#8221;#ffffff&#8221; bottom_shape_color=&#8221;#ffffff&#8221; first_page=&#8221;false&#8221; last_page=&#8221;false&#8221; sidebar=&#8221;sidebar-1&#8243;][vc_column][vc_row_inner][vc_column_inner width=&#8221;1\/2&#8243;][mk_fancy_title tag_name=&#8221;h1&#8243; color=&#8221;#ffffff&#8221; size=&#8221;45&#8243; force_font_size=&#8221;true&#8221; size_phone=&#8221;40&#8243; font_weight=&#8221;400&#8243; txt_transform=&#8221;none&#8221; margin_bottom=&#8221;0&#8243; font_family=&#8221;Lato&#8221; font_type=&#8221;google&#8221; animation=&#8221;flip-x&#8221; el_class=&#8221;skuggi-texti&#8221;]Research and Development[\/mk_fancy_title][mk_fancy_title color=&#8221;#ffffff&#8221; size=&#8221;34&#8243; force_font_size=&#8221;true&#8221; size_phone=&#8221;24&#8243; font_weight=&#8221;300&#8243; font_style=&#8221;italic&#8221; txt_transform=&#8221;none&#8221; margin_bottom=&#8221;0&#8243; font_family=&#8221;Lato&#8221; font_type=&#8221;google&#8221; animation=&#8221;flip-x&#8221; el_class=&#8221;skuggi-texti&#8221;]\u201cScientific and theoretical research has been conducted at Blue Lagoon for over [&hellip;]<\/p>\n","protected":false},"author":1,"featured_media":0,"parent":0,"menu_order":0,"comment_status":"closed","ping_status":"closed","template":"","meta":{"_monsterinsights_skip_tracking":false,"_monsterinsights_sitenote_active":false,"_monsterinsights_sitenote_note":"","_monsterinsights_sitenote_category":0,"footnotes":""},"class_list":["post-8093","page","type-page","status-publish","hentry"],"yoast_head":"<!-- This site is optimized with the Yoast SEO plugin v27.3 - https:\/\/yoast.com\/product\/yoast-seo-wordpress\/ -->\n<title>Research and Development - \u00c1rssk\u00fdrsla Bl\u00e1a L\u00f3nsins 2021<\/title>\n<meta name=\"description\" content=\"\u00c1rs- og samf\u00e9lagssk\u00fdrsla Bl\u00e1a L\u00f3nsins - Blue Lagoon 2021. Uppl\u00fdsingar um starfsemi fyrirt\u00e6kisins \u00e1 \u00e1rinu 2021 \u00e1samt fj\u00e1rhagsuppl\u00fdsingum.\" \/>\n<meta name=\"robots\" content=\"index, follow, max-snippet:-1, max-image-preview:large, max-video-preview:-1\" \/>\n<link rel=\"canonical\" href=\"https:\/\/arsskyrsla2021.bluelagoon.is\/en\/research-and-development\/\" \/>\n<meta property=\"og:locale\" content=\"en_US\" \/>\n<meta property=\"og:type\" content=\"article\" \/>\n<meta property=\"og:title\" content=\"Research and Development - \u00c1rssk\u00fdrsla Bl\u00e1a L\u00f3nsins 2021\" \/>\n<meta property=\"og:description\" content=\"\u00c1rs- og samf\u00e9lagssk\u00fdrsla Bl\u00e1a L\u00f3nsins - Blue Lagoon 2021. Uppl\u00fdsingar um starfsemi fyrirt\u00e6kisins \u00e1 \u00e1rinu 2021 \u00e1samt fj\u00e1rhagsuppl\u00fdsingum.\" \/>\n<meta property=\"og:url\" content=\"https:\/\/arsskyrsla2021.bluelagoon.is\/en\/research-and-development\/\" \/>\n<meta property=\"og:site_name\" content=\"\u00c1rssk\u00fdrsla Bl\u00e1a L\u00f3nsins 2021\" \/>\n<meta property=\"article:modified_time\" content=\"2022-06-23T12:07:08+00:00\" \/>\n<meta name=\"twitter:card\" content=\"summary_large_image\" \/>\n<meta name=\"twitter:label1\" content=\"Est. reading time\" \/>\n\t<meta name=\"twitter:data1\" content=\"5 minutes\" \/>\n<script type=\"application\/ld+json\" class=\"yoast-schema-graph\">{\"@context\":\"https:\\\/\\\/schema.org\",\"@graph\":[{\"@type\":\"WebPage\",\"@id\":\"https:\\\/\\\/arsskyrsla2021.bluelagoon.is\\\/en\\\/research-and-development\\\/\",\"url\":\"https:\\\/\\\/arsskyrsla2021.bluelagoon.is\\\/en\\\/research-and-development\\\/\",\"name\":\"Research and Development - \u00c1rssk\u00fdrsla Bl\u00e1a L\u00f3nsins 2021\",\"isPartOf\":{\"@id\":\"https:\\\/\\\/arsskyrsla2021.bluelagoon.is\\\/#website\"},\"datePublished\":\"2020-03-06T14:53:46+00:00\",\"dateModified\":\"2022-06-23T12:07:08+00:00\",\"description\":\"\u00c1rs- og samf\u00e9lagssk\u00fdrsla Bl\u00e1a L\u00f3nsins - Blue Lagoon 2021. Uppl\u00fdsingar um starfsemi fyrirt\u00e6kisins \u00e1 \u00e1rinu 2021 \u00e1samt fj\u00e1rhagsuppl\u00fdsingum.\",\"breadcrumb\":{\"@id\":\"https:\\\/\\\/arsskyrsla2021.bluelagoon.is\\\/en\\\/research-and-development\\\/#breadcrumb\"},\"inLanguage\":\"en-US\",\"potentialAction\":[{\"@type\":\"ReadAction\",\"target\":[\"https:\\\/\\\/arsskyrsla2021.bluelagoon.is\\\/en\\\/research-and-development\\\/\"]}]},{\"@type\":\"BreadcrumbList\",\"@id\":\"https:\\\/\\\/arsskyrsla2021.bluelagoon.is\\\/en\\\/research-and-development\\\/#breadcrumb\",\"itemListElement\":[{\"@type\":\"ListItem\",\"position\":1,\"name\":\"Home\",\"item\":\"https:\\\/\\\/arsskyrsla2021.bluelagoon.is\\\/en\\\/\"},{\"@type\":\"ListItem\",\"position\":2,\"name\":\"Research and Development\"}]},{\"@type\":\"WebSite\",\"@id\":\"https:\\\/\\\/arsskyrsla2021.bluelagoon.is\\\/#website\",\"url\":\"https:\\\/\\\/arsskyrsla2021.bluelagoon.is\\\/\",\"name\":\"\u00c1rssk\u00fdrsla Bl\u00e1a L\u00f3nsins 2021\",\"description\":\"\",\"publisher\":{\"@id\":\"https:\\\/\\\/arsskyrsla2021.bluelagoon.is\\\/#organization\"},\"potentialAction\":[{\"@type\":\"SearchAction\",\"target\":{\"@type\":\"EntryPoint\",\"urlTemplate\":\"https:\\\/\\\/arsskyrsla2021.bluelagoon.is\\\/?s={search_term_string}\"},\"query-input\":{\"@type\":\"PropertyValueSpecification\",\"valueRequired\":true,\"valueName\":\"search_term_string\"}}],\"inLanguage\":\"en-US\"},{\"@type\":\"Organization\",\"@id\":\"https:\\\/\\\/arsskyrsla2021.bluelagoon.is\\\/#organization\",\"name\":\"Bl\u00e1a L\u00f3ni\u00f0\",\"url\":\"https:\\\/\\\/arsskyrsla2021.bluelagoon.is\\\/\",\"logo\":{\"@type\":\"ImageObject\",\"inLanguage\":\"en-US\",\"@id\":\"https:\\\/\\\/arsskyrsla2021.bluelagoon.is\\\/#\\\/schema\\\/logo\\\/image\\\/\",\"url\":\"http:\\\/\\\/arsskyrsla2021.bluelagoon.is\\\/wp-content\\\/uploads\\\/2016\\\/04\\\/Blue-lagoon-Dark-Logo.png\",\"contentUrl\":\"http:\\\/\\\/arsskyrsla2021.bluelagoon.is\\\/wp-content\\\/uploads\\\/2016\\\/04\\\/Blue-lagoon-Dark-Logo.png\",\"width\":200,\"height\":120,\"caption\":\"Bl\u00e1a L\u00f3ni\u00f0\"},\"image\":{\"@id\":\"https:\\\/\\\/arsskyrsla2021.bluelagoon.is\\\/#\\\/schema\\\/logo\\\/image\\\/\"}}]}<\/script>\n<!-- \/ Yoast SEO plugin. -->","yoast_head_json":{"title":"Research and Development - \u00c1rssk\u00fdrsla Bl\u00e1a L\u00f3nsins 2021","description":"\u00c1rs- og samf\u00e9lagssk\u00fdrsla Bl\u00e1a L\u00f3nsins - Blue Lagoon 2021. Uppl\u00fdsingar um starfsemi fyrirt\u00e6kisins \u00e1 \u00e1rinu 2021 \u00e1samt fj\u00e1rhagsuppl\u00fdsingum.","robots":{"index":"index","follow":"follow","max-snippet":"max-snippet:-1","max-image-preview":"max-image-preview:large","max-video-preview":"max-video-preview:-1"},"canonical":"https:\/\/arsskyrsla2021.bluelagoon.is\/en\/research-and-development\/","og_locale":"en_US","og_type":"article","og_title":"Research and Development - \u00c1rssk\u00fdrsla Bl\u00e1a L\u00f3nsins 2021","og_description":"\u00c1rs- og samf\u00e9lagssk\u00fdrsla Bl\u00e1a L\u00f3nsins - Blue Lagoon 2021. Uppl\u00fdsingar um starfsemi fyrirt\u00e6kisins \u00e1 \u00e1rinu 2021 \u00e1samt fj\u00e1rhagsuppl\u00fdsingum.","og_url":"https:\/\/arsskyrsla2021.bluelagoon.is\/en\/research-and-development\/","og_site_name":"\u00c1rssk\u00fdrsla Bl\u00e1a L\u00f3nsins 2021","article_modified_time":"2022-06-23T12:07:08+00:00","twitter_card":"summary_large_image","twitter_misc":{"Est. reading time":"5 minutes"},"schema":{"@context":"https:\/\/schema.org","@graph":[{"@type":"WebPage","@id":"https:\/\/arsskyrsla2021.bluelagoon.is\/en\/research-and-development\/","url":"https:\/\/arsskyrsla2021.bluelagoon.is\/en\/research-and-development\/","name":"Research and Development - \u00c1rssk\u00fdrsla Bl\u00e1a L\u00f3nsins 2021","isPartOf":{"@id":"https:\/\/arsskyrsla2021.bluelagoon.is\/#website"},"datePublished":"2020-03-06T14:53:46+00:00","dateModified":"2022-06-23T12:07:08+00:00","description":"\u00c1rs- og samf\u00e9lagssk\u00fdrsla Bl\u00e1a L\u00f3nsins - Blue Lagoon 2021. Uppl\u00fdsingar um starfsemi fyrirt\u00e6kisins \u00e1 \u00e1rinu 2021 \u00e1samt fj\u00e1rhagsuppl\u00fdsingum.","breadcrumb":{"@id":"https:\/\/arsskyrsla2021.bluelagoon.is\/en\/research-and-development\/#breadcrumb"},"inLanguage":"en-US","potentialAction":[{"@type":"ReadAction","target":["https:\/\/arsskyrsla2021.bluelagoon.is\/en\/research-and-development\/"]}]},{"@type":"BreadcrumbList","@id":"https:\/\/arsskyrsla2021.bluelagoon.is\/en\/research-and-development\/#breadcrumb","itemListElement":[{"@type":"ListItem","position":1,"name":"Home","item":"https:\/\/arsskyrsla2021.bluelagoon.is\/en\/"},{"@type":"ListItem","position":2,"name":"Research and Development"}]},{"@type":"WebSite","@id":"https:\/\/arsskyrsla2021.bluelagoon.is\/#website","url":"https:\/\/arsskyrsla2021.bluelagoon.is\/","name":"\u00c1rssk\u00fdrsla Bl\u00e1a L\u00f3nsins 2021","description":"","publisher":{"@id":"https:\/\/arsskyrsla2021.bluelagoon.is\/#organization"},"potentialAction":[{"@type":"SearchAction","target":{"@type":"EntryPoint","urlTemplate":"https:\/\/arsskyrsla2021.bluelagoon.is\/?s={search_term_string}"},"query-input":{"@type":"PropertyValueSpecification","valueRequired":true,"valueName":"search_term_string"}}],"inLanguage":"en-US"},{"@type":"Organization","@id":"https:\/\/arsskyrsla2021.bluelagoon.is\/#organization","name":"Bl\u00e1a L\u00f3ni\u00f0","url":"https:\/\/arsskyrsla2021.bluelagoon.is\/","logo":{"@type":"ImageObject","inLanguage":"en-US","@id":"https:\/\/arsskyrsla2021.bluelagoon.is\/#\/schema\/logo\/image\/","url":"https:\/\/arsskyrsla2021.bluelagoon.is\/wp-content\/uploads\/2016\/04\/Blue-lagoon-Dark-Logo.png","contentUrl":"https:\/\/arsskyrsla2021.bluelagoon.is\/wp-content\/uploads\/2016\/04\/Blue-lagoon-Dark-Logo.png","width":200,"height":120,"caption":"Bl\u00e1a L\u00f3ni\u00f0"},"image":{"@id":"https:\/\/arsskyrsla2021.bluelagoon.is\/#\/schema\/logo\/image\/"}}]}},"_links":{"self":[{"href":"https:\/\/arsskyrsla2021.bluelagoon.is\/en\/wp-json\/wp\/v2\/pages\/8093","targetHints":{"allow":["GET"]}}],"collection":[{"href":"https:\/\/arsskyrsla2021.bluelagoon.is\/en\/wp-json\/wp\/v2\/pages"}],"about":[{"href":"https:\/\/arsskyrsla2021.bluelagoon.is\/en\/wp-json\/wp\/v2\/types\/page"}],"author":[{"embeddable":true,"href":"https:\/\/arsskyrsla2021.bluelagoon.is\/en\/wp-json\/wp\/v2\/users\/1"}],"replies":[{"embeddable":true,"href":"https:\/\/arsskyrsla2021.bluelagoon.is\/en\/wp-json\/wp\/v2\/comments?post=8093"}],"version-history":[{"count":10,"href":"https:\/\/arsskyrsla2021.bluelagoon.is\/en\/wp-json\/wp\/v2\/pages\/8093\/revisions"}],"predecessor-version":[{"id":8417,"href":"https:\/\/arsskyrsla2021.bluelagoon.is\/en\/wp-json\/wp\/v2\/pages\/8093\/revisions\/8417"}],"wp:attachment":[{"href":"https:\/\/arsskyrsla2021.bluelagoon.is\/en\/wp-json\/wp\/v2\/media?parent=8093"}],"curies":[{"name":"wp","href":"https:\/\/api.w.org\/{rel}","templated":true}]}}