{"id":8062,"date":"2022-01-31T09:44:12","date_gmt":"2022-01-31T09:44:12","guid":{"rendered":"https:\/\/arsskyrsla2021.bluelagoon.is\/virdisauki\/"},"modified":"2022-06-23T11:49:10","modified_gmt":"2022-06-23T11:49:10","slug":"shared-value","status":"publish","type":"page","link":"https:\/\/arsskyrsla2021.bluelagoon.is\/en\/shared-value\/","title":{"rendered":"Shared Value"},"content":{"rendered":"<div class=\"wpb-content-wrapper\">[mk_page_section bg_image=&#8221;https:\/\/arsskyrsla2021.bluelagoon.is\/wp-content\/uploads\/2022\/04\/retreat_12-scaled.jpg&#8221; bg_position=&#8221;center center&#8221; bg_repeat=&#8221;no-repeat&#8221; bg_stretch=&#8221;true&#8221; enable_3d=&#8221;true&#8221; video_color_mask=&#8221;#000000&#8243; video_opacity=&#8221;0.1&#8243; min_height=&#8221;550&#8243; full_height=&#8221;true&#8221; skip_arrow=&#8221;true&#8221; top_shape_color=&#8221;#ffffff&#8221; bottom_shape_color=&#8221;#ffffff&#8221; first_page=&#8221;false&#8221; last_page=&#8221;false&#8221; sidebar=&#8221;sidebar-1&#8243;][vc_column][vc_row_inner][vc_column_inner width=&#8221;1\/2&#8243;][mk_fancy_title tag_name=&#8221;h1&#8243; color=&#8221;#ffffff&#8221; size=&#8221;45&#8243; force_font_size=&#8221;true&#8221; size_phone=&#8221;40&#8243; font_weight=&#8221;400&#8243; txt_transform=&#8221;none&#8221; margin_bottom=&#8221;0&#8243; font_family=&#8221;Lato&#8221; font_type=&#8221;google&#8221; animation=&#8221;flip-x&#8221; el_class=&#8221;skuggi-texti&#8221;]Shared Value[\/mk_fancy_title][mk_fancy_title color=&#8221;#ffffff&#8221; size=&#8221;34&#8243; force_font_size=&#8221;true&#8221; size_phone=&#8221;24&#8243; font_weight=&#8221;300&#8243; font_style=&#8221;italic&#8221; txt_transform=&#8221;none&#8221; margin_bottom=&#8221;0&#8243; font_family=&#8221;Lato&#8221; font_type=&#8221;google&#8221; animation=&#8221;flip-x&#8221; el_class=&#8221;skuggi-texti&#8221;]<em>&#8220;The positive economic impact of the Blue Lagoon on society as a whole is immense.&#8221;<\/em>[\/mk_fancy_title][\/vc_column_inner][vc_column_inner width=&#8221;1\/2&#8243;][\/vc_column_inner][\/vc_row_inner][\/vc_column][\/mk_page_section][mk_page_section bg_color=&#8221;#ffffff&#8221; el_class=&#8221;Pagesection-Graphs&#8221; sidebar=&#8221;sidebar-1&#8243;][vc_column][vc_empty_space height=&#8221;80px&#8221;][vc_row_inner][vc_column_inner width=&#8221;1\/6&#8243;][\/vc_column_inner][vc_column_inner width=&#8221;2\/3&#8243;][mk_fancy_title size=&#8221;28&#8243; margin_bottom=&#8221;0&#8243; font_family=&#8221;Lato&#8221; font_type=&#8221;google&#8221; align=&#8221;center&#8221;]Economic impact[\/mk_fancy_title][mk_divider style=&#8221;thick_solid&#8221; divider_width=&#8221;custom_width&#8221; custom_width=&#8221;60&#8243; border_color=&#8221;#2d2926&#8243; margin_top=&#8221;5&#8243; margin_bottom=&#8221;5&#8243;][vc_empty_space height=&#8221;40px&#8221;][vc_column_text css=&#8221;.vc_custom_1653662007693{margin-bottom: 0px !important;}&#8221;]Despite the uncertainty that has accompanied COVID-19, closures from October 2020 until mid-2021, and restrictions imposed on the company\u2019s operations as a result, the Blue Lagoon has managed to adjust its activities and strengthen its foundations so that the positive impact of operations on the community was immense in 2021, just like previous years.<\/p>\n<p>The company\u2019s tax footprint amounted to ISK 1.8 billion in 2021.\u00a0 At the same time, the Blue Lagoon managed to maintain employment agreements with an average of 396 employees during the year, despite closures in the first half of the year.<\/p>\n<p>The Blue Lagoon focuses on doing business that creates shared value among stakeholders, especially the local community. This is a sensible approach. By buying almost all fresh produce from nearby suppliers, the quality is guaranteed at the same time as promoting local development and safer access to products.[\/vc_column_text][vc_empty_space height=&#8221;80px&#8221;][\/vc_column_inner][vc_column_inner width=&#8221;1\/6&#8243;][\/vc_column_inner][\/vc_row_inner][\/vc_column][\/mk_page_section][mk_page_section bg_image=&#8221;https:\/\/arsskyrsla2021.bluelagoon.is\/wp-content\/uploads\/2020\/03\/dji_0081-1.jpg&#8221; bg_position=&#8221;center center&#8221; bg_repeat=&#8221;no-repeat&#8221; bg_stretch=&#8221;true&#8221; min_height=&#8221;800&#8243; el_class=&#8221;PageSection-Mynd-Mobile&#8221; sidebar=&#8221;sidebar-1&#8243;][vc_column][\/vc_column][\/mk_page_section][mk_page_section el_class=&#8221;Pagesection-Graphs&#8221; sidebar=&#8221;sidebar-1&#8243;][vc_column][vc_empty_space height=&#8221;80px&#8221;][mk_fancy_title size=&#8221;28&#8243; margin_bottom=&#8221;0&#8243; font_family=&#8221;Lato&#8221; font_type=&#8221;google&#8221; align=&#8221;center&#8221;]Shared value[\/mk_fancy_title][mk_divider style=&#8221;thick_solid&#8221; divider_width=&#8221;custom_width&#8221; custom_width=&#8221;60&#8243; border_color=&#8221;#2d2926&#8243; margin_top=&#8221;5&#8243; margin_bottom=&#8221;5&#8243;][vc_empty_space height=&#8221;20px&#8221;][vc_row_inner][vc_column_inner][vc_column_text el_class=&#8221;Text-block-Textalign&#8221; css=&#8221;.vc_custom_1653662080243{margin-bottom: 0px !important;}&#8221;]The Blue Lagoon creates tremendous shared value for society, since it has such a great economic impact on both the national economy as a whole and the local community in particular. Last year, the company\u2019s economic contribution amounted 104% of its turnover, i.e. ISK 7.5 billion.[\/vc_column_text][\/vc_column_inner][\/vc_row_inner][vc_row_inner][vc_column_inner width=&#8221;11\/12&#8243;][mk_table]\n<table style=\"width: 100%; height: 213px;\" width=\"100%\">\n<thead>\n<tr style=\"height: 26px;\">\n<th style=\"width: 44.8291%; text-align: left; height: 26px;\"><span style=\"font-size: 14pt;\">DIRECT ECONOMIC VALUE IN MILLION ISK*<\/span><\/th>\n<th style=\"width: 5.07672%; text-align: left;\"><span style=\"font-size: 14pt;\">2021<\/span><\/th>\n<th style=\"width: 3.6466%; text-align: left; height: 26px;\"><span style=\"font-size: 14pt;\">2020<\/span><\/th>\n<th style=\"width: 3.6466%; text-align: left;\">% growth 2020-2021<\/th>\n<\/tr>\n<\/thead>\n<tbody>\n<tr>\n<td style=\"width: 44.8291%; text-align: left;\"><strong>REVENUE<\/strong><\/td>\n<td style=\"width: 5.07672%; text-align: left;\"><strong>7.224<\/strong><\/td>\n<td style=\"width: 3.6466%; text-align: left;\"><strong>5.074<\/strong><\/td>\n<td style=\"width: 3.6466%; text-align: left;\"><strong>42%<\/strong><\/td>\n<\/tr>\n<tr style=\"height: 23px;\">\n<td style=\"width: 44.8291%; text-align: left; height: 23px;\">OPERATING COSTS**<\/td>\n<td style=\"width: 5.07672%; text-align: left;\">3.171<\/td>\n<td style=\"width: 3.6466%; text-align: left; height: 23px;\">2.872<\/td>\n<td style=\"width: 3.6466%; text-align: left;\">10%<\/td>\n<\/tr>\n<tr style=\"height: 23px;\">\n<td style=\"width: 44.8291%; text-align: left; height: 23px;\">WAGES AND SALARIES<\/td>\n<td style=\"width: 5.07672%; text-align: left;\">3.731<\/td>\n<td style=\"width: 3.6466%; text-align: left; height: 23px;\">4.146<\/td>\n<td style=\"width: 3.6466%; text-align: left;\">&#8211; 10%<\/td>\n<\/tr>\n<tr>\n<td style=\"width: 44.8291%; text-align: left;\">DIVIDENDS TO SHAREHOLDERS<\/td>\n<td style=\"width: 5.07672%; text-align: left;\">0<\/td>\n<td style=\"width: 3.6466%; text-align: left;\">0<\/td>\n<td style=\"width: 3.6466%; text-align: left;\">0%<\/td>\n<\/tr>\n<tr style=\"height: 23px;\">\n<td style=\"width: 44.8291%; text-align: left; height: 23px;\">VAT PAYMENTS<\/td>\n<td style=\"width: 5.07672%; text-align: left;\">421<\/td>\n<td style=\"width: 3.6466%; text-align: left; height: 23px;\">168<\/td>\n<td style=\"width: 3.6466%; text-align: left;\">&#8211; 151%<\/td>\n<\/tr>\n<tr>\n<td style=\"width: 44.8291%; text-align: left;\">PROPERTY TAX<\/td>\n<td style=\"width: 5.07672%; text-align: left;\">129<\/td>\n<td style=\"width: 3.6466%; text-align: left;\">116<\/td>\n<td style=\"width: 3.6466%; text-align: left;\">\u00a011%<\/td>\n<\/tr>\n<tr style=\"height: 23px;\">\n<td style=\"width: 44.8291%; text-align: left; height: 23px;\">INCOME TAX<\/td>\n<td style=\"width: 5.07672%; text-align: left;\">0<\/td>\n<td style=\"width: 3.6466%; text-align: left; height: 23px;\">0<\/td>\n<td style=\"width: 3.6466%; text-align: left;\">0%<\/td>\n<\/tr>\n<tr>\n<td style=\"width: 44.8291%; text-align: left;\">COMMUNITY GRANTS<\/td>\n<td style=\"width: 5.07672%; text-align: left;\">48<\/td>\n<td style=\"width: 3.6466%; text-align: left;\">72<\/td>\n<td style=\"width: 3.6466%; text-align: left;\">&#8211; 33%<\/td>\n<\/tr>\n<tr style=\"height: 23px;\">\n<td style=\"width: 44.8291%; text-align: left; height: 23px;\"><strong>TOTAL ECONOMIC CONTRIBUTION<\/strong><\/td>\n<td style=\"width: 5.07672%; text-align: left;\"><strong>7.512<\/strong><\/td>\n<td style=\"width: 3.6466%; text-align: left; height: 23px;\"><strong>7.374<\/strong><\/td>\n<td style=\"width: 3.6466%; text-align: left;\"><strong>2%<\/strong><\/td>\n<\/tr>\n<tr style=\"height: 23px;\">\n<td style=\"width: 44.8291%; text-align: left; height: 23px;\">ECONOMIC BENEFITS<\/td>\n<td style=\"width: 5.07672%; text-align: left;\">&#8211; 288<\/td>\n<td style=\"width: 3.6466%; text-align: left; height: 23px;\">&#8211; 2.300<\/td>\n<td style=\"width: 3.6466%; text-align: left;\">\u00a0 -87%<\/td>\n<\/tr>\n<tr style=\"height: 23px;\">\n<td style=\"width: 44.8291%; text-align: left; height: 23px;\"><strong>PROPORTION OF ECONOMIC CONTRIBUTION<\/strong><\/td>\n<td style=\"width: 5.07672%; text-align: left;\"><strong>104%<\/strong><\/td>\n<td style=\"width: 3.6466%; text-align: left; height: 23px;\"><strong>145%<\/strong><\/td>\n<td style=\"width: 3.6466%; text-align: left;\"><strong>\u00a0-28%<\/strong><\/td>\n<\/tr>\n<\/tbody>\n<\/table>\n<p><span style=\"font-size: 12pt;\"><em>* Average exchange rate EUR\/ISK = 150,19<\/em><\/span><br \/>\n<span style=\"font-size: 12pt;\"><em>** Without depreciation<\/em><\/span>[\/mk_table][\/vc_column_inner][\/vc_row_inner][\/vc_column][\/mk_page_section][mk_page_section bg_image=&#8221;https:\/\/arsskyrsla2021.bluelagoon.is\/wp-content\/uploads\/2021\/03\/r-barstofu-retreat_se-ut-1.jpg&#8221; bg_position=&#8221;center center&#8221; bg_stretch=&#8221;true&#8221; min_height=&#8221;800&#8243; full_width=&#8221;true&#8221; el_class=&#8221;PageSection-Mynd-Mobile&#8221; sidebar=&#8221;sidebar-1&#8243;][vc_column][\/vc_column][\/mk_page_section][mk_page_section sidebar=&#8221;sidebar-1&#8243;][vc_column][vc_empty_space height=&#8221;80px&#8221;][mk_fancy_title size=&#8221;28&#8243; font_family=&#8221;Lato&#8221; font_type=&#8221;google&#8221; align=&#8221;center&#8221;]Local procurement[\/mk_fancy_title][mk_divider style=&#8221;thick_solid&#8221; divider_width=&#8221;custom_width&#8221; custom_width=&#8221;60&#8243; border_color=&#8221;#2d2926&#8243; margin_top=&#8221;5&#8243; margin_bottom=&#8221;5&#8243;][vc_empty_space height=&#8221;40px&#8221;][vc_row_inner][vc_column_inner width=&#8221;1\/6&#8243;][\/vc_column_inner][vc_column_inner width=&#8221;2\/3&#8243;][vc_column_text css=&#8221;.vc_custom_1653662882299{margin-bottom: 0px !important;}&#8221;]The positive effects of the operations of the Blue Lagoon are great, whether one looks at society as a whole or the local community in particular. Last year, for example, the Blue Lagoon traded goods and services from suppliers for a value of about ISK 3 billion. Of these, 19% of the transactions took place within the local community, which is Reykjanes: Grindav\u00edk, Reykjanesb\u00e6r, Vogar, Sandger\u00f0i, Gar\u00f0ur and Keflav\u00edk Airport.<\/p>\n<p>The Blue Lagoon annually analyzes the distribution of its suppliers and contractors to monitor their distribution. The following map shows the distribution of suppliers and contractors for 2021.<\/p>\n<p>Location of the Blue Lagoon\u2019s main suppliers:[\/vc_column_text][vc_single_image image=&#8221;6601&#8243; img_size=&#8221;full&#8221; alignment=&#8221;center&#8221;][\/vc_column_inner][vc_column_inner width=&#8221;1\/6&#8243;][\/vc_column_inner][vc_column_inner][vc_single_image image=&#8221;7167&#8243; img_size=&#8221;600&#215;400&#8243; alignment=&#8221;center&#8221;][\/vc_column_inner][\/vc_row_inner][vc_empty_space height=&#8221;80px&#8221;][vc_empty_space height=&#8221;80px&#8221;][\/vc_column][\/mk_page_section][vc_row fullwidth=&#8221;true&#8221; equal_columns=&#8221;true&#8221; attached=&#8221;true&#8221; css=&#8221;.vc_custom_1616682675327{margin-bottom: -10px !important;padding-bottom: 0px !important;}&#8221; el_class=&#8221;bottom_buttons_section&#8221;][vc_column width=&#8221;1\/2&#8243;][mk_button dimension=&#8221;flat&#8221; size=&#8221;xx-large&#8221; icon=&#8221;mk-jupiter-icon-arrow-left&#8221; icon_anim=&#8221;side&#8221; url=&#8221;https:\/\/arsskyrsla2021.bluelagoon.is\/en\/financial-performance\/&#8221; fullwidth=&#8221;true&#8221; margin_bottom=&#8221;0&#8243; bg_color=&#8221;#ededed&#8221; btn_hover_bg=&#8221;#ededed&#8221; text_color=&#8221;dark&#8221;]FINANCIAL PERFORMANCES | go back[\/mk_button][\/vc_column][vc_column width=&#8221;1\/2&#8243;][mk_button dimension=&#8221;flat&#8221; size=&#8221;xx-large&#8221; icon=&#8221;mk-jupiter-icon-arrow-right&#8221; icon_anim=&#8221;side&#8221; url=&#8221;https:\/\/arsskyrsla2021.bluelagoon.is\/en\/previous-reports\/&#8221; align=&#8221;right&#8221; fullwidth=&#8221;true&#8221; margin_bottom=&#8221;0&#8243; text_color=&#8221;dark&#8221;]PREVIOUS REPORTS | read next[\/mk_button][\/vc_column][\/vc_row]\n<\/div>","protected":false},"excerpt":{"rendered":"<p>[mk_page_section bg_image=&#8221;https:\/\/arsskyrsla2021.bluelagoon.is\/wp-content\/uploads\/2022\/04\/retreat_12-scaled.jpg&#8221; bg_position=&#8221;center center&#8221; bg_repeat=&#8221;no-repeat&#8221; bg_stretch=&#8221;true&#8221; enable_3d=&#8221;true&#8221; video_color_mask=&#8221;#000000&#8243; video_opacity=&#8221;0.1&#8243; min_height=&#8221;550&#8243; full_height=&#8221;true&#8221; skip_arrow=&#8221;true&#8221; top_shape_color=&#8221;#ffffff&#8221; bottom_shape_color=&#8221;#ffffff&#8221; first_page=&#8221;false&#8221; last_page=&#8221;false&#8221; sidebar=&#8221;sidebar-1&#8243;][vc_column][vc_row_inner][vc_column_inner width=&#8221;1\/2&#8243;][mk_fancy_title tag_name=&#8221;h1&#8243; color=&#8221;#ffffff&#8221; size=&#8221;45&#8243; force_font_size=&#8221;true&#8221; size_phone=&#8221;40&#8243; font_weight=&#8221;400&#8243; txt_transform=&#8221;none&#8221; margin_bottom=&#8221;0&#8243; font_family=&#8221;Lato&#8221; font_type=&#8221;google&#8221; animation=&#8221;flip-x&#8221; el_class=&#8221;skuggi-texti&#8221;]Shared Value[\/mk_fancy_title][mk_fancy_title color=&#8221;#ffffff&#8221; size=&#8221;34&#8243; force_font_size=&#8221;true&#8221; size_phone=&#8221;24&#8243; font_weight=&#8221;300&#8243; font_style=&#8221;italic&#8221; txt_transform=&#8221;none&#8221; margin_bottom=&#8221;0&#8243; font_family=&#8221;Lato&#8221; font_type=&#8221;google&#8221; animation=&#8221;flip-x&#8221; el_class=&#8221;skuggi-texti&#8221;]&#8220;The positive economic impact of the Blue Lagoon on society as a whole [&hellip;]<\/p>\n","protected":false},"author":1,"featured_media":0,"parent":0,"menu_order":0,"comment_status":"closed","ping_status":"closed","template":"","meta":{"_monsterinsights_skip_tracking":false,"_monsterinsights_sitenote_active":false,"_monsterinsights_sitenote_note":"","_monsterinsights_sitenote_category":0,"footnotes":""},"class_list":["post-8062","page","type-page","status-publish","hentry"],"yoast_head":"<!-- This site is optimized with the Yoast SEO plugin v27.3 - https:\/\/yoast.com\/product\/yoast-seo-wordpress\/ -->\n<title>Shared Value - \u00c1rssk\u00fdrsla Bl\u00e1a L\u00f3nsins 2021<\/title>\n<meta name=\"description\" content=\"\u00c1rssk\u00fdrsla Bl\u00e1a L\u00f3nsins - Blue Lagoon 2021. Helstu uppl\u00fdsingar um starfsemi fyrirt\u00e6kisins \u00e1 \u00e1rinu 2021 \u00e1samt helstu fj\u00e1rhagsuppl\u00fdsingum.\" \/>\n<meta name=\"robots\" content=\"index, follow, max-snippet:-1, max-image-preview:large, max-video-preview:-1\" \/>\n<link rel=\"canonical\" href=\"https:\/\/arsskyrsla2021.bluelagoon.is\/en\/shared-value\/\" \/>\n<meta property=\"og:locale\" content=\"en_US\" \/>\n<meta property=\"og:type\" content=\"article\" \/>\n<meta property=\"og:title\" content=\"Shared Value - \u00c1rssk\u00fdrsla Bl\u00e1a L\u00f3nsins 2021\" \/>\n<meta property=\"og:description\" content=\"\u00c1rssk\u00fdrsla Bl\u00e1a L\u00f3nsins - Blue Lagoon 2021. Helstu uppl\u00fdsingar um starfsemi fyrirt\u00e6kisins \u00e1 \u00e1rinu 2021 \u00e1samt helstu fj\u00e1rhagsuppl\u00fdsingum.\" \/>\n<meta property=\"og:url\" content=\"https:\/\/arsskyrsla2021.bluelagoon.is\/en\/shared-value\/\" \/>\n<meta property=\"og:site_name\" content=\"\u00c1rssk\u00fdrsla Bl\u00e1a L\u00f3nsins 2021\" \/>\n<meta property=\"article:modified_time\" content=\"2022-06-23T11:49:10+00:00\" \/>\n<meta name=\"twitter:card\" content=\"summary_large_image\" \/>\n<meta name=\"twitter:label1\" content=\"Est. reading time\" \/>\n\t<meta name=\"twitter:data1\" content=\"3 minutes\" \/>\n<script type=\"application\/ld+json\" class=\"yoast-schema-graph\">{\"@context\":\"https:\\\/\\\/schema.org\",\"@graph\":[{\"@type\":\"WebPage\",\"@id\":\"https:\\\/\\\/arsskyrsla2021.bluelagoon.is\\\/en\\\/shared-value\\\/\",\"url\":\"https:\\\/\\\/arsskyrsla2021.bluelagoon.is\\\/en\\\/shared-value\\\/\",\"name\":\"Shared Value - \u00c1rssk\u00fdrsla Bl\u00e1a L\u00f3nsins 2021\",\"isPartOf\":{\"@id\":\"https:\\\/\\\/arsskyrsla2021.bluelagoon.is\\\/#website\"},\"datePublished\":\"2022-01-31T09:44:12+00:00\",\"dateModified\":\"2022-06-23T11:49:10+00:00\",\"description\":\"\u00c1rssk\u00fdrsla Bl\u00e1a L\u00f3nsins - Blue Lagoon 2021. Helstu uppl\u00fdsingar um starfsemi fyrirt\u00e6kisins \u00e1 \u00e1rinu 2021 \u00e1samt helstu fj\u00e1rhagsuppl\u00fdsingum.\",\"breadcrumb\":{\"@id\":\"https:\\\/\\\/arsskyrsla2021.bluelagoon.is\\\/en\\\/shared-value\\\/#breadcrumb\"},\"inLanguage\":\"en-US\",\"potentialAction\":[{\"@type\":\"ReadAction\",\"target\":[\"https:\\\/\\\/arsskyrsla2021.bluelagoon.is\\\/en\\\/shared-value\\\/\"]}]},{\"@type\":\"BreadcrumbList\",\"@id\":\"https:\\\/\\\/arsskyrsla2021.bluelagoon.is\\\/en\\\/shared-value\\\/#breadcrumb\",\"itemListElement\":[{\"@type\":\"ListItem\",\"position\":1,\"name\":\"Home\",\"item\":\"https:\\\/\\\/arsskyrsla2021.bluelagoon.is\\\/en\\\/\"},{\"@type\":\"ListItem\",\"position\":2,\"name\":\"Shared Value\"}]},{\"@type\":\"WebSite\",\"@id\":\"https:\\\/\\\/arsskyrsla2021.bluelagoon.is\\\/#website\",\"url\":\"https:\\\/\\\/arsskyrsla2021.bluelagoon.is\\\/\",\"name\":\"\u00c1rssk\u00fdrsla Bl\u00e1a L\u00f3nsins 2021\",\"description\":\"\",\"publisher\":{\"@id\":\"https:\\\/\\\/arsskyrsla2021.bluelagoon.is\\\/#organization\"},\"potentialAction\":[{\"@type\":\"SearchAction\",\"target\":{\"@type\":\"EntryPoint\",\"urlTemplate\":\"https:\\\/\\\/arsskyrsla2021.bluelagoon.is\\\/?s={search_term_string}\"},\"query-input\":{\"@type\":\"PropertyValueSpecification\",\"valueRequired\":true,\"valueName\":\"search_term_string\"}}],\"inLanguage\":\"en-US\"},{\"@type\":\"Organization\",\"@id\":\"https:\\\/\\\/arsskyrsla2021.bluelagoon.is\\\/#organization\",\"name\":\"Bl\u00e1a L\u00f3ni\u00f0\",\"url\":\"https:\\\/\\\/arsskyrsla2021.bluelagoon.is\\\/\",\"logo\":{\"@type\":\"ImageObject\",\"inLanguage\":\"en-US\",\"@id\":\"https:\\\/\\\/arsskyrsla2021.bluelagoon.is\\\/#\\\/schema\\\/logo\\\/image\\\/\",\"url\":\"http:\\\/\\\/arsskyrsla2021.bluelagoon.is\\\/wp-content\\\/uploads\\\/2016\\\/04\\\/Blue-lagoon-Dark-Logo.png\",\"contentUrl\":\"http:\\\/\\\/arsskyrsla2021.bluelagoon.is\\\/wp-content\\\/uploads\\\/2016\\\/04\\\/Blue-lagoon-Dark-Logo.png\",\"width\":200,\"height\":120,\"caption\":\"Bl\u00e1a L\u00f3ni\u00f0\"},\"image\":{\"@id\":\"https:\\\/\\\/arsskyrsla2021.bluelagoon.is\\\/#\\\/schema\\\/logo\\\/image\\\/\"}}]}<\/script>\n<!-- \/ Yoast SEO plugin. -->","yoast_head_json":{"title":"Shared Value - \u00c1rssk\u00fdrsla Bl\u00e1a L\u00f3nsins 2021","description":"\u00c1rssk\u00fdrsla Bl\u00e1a L\u00f3nsins - Blue Lagoon 2021. Helstu uppl\u00fdsingar um starfsemi fyrirt\u00e6kisins \u00e1 \u00e1rinu 2021 \u00e1samt helstu fj\u00e1rhagsuppl\u00fdsingum.","robots":{"index":"index","follow":"follow","max-snippet":"max-snippet:-1","max-image-preview":"max-image-preview:large","max-video-preview":"max-video-preview:-1"},"canonical":"https:\/\/arsskyrsla2021.bluelagoon.is\/en\/shared-value\/","og_locale":"en_US","og_type":"article","og_title":"Shared Value - \u00c1rssk\u00fdrsla Bl\u00e1a L\u00f3nsins 2021","og_description":"\u00c1rssk\u00fdrsla Bl\u00e1a L\u00f3nsins - Blue Lagoon 2021. Helstu uppl\u00fdsingar um starfsemi fyrirt\u00e6kisins \u00e1 \u00e1rinu 2021 \u00e1samt helstu fj\u00e1rhagsuppl\u00fdsingum.","og_url":"https:\/\/arsskyrsla2021.bluelagoon.is\/en\/shared-value\/","og_site_name":"\u00c1rssk\u00fdrsla Bl\u00e1a L\u00f3nsins 2021","article_modified_time":"2022-06-23T11:49:10+00:00","twitter_card":"summary_large_image","twitter_misc":{"Est. reading time":"3 minutes"},"schema":{"@context":"https:\/\/schema.org","@graph":[{"@type":"WebPage","@id":"https:\/\/arsskyrsla2021.bluelagoon.is\/en\/shared-value\/","url":"https:\/\/arsskyrsla2021.bluelagoon.is\/en\/shared-value\/","name":"Shared Value - \u00c1rssk\u00fdrsla Bl\u00e1a L\u00f3nsins 2021","isPartOf":{"@id":"https:\/\/arsskyrsla2021.bluelagoon.is\/#website"},"datePublished":"2022-01-31T09:44:12+00:00","dateModified":"2022-06-23T11:49:10+00:00","description":"\u00c1rssk\u00fdrsla Bl\u00e1a L\u00f3nsins - Blue Lagoon 2021. Helstu uppl\u00fdsingar um starfsemi fyrirt\u00e6kisins \u00e1 \u00e1rinu 2021 \u00e1samt helstu fj\u00e1rhagsuppl\u00fdsingum.","breadcrumb":{"@id":"https:\/\/arsskyrsla2021.bluelagoon.is\/en\/shared-value\/#breadcrumb"},"inLanguage":"en-US","potentialAction":[{"@type":"ReadAction","target":["https:\/\/arsskyrsla2021.bluelagoon.is\/en\/shared-value\/"]}]},{"@type":"BreadcrumbList","@id":"https:\/\/arsskyrsla2021.bluelagoon.is\/en\/shared-value\/#breadcrumb","itemListElement":[{"@type":"ListItem","position":1,"name":"Home","item":"https:\/\/arsskyrsla2021.bluelagoon.is\/en\/"},{"@type":"ListItem","position":2,"name":"Shared Value"}]},{"@type":"WebSite","@id":"https:\/\/arsskyrsla2021.bluelagoon.is\/#website","url":"https:\/\/arsskyrsla2021.bluelagoon.is\/","name":"\u00c1rssk\u00fdrsla Bl\u00e1a L\u00f3nsins 2021","description":"","publisher":{"@id":"https:\/\/arsskyrsla2021.bluelagoon.is\/#organization"},"potentialAction":[{"@type":"SearchAction","target":{"@type":"EntryPoint","urlTemplate":"https:\/\/arsskyrsla2021.bluelagoon.is\/?s={search_term_string}"},"query-input":{"@type":"PropertyValueSpecification","valueRequired":true,"valueName":"search_term_string"}}],"inLanguage":"en-US"},{"@type":"Organization","@id":"https:\/\/arsskyrsla2021.bluelagoon.is\/#organization","name":"Bl\u00e1a L\u00f3ni\u00f0","url":"https:\/\/arsskyrsla2021.bluelagoon.is\/","logo":{"@type":"ImageObject","inLanguage":"en-US","@id":"https:\/\/arsskyrsla2021.bluelagoon.is\/#\/schema\/logo\/image\/","url":"https:\/\/arsskyrsla2021.bluelagoon.is\/wp-content\/uploads\/2016\/04\/Blue-lagoon-Dark-Logo.png","contentUrl":"https:\/\/arsskyrsla2021.bluelagoon.is\/wp-content\/uploads\/2016\/04\/Blue-lagoon-Dark-Logo.png","width":200,"height":120,"caption":"Bl\u00e1a L\u00f3ni\u00f0"},"image":{"@id":"https:\/\/arsskyrsla2021.bluelagoon.is\/#\/schema\/logo\/image\/"}}]}},"_links":{"self":[{"href":"https:\/\/arsskyrsla2021.bluelagoon.is\/en\/wp-json\/wp\/v2\/pages\/8062","targetHints":{"allow":["GET"]}}],"collection":[{"href":"https:\/\/arsskyrsla2021.bluelagoon.is\/en\/wp-json\/wp\/v2\/pages"}],"about":[{"href":"https:\/\/arsskyrsla2021.bluelagoon.is\/en\/wp-json\/wp\/v2\/types\/page"}],"author":[{"embeddable":true,"href":"https:\/\/arsskyrsla2021.bluelagoon.is\/en\/wp-json\/wp\/v2\/users\/1"}],"replies":[{"embeddable":true,"href":"https:\/\/arsskyrsla2021.bluelagoon.is\/en\/wp-json\/wp\/v2\/comments?post=8062"}],"version-history":[{"count":6,"href":"https:\/\/arsskyrsla2021.bluelagoon.is\/en\/wp-json\/wp\/v2\/pages\/8062\/revisions"}],"predecessor-version":[{"id":8410,"href":"https:\/\/arsskyrsla2021.bluelagoon.is\/en\/wp-json\/wp\/v2\/pages\/8062\/revisions\/8410"}],"wp:attachment":[{"href":"https:\/\/arsskyrsla2021.bluelagoon.is\/en\/wp-json\/wp\/v2\/media?parent=8062"}],"curies":[{"name":"wp","href":"https:\/\/api.w.org\/{rel}","templated":true}]}}