{"id":8034,"date":"2016-04-22T10:10:50","date_gmt":"2016-04-22T10:10:50","guid":{"rendered":"https:\/\/arsskyrsla2021.bluelagoon.is\/veitingastadir\/"},"modified":"2022-06-23T09:45:23","modified_gmt":"2022-06-23T09:45:23","slug":"restaurants","status":"publish","type":"page","link":"https:\/\/arsskyrsla2021.bluelagoon.is\/en\/restaurants\/","title":{"rendered":"Restaurants"},"content":{"rendered":"<div class=\"wpb-content-wrapper\">[mk_page_section bg_image_portrait=&#8221;https:\/\/arsskyrsla2021.bluelagoon.is\/wp-content\/uploads\/2019\/06\/veitingar.jpg&#8221; bg_position=&#8221;center top&#8221; bg_repeat=&#8221;no-repeat&#8221; bg_stretch=&#8221;true&#8221; enable_3d=&#8221;true&#8221; bg_video=&#8221;yes&#8221; mp4=&#8221;https:\/\/arsskyrsla2021.bluelagoon.is\/wp-content\/uploads\/2019\/05\/blaa-lonid-arsskyrsla-2018-compressed.mp4&#8243; video_color_mask=&#8221;#000000&#8243; video_opacity=&#8221;0&#8243; min_height=&#8221;550&#8243; full_height=&#8221;true&#8221; skip_arrow=&#8221;true&#8221; top_shape_color=&#8221;#ffffff&#8221; bottom_shape_color=&#8221;#ffffff&#8221; first_page=&#8221;false&#8221; last_page=&#8221;false&#8221; sidebar=&#8221;sidebar-1&#8243;][vc_column][vc_row_inner][vc_column_inner width=&#8221;1\/2&#8243;][mk_fancy_title tag_name=&#8221;h1&#8243; color=&#8221;#ffffff&#8221; size=&#8221;45&#8243; force_font_size=&#8221;true&#8221; size_phone=&#8221;40&#8243; font_weight=&#8221;400&#8243; txt_transform=&#8221;none&#8221; margin_bottom=&#8221;0&#8243; font_family=&#8221;Lato&#8221; font_type=&#8221;google&#8221; animation=&#8221;flip-x&#8221; el_class=&#8221;skuggi-texti&#8221;]Restaurants[\/mk_fancy_title][mk_fancy_title color=&#8221;#ffffff&#8221; size=&#8221;34&#8243; force_font_size=&#8221;true&#8221; size_phone=&#8221;24&#8243; font_weight=&#8221;300&#8243; font_style=&#8221;italic&#8221; txt_transform=&#8221;none&#8221; margin_bottom=&#8221;0&#8243; font_family=&#8221;Lato&#8221; font_type=&#8221;google&#8221; animation=&#8221;flip-x&#8221; el_class=&#8221;skuggi-texti&#8221;]<em>\u201cBlue Lagoon\u2019s restaurants are driven by culinary ambition, the quality of their selection of ingredients and professional service in a unique environment.\u201d<\/em>[\/mk_fancy_title][mk_fancy_title color=&#8221;#ffffff&#8221; size=&#8221;34&#8243; force_font_size=&#8221;true&#8221; size_phone=&#8221;24&#8243; font_weight=&#8221;300&#8243; font_style=&#8221;italic&#8221; txt_transform=&#8221;none&#8221; margin_bottom=&#8221;0&#8243; font_family=&#8221;Lato&#8221; font_type=&#8221;google&#8221; animation=&#8221;flip-x&#8221; el_class=&#8221;skuggi-texti&#8221;][\/mk_fancy_title][\/vc_column_inner][vc_column_inner width=&#8221;1\/2&#8243;][\/vc_column_inner][\/vc_row_inner][\/vc_column][\/mk_page_section][mk_page_section sidebar=&#8221;sidebar-1&#8243;][vc_column][vc_empty_space height=&#8221;80px&#8221;][vc_row_inner][vc_column_inner][vc_column_text css=&#8221;.vc_custom_1655976933088{margin-bottom: 0px !important;}&#8221;]Blue Lagoon has focused on attracting leading professionals in the field of cuisine and serving. The company has fostered a very fruitful collaboration with the Hotel and Restaurant School of K\u00f3pavogur College. Although operations were at an all-time low in the first half of the year, the Blue Lagoon placed an emphasis on continuing to support those students who were already under contract with the company. This ensured that the students could stay on track and complete their studies on time.<\/p>\n<p>Blue Lagoon operates three restaurants in its experience spaces and one caf\u00e9, as well as breakfast at Silica Hotel and Retreat Hotel. The restaurant department also runs a staff canteen called <em>Bl\u00e1beri\u00f0<\/em> (The Blueberry).<\/p>\n<p>The activity of the restaurants increased in line with the activity of Blue Lagoon and hotels from the middle of the year. Emphasis was placed on flexibility and creating synergies in the operation of units, without compromising on quality and ambition.[\/vc_column_text][\/vc_column_inner][\/vc_row_inner][\/vc_column][\/mk_page_section][vc_row][vc_column][vc_empty_space height=&#8221;80px&#8221;][\/vc_column][\/vc_row][mk_page_section bg_image=&#8221;https:\/\/arsskyrsla2021.bluelagoon.is\/wp-content\/uploads\/2021\/03\/dsc09751.jpg&#8221; bg_position=&#8221;center center&#8221; bg_repeat=&#8221;no-repeat&#8221; bg_stretch=&#8221;true&#8221; enable_3d=&#8221;true&#8221; video_color_mask=&#8221;#000000&#8243; video_opacity=&#8221;0&#8243; min_height=&#8221;800&#8243; top_shape_color=&#8221;#ffffff&#8221; bottom_shape_color=&#8221;#ffffff&#8221; el_class=&#8221;PageSection-Mynd-Mobile&#8221; first_page=&#8221;false&#8221; last_page=&#8221;false&#8221; sidebar=&#8221;sidebar-1&#8243;][vc_column][\/vc_column][\/mk_page_section][vc_row][vc_column][vc_empty_space height=&#8221;80px&#8221;][\/vc_column][\/vc_row][mk_page_section sidebar=&#8221;sidebar-1&#8243;][vc_column][mk_fancy_title color=&#8221;#404040&#8243; size=&#8221;28&#8243; font_weight=&#8221;400&#8243; margin_bottom=&#8221;0&#8243; font_family=&#8221;none&#8221; align=&#8221;center&#8221;]Moss Restaurant[\/mk_fancy_title][mk_divider style=&#8221;thick_solid&#8221; divider_width=&#8221;custom_width&#8221; custom_width=&#8221;60&#8243; border_color=&#8221;#2d2926&#8243; margin_top=&#8221;15&#8243; margin_bottom=&#8221;35&#8243;][\/vc_column][\/mk_page_section][vc_row][vc_column width=&#8221;5\/12&#8243;][mk_custom_box padding_vertical=&#8221;0&#8243; padding_horizental=&#8221;40&#8243; margin_bottom=&#8221;0&#8243; bg_color=&#8221;#78bac6&#8243;][mk_padding_divider][vc_single_image image=&#8221;6264&#8243; img_size=&#8221;full&#8221;][mk_blockquote font_family=&#8221;none&#8221; font_size_combat=&#8221;true&#8221; text_size=&#8221;15&#8243; el_class=&#8221;quote&#8221;]&#8221;One of the best meals and best presentation of food, in my life.&#8221;<\/p>\n<p><span style=\"color: #808080;\"><em>July 2021 \u2022 Review on Tripadvisor<\/em><\/span><\/p>\n<p>&nbsp;<\/p>\n<p>&#8220;Very well done &#8211; excellent food and service&#8221;<\/p>\n<p><span style=\"color: #808080;\"><em>October 2021 \u2022 Review on Tripadvisor<\/em><\/span>[\/mk_blockquote][\/mk_custom_box][\/vc_column][vc_column width=&#8221;7\/12&#8243;][vc_column_text css=&#8221;.vc_custom_1653489357735{margin-bottom: 0px !important;}&#8221;]The Moss restaurant re-opened after an 8-month closure as soon as the Retreat Hotel opened in early July 2021. The place has proven to be one of the best restaurants in the country. It has received Michelin recognition for two years in a row now.\u00a0Its focus is on fresh seasonal ingredients and a unique dining experience. An important part of the guest\u2019s journey is a unique wine cellar which contains between 5,000\u20136,000 bottles of wine of about 500 different vintages.<\/p>\n<p>Moss Restaurant is open 5 days a week and hotel guests are given priority in table bookings, since there is, almost without exception, always a waiting list for a table at Moss Restaurant.[\/vc_column_text][\/vc_column][\/vc_row][vc_row][vc_column][vc_empty_space height=&#8221;80px&#8221;][\/vc_column][\/vc_row][mk_page_section bg_image=&#8221;https:\/\/arsskyrsla2021.bluelagoon.is\/wp-content\/uploads\/2022\/04\/lava1.jpg&#8221; bg_position=&#8221;center bottom&#8221; bg_repeat=&#8221;no-repeat&#8221; bg_stretch=&#8221;true&#8221; enable_3d=&#8221;true&#8221; video_color_mask=&#8221;#000000&#8243; video_opacity=&#8221;0&#8243; min_height=&#8221;800&#8243; top_shape_color=&#8221;#ffffff&#8221; bottom_shape_color=&#8221;#ffffff&#8221; el_class=&#8221;PageSection-Mynd-Mobile&#8221; first_page=&#8221;false&#8221; last_page=&#8221;false&#8221; sidebar=&#8221;sidebar-1&#8243;][vc_column][\/vc_column][\/mk_page_section][vc_row][vc_column][vc_empty_space height=&#8221;80px&#8221;][\/vc_column][\/vc_row][mk_page_section sidebar=&#8221;sidebar-1&#8243;][vc_column][mk_fancy_title color=&#8221;#404040&#8243; size=&#8221;28&#8243; font_weight=&#8221;400&#8243; margin_bottom=&#8221;0&#8243; font_family=&#8221;none&#8221; align=&#8221;center&#8221;]Lava Restaurant[\/mk_fancy_title][mk_divider style=&#8221;thick_solid&#8221; divider_width=&#8221;custom_width&#8221; custom_width=&#8221;60&#8243; border_color=&#8221;#2d2926&#8243; margin_top=&#8221;15&#8243; margin_bottom=&#8221;35&#8243;][\/vc_column][\/mk_page_section][vc_row][vc_column width=&#8221;5\/12&#8243;][mk_custom_box padding_vertical=&#8221;0&#8243; padding_horizental=&#8221;40&#8243; margin_bottom=&#8221;0&#8243; bg_color=&#8221;#78bac6&#8243;][mk_padding_divider][vc_single_image image=&#8221;6264&#8243; img_size=&#8221;full&#8221;][mk_blockquote font_family=&#8221;none&#8221; font_size_combat=&#8221;true&#8221; text_size=&#8221;16&#8243; el_class=&#8221;quote&#8221;]&#8221;Elegant Vibes&#8221;<\/p>\n<p><span style=\"color: #808080;\"><em>August 2021 \u2022 Review on Tripadvisor<\/em><\/span><\/p>\n<p>&nbsp;<\/p>\n<p>&#8220;Gourmet food in a lovely setting&#8221;<\/p>\n<p><span style=\"color: #808080;\"><em>June 2021 \u2022 Review by Tripadvisor<\/em><\/span>[\/mk_blockquote][\/mk_custom_box][\/vc_column][vc_column width=&#8221;7\/12&#8243;][vc_column_text css=&#8221;.vc_custom_1653489407644{margin-bottom: 0px !important;}&#8221;]When the Blue Lagoon reopened, a decision was made to temporarily link the management of the Lava Restaurant to the operations of the Blue Caf\u00e9. This was done to ensure synergy and flexibility in the operation of the place during the first few weeks.<\/p>\n<p>At the same time, a thorough makeover of the Lava Restaurant was undertaken and a new and renovated space was opened to guests on 10 July. Among the innovations is an elegant bar and improved lighting, which gives the space an evocative atmosphere. The changes included doing away with tablecloths, a measure that was designed to, among other things, reduce the environmental footprint of the operation.<\/p>\n<p>The Lava Restaurant has been very well received by guests, since the emphasis is on simple dishes made from fresh high-quality Icelandic ingredients from the sea and pastures.[\/vc_column_text][\/vc_column][\/vc_row][vc_row][vc_column][vc_empty_space height=&#8221;80px&#8221;][\/vc_column][\/vc_row][mk_page_section bg_image=&#8221;https:\/\/arsskyrsla2021.bluelagoon.is\/wp-content\/uploads\/2019\/06\/lava-restaurant.jpg&#8221; bg_position=&#8221;center bottom&#8221; bg_repeat=&#8221;no-repeat&#8221; bg_stretch=&#8221;true&#8221; enable_3d=&#8221;true&#8221; video_color_mask=&#8221;#000000&#8243; video_opacity=&#8221;0&#8243; min_height=&#8221;800&#8243; top_shape_color=&#8221;#ffffff&#8221; bottom_shape_color=&#8221;#ffffff&#8221; el_class=&#8221;PageSection-Mynd-Mobile&#8221; first_page=&#8221;false&#8221; last_page=&#8221;false&#8221; sidebar=&#8221;sidebar-1&#8243;][vc_column][\/vc_column][\/mk_page_section][vc_row][vc_column][vc_empty_space height=&#8221;80px&#8221;][\/vc_column][\/vc_row][mk_page_section sidebar=&#8221;sidebar-1&#8243;][vc_column][mk_fancy_title color=&#8221;#404040&#8243; size=&#8221;28&#8243; font_weight=&#8221;400&#8243; margin_bottom=&#8221;0&#8243; font_family=&#8221;none&#8221; align=&#8221;center&#8221;]Spa Restaurant[\/mk_fancy_title][mk_divider style=&#8221;thick_solid&#8221; divider_width=&#8221;custom_width&#8221; custom_width=&#8221;60&#8243; border_color=&#8221;#2d2926&#8243; margin_top=&#8221;15&#8243; margin_bottom=&#8221;35&#8243;][vc_column_text css=&#8221;.vc_custom_1653489425178{margin-bottom: 0px !important;}&#8221;]The Spa Restaurant was opened at the same time as the Retreat Spa. It offers guests of the spa fresh and healthy dishes, as well as light snacks in a special restaurant. The Spa Restaurant also provides breakfast for hotel guests at the Retreat Hotel and refreshments in the hotel\u2019s lobby.[\/vc_column_text][\/vc_column][\/mk_page_section][vc_row][vc_column][vc_empty_space height=&#8221;80px&#8221;][\/vc_column][\/vc_row][mk_page_section bg_image=&#8221;https:\/\/arsskyrsla2021.bluelagoon.is\/wp-content\/uploads\/2018\/05\/spa-restaurant-paralax.jpg&#8221; bg_position=&#8221;center center&#8221; bg_repeat=&#8221;no-repeat&#8221; bg_stretch=&#8221;true&#8221; enable_3d=&#8221;true&#8221; video_color_mask=&#8221;#000000&#8243; video_opacity=&#8221;0&#8243; min_height=&#8221;800&#8243; top_shape_color=&#8221;#ffffff&#8221; bottom_shape_color=&#8221;#ffffff&#8221; el_class=&#8221;PageSection-Mynd-Mobile&#8221; first_page=&#8221;false&#8221; last_page=&#8221;false&#8221; sidebar=&#8221;sidebar-1&#8243;][vc_column][\/vc_column][\/mk_page_section][vc_row][vc_column][vc_empty_space height=&#8221;80px&#8221;][\/vc_column][\/vc_row][mk_page_section bg_position=&#8221;center center&#8221; bg_repeat=&#8221;no-repeat&#8221; sidebar=&#8221;sidebar-1&#8243;][vc_column][mk_fancy_title color=&#8221;#404040&#8243; size=&#8221;28&#8243; font_weight=&#8221;400&#8243; margin_bottom=&#8221;0&#8243; font_family=&#8221;none&#8221; align=&#8221;center&#8221;]Blue Caf\u00e9[\/mk_fancy_title][mk_divider style=&#8221;thick_solid&#8221; divider_width=&#8221;custom_width&#8221; custom_width=&#8221;60&#8243; border_color=&#8221;#2d2926&#8243; margin_top=&#8221;15&#8243; margin_bottom=&#8221;35&#8243;][vc_column_text css=&#8221;.vc_custom_1653489440491{margin-bottom: 0px !important;}&#8221;]At the Blue Caf\u00e9, guests of the Blue Lagoon are served light snacks, open sandwiches, drinks and coffee refreshments. Emphasis is placed on quality and good ingredients and all dishes are prepared on site in the cold kitchen. The Blue Caf\u00e9 also runs the popular Blue Lagoon bar, where guests can get refreshments outside in the lagoon.[\/vc_column_text][\/vc_column][\/mk_page_section][vc_row][vc_column][vc_empty_space height=&#8221;80px&#8221;][\/vc_column][\/vc_row][mk_page_section bg_position=&#8221;center center&#8221; bg_repeat=&#8221;no-repeat&#8221; bg_stretch=&#8221;true&#8221; enable_3d=&#8221;true&#8221; bg_video=&#8221;yes&#8221; mp4=&#8221;https:\/\/arsskyrsla2021.bluelagoon.is\/wp-content\/uploads\/2022\/04\/010_lava_cafe_steadycam_video_4k-2.mov&#8221; video_color_mask=&#8221;#000000&#8243; video_opacity=&#8221;0&#8243; min_height=&#8221;800&#8243; top_shape_color=&#8221;#ffffff&#8221; bottom_shape_color=&#8221;#ffffff&#8221; el_class=&#8221;PageSection-Mynd-Mobile&#8221; first_page=&#8221;false&#8221; last_page=&#8221;false&#8221; sidebar=&#8221;sidebar-1&#8243;][vc_column][\/vc_column][\/mk_page_section][vc_row fullwidth=&#8221;true&#8221; equal_columns=&#8221;true&#8221; attached=&#8221;true&#8221; css=&#8221;.vc_custom_1616682259329{margin-bottom: -10px !important;padding-bottom: 0px !important;}&#8221; el_class=&#8221;bottom_buttons_section&#8221;][vc_column width=&#8221;1\/2&#8243;][mk_button dimension=&#8221;flat&#8221; size=&#8221;xx-large&#8221; icon=&#8221;mk-jupiter-icon-arrow-left&#8221; icon_anim=&#8221;side&#8221; url=&#8221;https:\/\/arsskyrsla2021.bluelagoon.is\/en\/hotels\/&#8221; fullwidth=&#8221;true&#8221; margin_bottom=&#8221;0&#8243; bg_color=&#8221;#ededed&#8221; btn_hover_bg=&#8221;#ededed&#8221; text_color=&#8221;dark&#8221;]HOTELS | go back[\/mk_button][\/vc_column][vc_column width=&#8221;1\/2&#8243;][mk_button dimension=&#8221;flat&#8221; size=&#8221;xx-large&#8221; icon=&#8221;mk-jupiter-icon-arrow-right&#8221; icon_anim=&#8221;side&#8221; url=&#8221;https:\/\/arsskyrsla2021.bluelagoon.is\/en\/shops\/&#8221; align=&#8221;right&#8221; fullwidth=&#8221;true&#8221; margin_bottom=&#8221;0&#8243; text_color=&#8221;dark&#8221;]SHOPS | read next[\/mk_button][mk_button dimension=&#8221;flat&#8221; size=&#8221;xx-large&#8221; icon=&#8221;mk-jupiter-icon-arrow-right&#8221; icon_anim=&#8221;side&#8221; url=&#8221;https:\/\/arsskyrsla2021.bluelagoon.is\/en\/shops\/&#8221; align=&#8221;right&#8221; fullwidth=&#8221;true&#8221; margin_bottom=&#8221;0&#8243; text_color=&#8221;dark&#8221;]SHOPS | read next[\/mk_button][\/vc_column][\/vc_row]\n<\/div>","protected":false},"excerpt":{"rendered":"<p>[mk_page_section bg_image_portrait=&#8221;https:\/\/arsskyrsla2021.bluelagoon.is\/wp-content\/uploads\/2019\/06\/veitingar.jpg&#8221; bg_position=&#8221;center top&#8221; bg_repeat=&#8221;no-repeat&#8221; bg_stretch=&#8221;true&#8221; enable_3d=&#8221;true&#8221; bg_video=&#8221;yes&#8221; mp4=&#8221;https:\/\/arsskyrsla2021.bluelagoon.is\/wp-content\/uploads\/2019\/05\/blaa-lonid-arsskyrsla-2018-compressed.mp4&#8243; video_color_mask=&#8221;#000000&#8243; video_opacity=&#8221;0&#8243; min_height=&#8221;550&#8243; full_height=&#8221;true&#8221; skip_arrow=&#8221;true&#8221; top_shape_color=&#8221;#ffffff&#8221; bottom_shape_color=&#8221;#ffffff&#8221; first_page=&#8221;false&#8221; last_page=&#8221;false&#8221; sidebar=&#8221;sidebar-1&#8243;][vc_column][vc_row_inner][vc_column_inner width=&#8221;1\/2&#8243;][mk_fancy_title tag_name=&#8221;h1&#8243; color=&#8221;#ffffff&#8221; size=&#8221;45&#8243; force_font_size=&#8221;true&#8221; size_phone=&#8221;40&#8243; font_weight=&#8221;400&#8243; txt_transform=&#8221;none&#8221; margin_bottom=&#8221;0&#8243; font_family=&#8221;Lato&#8221; font_type=&#8221;google&#8221; animation=&#8221;flip-x&#8221; el_class=&#8221;skuggi-texti&#8221;]Restaurants[\/mk_fancy_title][mk_fancy_title color=&#8221;#ffffff&#8221; size=&#8221;34&#8243; force_font_size=&#8221;true&#8221; size_phone=&#8221;24&#8243; font_weight=&#8221;300&#8243; font_style=&#8221;italic&#8221; txt_transform=&#8221;none&#8221; margin_bottom=&#8221;0&#8243; font_family=&#8221;Lato&#8221; font_type=&#8221;google&#8221; animation=&#8221;flip-x&#8221; el_class=&#8221;skuggi-texti&#8221;]\u201cBlue Lagoon\u2019s restaurants are driven by culinary ambition, the quality of their [&hellip;]<\/p>\n","protected":false},"author":1,"featured_media":0,"parent":0,"menu_order":0,"comment_status":"closed","ping_status":"closed","template":"","meta":{"_monsterinsights_skip_tracking":false,"_monsterinsights_sitenote_active":false,"_monsterinsights_sitenote_note":"","_monsterinsights_sitenote_category":0,"footnotes":""},"class_list":["post-8034","page","type-page","status-publish","hentry"],"yoast_head":"<!-- This site is optimized with the Yoast SEO plugin v27.3 - https:\/\/yoast.com\/product\/yoast-seo-wordpress\/ -->\n<title>Restaurants - \u00c1rssk\u00fdrsla Bl\u00e1a L\u00f3nsins 2021<\/title>\n<meta name=\"description\" content=\"\u00c1rs- og samf\u00e9lagssk\u00fdrsla Bl\u00e1a L\u00f3nsins - Blue Lagoon 2021. Uppl\u00fdsingar um starfsemi fyrirt\u00e6kisins \u00e1 \u00e1rinu 2021 \u00e1samt fj\u00e1rhagsuppl\u00fdsingum.\" \/>\n<meta name=\"robots\" content=\"index, follow, max-snippet:-1, max-image-preview:large, max-video-preview:-1\" \/>\n<link rel=\"canonical\" href=\"https:\/\/arsskyrsla2021.bluelagoon.is\/en\/restaurants\/\" \/>\n<meta property=\"og:locale\" content=\"en_US\" \/>\n<meta property=\"og:type\" content=\"article\" \/>\n<meta property=\"og:title\" content=\"Restaurants - \u00c1rssk\u00fdrsla Bl\u00e1a L\u00f3nsins 2021\" \/>\n<meta property=\"og:description\" content=\"\u00c1rs- og samf\u00e9lagssk\u00fdrsla Bl\u00e1a L\u00f3nsins - Blue Lagoon 2021. Uppl\u00fdsingar um starfsemi fyrirt\u00e6kisins \u00e1 \u00e1rinu 2021 \u00e1samt fj\u00e1rhagsuppl\u00fdsingum.\" \/>\n<meta property=\"og:url\" content=\"https:\/\/arsskyrsla2021.bluelagoon.is\/en\/restaurants\/\" \/>\n<meta property=\"og:site_name\" content=\"\u00c1rssk\u00fdrsla Bl\u00e1a L\u00f3nsins 2021\" \/>\n<meta property=\"article:modified_time\" content=\"2022-06-23T09:45:23+00:00\" \/>\n<meta name=\"twitter:card\" content=\"summary_large_image\" \/>\n<meta name=\"twitter:label1\" content=\"Est. reading time\" \/>\n\t<meta name=\"twitter:data1\" content=\"4 minutes\" \/>\n<script type=\"application\/ld+json\" class=\"yoast-schema-graph\">{\"@context\":\"https:\\\/\\\/schema.org\",\"@graph\":[{\"@type\":\"WebPage\",\"@id\":\"https:\\\/\\\/arsskyrsla2021.bluelagoon.is\\\/en\\\/restaurants\\\/\",\"url\":\"https:\\\/\\\/arsskyrsla2021.bluelagoon.is\\\/en\\\/restaurants\\\/\",\"name\":\"Restaurants - \u00c1rssk\u00fdrsla Bl\u00e1a L\u00f3nsins 2021\",\"isPartOf\":{\"@id\":\"https:\\\/\\\/arsskyrsla2021.bluelagoon.is\\\/#website\"},\"datePublished\":\"2016-04-22T10:10:50+00:00\",\"dateModified\":\"2022-06-23T09:45:23+00:00\",\"description\":\"\u00c1rs- og samf\u00e9lagssk\u00fdrsla Bl\u00e1a L\u00f3nsins - Blue Lagoon 2021. Uppl\u00fdsingar um starfsemi fyrirt\u00e6kisins \u00e1 \u00e1rinu 2021 \u00e1samt fj\u00e1rhagsuppl\u00fdsingum.\",\"breadcrumb\":{\"@id\":\"https:\\\/\\\/arsskyrsla2021.bluelagoon.is\\\/en\\\/restaurants\\\/#breadcrumb\"},\"inLanguage\":\"en-US\",\"potentialAction\":[{\"@type\":\"ReadAction\",\"target\":[\"https:\\\/\\\/arsskyrsla2021.bluelagoon.is\\\/en\\\/restaurants\\\/\"]}]},{\"@type\":\"BreadcrumbList\",\"@id\":\"https:\\\/\\\/arsskyrsla2021.bluelagoon.is\\\/en\\\/restaurants\\\/#breadcrumb\",\"itemListElement\":[{\"@type\":\"ListItem\",\"position\":1,\"name\":\"Home\",\"item\":\"https:\\\/\\\/arsskyrsla2021.bluelagoon.is\\\/en\\\/\"},{\"@type\":\"ListItem\",\"position\":2,\"name\":\"Restaurants\"}]},{\"@type\":\"WebSite\",\"@id\":\"https:\\\/\\\/arsskyrsla2021.bluelagoon.is\\\/#website\",\"url\":\"https:\\\/\\\/arsskyrsla2021.bluelagoon.is\\\/\",\"name\":\"\u00c1rssk\u00fdrsla Bl\u00e1a L\u00f3nsins 2021\",\"description\":\"\",\"publisher\":{\"@id\":\"https:\\\/\\\/arsskyrsla2021.bluelagoon.is\\\/#organization\"},\"potentialAction\":[{\"@type\":\"SearchAction\",\"target\":{\"@type\":\"EntryPoint\",\"urlTemplate\":\"https:\\\/\\\/arsskyrsla2021.bluelagoon.is\\\/?s={search_term_string}\"},\"query-input\":{\"@type\":\"PropertyValueSpecification\",\"valueRequired\":true,\"valueName\":\"search_term_string\"}}],\"inLanguage\":\"en-US\"},{\"@type\":\"Organization\",\"@id\":\"https:\\\/\\\/arsskyrsla2021.bluelagoon.is\\\/#organization\",\"name\":\"Bl\u00e1a L\u00f3ni\u00f0\",\"url\":\"https:\\\/\\\/arsskyrsla2021.bluelagoon.is\\\/\",\"logo\":{\"@type\":\"ImageObject\",\"inLanguage\":\"en-US\",\"@id\":\"https:\\\/\\\/arsskyrsla2021.bluelagoon.is\\\/#\\\/schema\\\/logo\\\/image\\\/\",\"url\":\"http:\\\/\\\/arsskyrsla2021.bluelagoon.is\\\/wp-content\\\/uploads\\\/2016\\\/04\\\/Blue-lagoon-Dark-Logo.png\",\"contentUrl\":\"http:\\\/\\\/arsskyrsla2021.bluelagoon.is\\\/wp-content\\\/uploads\\\/2016\\\/04\\\/Blue-lagoon-Dark-Logo.png\",\"width\":200,\"height\":120,\"caption\":\"Bl\u00e1a L\u00f3ni\u00f0\"},\"image\":{\"@id\":\"https:\\\/\\\/arsskyrsla2021.bluelagoon.is\\\/#\\\/schema\\\/logo\\\/image\\\/\"}}]}<\/script>\n<!-- \/ Yoast SEO plugin. -->","yoast_head_json":{"title":"Restaurants - \u00c1rssk\u00fdrsla Bl\u00e1a L\u00f3nsins 2021","description":"\u00c1rs- og samf\u00e9lagssk\u00fdrsla Bl\u00e1a L\u00f3nsins - Blue Lagoon 2021. Uppl\u00fdsingar um starfsemi fyrirt\u00e6kisins \u00e1 \u00e1rinu 2021 \u00e1samt fj\u00e1rhagsuppl\u00fdsingum.","robots":{"index":"index","follow":"follow","max-snippet":"max-snippet:-1","max-image-preview":"max-image-preview:large","max-video-preview":"max-video-preview:-1"},"canonical":"https:\/\/arsskyrsla2021.bluelagoon.is\/en\/restaurants\/","og_locale":"en_US","og_type":"article","og_title":"Restaurants - \u00c1rssk\u00fdrsla Bl\u00e1a L\u00f3nsins 2021","og_description":"\u00c1rs- og samf\u00e9lagssk\u00fdrsla Bl\u00e1a L\u00f3nsins - Blue Lagoon 2021. Uppl\u00fdsingar um starfsemi fyrirt\u00e6kisins \u00e1 \u00e1rinu 2021 \u00e1samt fj\u00e1rhagsuppl\u00fdsingum.","og_url":"https:\/\/arsskyrsla2021.bluelagoon.is\/en\/restaurants\/","og_site_name":"\u00c1rssk\u00fdrsla Bl\u00e1a L\u00f3nsins 2021","article_modified_time":"2022-06-23T09:45:23+00:00","twitter_card":"summary_large_image","twitter_misc":{"Est. reading time":"4 minutes"},"schema":{"@context":"https:\/\/schema.org","@graph":[{"@type":"WebPage","@id":"https:\/\/arsskyrsla2021.bluelagoon.is\/en\/restaurants\/","url":"https:\/\/arsskyrsla2021.bluelagoon.is\/en\/restaurants\/","name":"Restaurants - \u00c1rssk\u00fdrsla Bl\u00e1a L\u00f3nsins 2021","isPartOf":{"@id":"https:\/\/arsskyrsla2021.bluelagoon.is\/#website"},"datePublished":"2016-04-22T10:10:50+00:00","dateModified":"2022-06-23T09:45:23+00:00","description":"\u00c1rs- og samf\u00e9lagssk\u00fdrsla Bl\u00e1a L\u00f3nsins - Blue Lagoon 2021. Uppl\u00fdsingar um starfsemi fyrirt\u00e6kisins \u00e1 \u00e1rinu 2021 \u00e1samt fj\u00e1rhagsuppl\u00fdsingum.","breadcrumb":{"@id":"https:\/\/arsskyrsla2021.bluelagoon.is\/en\/restaurants\/#breadcrumb"},"inLanguage":"en-US","potentialAction":[{"@type":"ReadAction","target":["https:\/\/arsskyrsla2021.bluelagoon.is\/en\/restaurants\/"]}]},{"@type":"BreadcrumbList","@id":"https:\/\/arsskyrsla2021.bluelagoon.is\/en\/restaurants\/#breadcrumb","itemListElement":[{"@type":"ListItem","position":1,"name":"Home","item":"https:\/\/arsskyrsla2021.bluelagoon.is\/en\/"},{"@type":"ListItem","position":2,"name":"Restaurants"}]},{"@type":"WebSite","@id":"https:\/\/arsskyrsla2021.bluelagoon.is\/#website","url":"https:\/\/arsskyrsla2021.bluelagoon.is\/","name":"\u00c1rssk\u00fdrsla Bl\u00e1a L\u00f3nsins 2021","description":"","publisher":{"@id":"https:\/\/arsskyrsla2021.bluelagoon.is\/#organization"},"potentialAction":[{"@type":"SearchAction","target":{"@type":"EntryPoint","urlTemplate":"https:\/\/arsskyrsla2021.bluelagoon.is\/?s={search_term_string}"},"query-input":{"@type":"PropertyValueSpecification","valueRequired":true,"valueName":"search_term_string"}}],"inLanguage":"en-US"},{"@type":"Organization","@id":"https:\/\/arsskyrsla2021.bluelagoon.is\/#organization","name":"Bl\u00e1a L\u00f3ni\u00f0","url":"https:\/\/arsskyrsla2021.bluelagoon.is\/","logo":{"@type":"ImageObject","inLanguage":"en-US","@id":"https:\/\/arsskyrsla2021.bluelagoon.is\/#\/schema\/logo\/image\/","url":"https:\/\/arsskyrsla2021.bluelagoon.is\/wp-content\/uploads\/2016\/04\/Blue-lagoon-Dark-Logo.png","contentUrl":"https:\/\/arsskyrsla2021.bluelagoon.is\/wp-content\/uploads\/2016\/04\/Blue-lagoon-Dark-Logo.png","width":200,"height":120,"caption":"Bl\u00e1a L\u00f3ni\u00f0"},"image":{"@id":"https:\/\/arsskyrsla2021.bluelagoon.is\/#\/schema\/logo\/image\/"}}]}},"_links":{"self":[{"href":"https:\/\/arsskyrsla2021.bluelagoon.is\/en\/wp-json\/wp\/v2\/pages\/8034","targetHints":{"allow":["GET"]}}],"collection":[{"href":"https:\/\/arsskyrsla2021.bluelagoon.is\/en\/wp-json\/wp\/v2\/pages"}],"about":[{"href":"https:\/\/arsskyrsla2021.bluelagoon.is\/en\/wp-json\/wp\/v2\/types\/page"}],"author":[{"embeddable":true,"href":"https:\/\/arsskyrsla2021.bluelagoon.is\/en\/wp-json\/wp\/v2\/users\/1"}],"replies":[{"embeddable":true,"href":"https:\/\/arsskyrsla2021.bluelagoon.is\/en\/wp-json\/wp\/v2\/comments?post=8034"}],"version-history":[{"count":8,"href":"https:\/\/arsskyrsla2021.bluelagoon.is\/en\/wp-json\/wp\/v2\/pages\/8034\/revisions"}],"predecessor-version":[{"id":8398,"href":"https:\/\/arsskyrsla2021.bluelagoon.is\/en\/wp-json\/wp\/v2\/pages\/8034\/revisions\/8398"}],"wp:attachment":[{"href":"https:\/\/arsskyrsla2021.bluelagoon.is\/en\/wp-json\/wp\/v2\/media?parent=8034"}],"curies":[{"name":"wp","href":"https:\/\/api.w.org\/{rel}","templated":true}]}}