{"id":8031,"date":"2016-04-18T12:28:20","date_gmt":"2016-04-18T12:28:20","guid":{"rendered":"https:\/\/arsskyrsla2021.bluelagoon.is\/hotel\/"},"modified":"2022-06-21T16:34:32","modified_gmt":"2022-06-21T16:34:32","slug":"hotels","status":"publish","type":"page","link":"https:\/\/arsskyrsla2021.bluelagoon.is\/en\/hotels\/","title":{"rendered":"Hotels"},"content":{"rendered":"<div class=\"wpb-content-wrapper\">[mk_page_section bg_image=&#8221;https:\/\/arsskyrsla2021.bluelagoon.is\/wp-content\/uploads\/2018\/05\/retreat_teaser_original.jpg&#8221; bg_position=&#8221;center center&#8221; bg_repeat=&#8221;no-repeat&#8221; bg_stretch=&#8221;true&#8221; enable_3d=&#8221;true&#8221; video_opacity=&#8221;0.2&#8243; min_height=&#8221;550&#8243; full_height=&#8221;true&#8221; padding_top=&#8221;0&#8243; padding_bottom=&#8221;0&#8243; skip_arrow=&#8221;true&#8221; top_shape_color=&#8221;#ffffff&#8221; bottom_shape_color=&#8221;#ffffff&#8221; first_page=&#8221;false&#8221; last_page=&#8221;false&#8221; sidebar=&#8221;sidebar-1&#8243;][vc_column][vc_row_inner][vc_column_inner width=&#8221;1\/2&#8243;][mk_fancy_title tag_name=&#8221;h1&#8243; color=&#8221;#ffffff&#8221; size=&#8221;45&#8243; force_font_size=&#8221;true&#8221; size_phone=&#8221;40&#8243; font_weight=&#8221;400&#8243; txt_transform=&#8221;none&#8221; margin_bottom=&#8221;0&#8243; font_family=&#8221;Lato&#8221; font_type=&#8221;google&#8221; animation=&#8221;flip-x&#8221; el_class=&#8221;skuggi-texti&#8221;]Hotels[\/mk_fancy_title][\/vc_column_inner][vc_column_inner width=&#8221;1\/2&#8243;][\/vc_column_inner][\/vc_row_inner][vc_row_inner][vc_column_inner width=&#8221;1\/2&#8243;][mk_fancy_title tag_name=&#8221;span&#8221; color=&#8221;#ffffff&#8221; size=&#8221;34&#8243; force_font_size=&#8221;true&#8221; size_phone=&#8221;24&#8243; font_weight=&#8221;300&#8243; font_style=&#8221;italic&#8221; txt_transform=&#8221;none&#8221; margin_bottom=&#8221;0&#8243; font_family=&#8221;Lato&#8221; font_type=&#8221;google&#8221; animation=&#8221;flip-x&#8221; el_class=&#8221;grimur-undirtitill&#8221;]<em>\u201cHigh quality hotel operation in a unique location.\u201d<\/em>[\/mk_fancy_title][\/vc_column_inner][vc_column_inner width=&#8221;1\/2&#8243;][\/vc_column_inner][\/vc_row_inner][\/vc_column][\/mk_page_section][vc_row][vc_column][vc_empty_space height=&#8221;80px&#8221;][\/vc_column][\/vc_row][vc_row][vc_column][vc_empty_space height=&#8221;80px&#8221;][mk_fancy_title color=&#8221;#404040&#8243; size=&#8221;28&#8243; font_weight=&#8221;400&#8243; font_family=&#8221;none&#8221; align=&#8221;center&#8221;]Retreat Hotel[\/mk_fancy_title][mk_divider style=&#8221;thick_solid&#8221; divider_width=&#8221;custom_width&#8221; custom_width=&#8221;60&#8243; border_color=&#8221;#2d2926&#8243; margin_top=&#8221;5&#8243; margin_bottom=&#8221;5&#8243;][vc_empty_space height=&#8221;40px&#8221;][\/vc_column][\/vc_row][vc_row][vc_column width=&#8221;5\/12&#8243;][mk_custom_box padding_vertical=&#8221;0&#8243; padding_horizental=&#8221;40&#8243; margin_bottom=&#8221;0&#8243; min_height=&#8221;70&#8243; bg_color=&#8221;#78bac6&#8243;][mk_padding_divider][vc_single_image image=&#8221;6264&#8243; img_size=&#8221;full&#8221;][mk_blockquote font_family=&#8221;none&#8221; font_size_combat=&#8221;true&#8221; text_size=&#8221;16&#8243; el_class=&#8221;quote&#8221;]Everything is top of the line and the entire experience just exudes luxury.<\/p>\n<p><span style=\"color: #808080;\"><em>October 2021 \u2022 Review on Tripadvisor<\/em><\/span>[\/mk_blockquote][\/mk_custom_box][\/vc_column][vc_column width=&#8221;7\/12&#8243;][vc_column_text css=&#8221;.vc_custom_1653488603375{margin-bottom: 0px !important;}&#8221;]The operation of the Retreat Hotel was successful during the year and it is clear that the hotel\u2019s good reputation has spread far and wide. The Retreat Hotel is known for its unique guest experience, service, setting, design and stunning surroundings.<\/p>\n<p>A decision was made to limit its utilization in the first months after opening, but then to gradually increase it with the aim of ensuring both quality and good visitor experience as before. At the Retreat Hotel, the emphasis is placed on providing a high-quality experience in a unique environment where the service and facilities are of the best possible standard.\u00a0 The hotel boasts 62 rooms and two restaurants. The Retreat Spa is an integral part of the experience, since hotel guests have full access to the Retreat Spa\u2019s experience areas during their stay.[\/vc_column_text][\/vc_column][\/vc_row][vc_row][vc_column][vc_empty_space height=&#8221;80px&#8221;][vc_column_text css=&#8221;.vc_custom_1653488640955{margin-bottom: 0px !important;}&#8221;]<a href=\"https:\/\/arsskyrsla2021.bluelagoon.is\/en\/awards-and-certifications\/\">View Awards<\/a>[\/vc_column_text][vc_empty_space height=&#8221;80px&#8221;][\/vc_column][\/vc_row][mk_page_section vertical_align=&#8221;center&#8221; bg_image=&#8221;https:\/\/arsskyrsla2021.bluelagoon.is\/wp-content\/uploads\/2021\/03\/retreat-hotel-yfirlitsmynd-_-se-a-utan-1.jpg&#8221; bg_position=&#8221;center top&#8221; bg_repeat=&#8221;no-repeat&#8221; bg_stretch=&#8221;true&#8221; enable_3d=&#8221;true&#8221; min_height=&#8221;800&#8243; js_vertical_centered=&#8221;true&#8221; el_class=&#8221;PageSection-Mynd-Mobile&#8221; sidebar=&#8221;sidebar-1&#8243;][vc_column][\/vc_column][\/mk_page_section][vc_row][vc_column][vc_empty_space height=&#8221;80px&#8221;][mk_fancy_title color=&#8221;#404040&#8243; size=&#8221;28&#8243; font_weight=&#8221;400&#8243; font_family=&#8221;none&#8221; align=&#8221;center&#8221;]Silica Hotel[\/mk_fancy_title][mk_divider style=&#8221;thick_solid&#8221; divider_width=&#8221;custom_width&#8221; custom_width=&#8221;60&#8243; border_color=&#8221;#2d2926&#8243; margin_top=&#8221;5&#8243; margin_bottom=&#8221;5&#8243;][vc_empty_space height=&#8221;36px&#8221;][\/vc_column][\/vc_row][vc_row][vc_column width=&#8221;5\/12&#8243;][mk_custom_box padding_vertical=&#8221;0&#8243; padding_horizental=&#8221;40&#8243; margin_bottom=&#8221;0&#8243; min_height=&#8221;69&#8243; bg_color=&#8221;#78bac6&#8243;][vc_empty_space][vc_single_image image=&#8221;6264&#8243; img_size=&#8221;full&#8221;][mk_blockquote font_family=&#8221;none&#8221; font_size_combat=&#8221;true&#8221; text_size=&#8221;16&#8243; el_class=&#8221;quote&#8221;]&#8221;Fantastic stay!&#8221;<\/p>\n<p><span style=\"color: #808080;\"><em>June 2021 \u2022 Review on Tripadvisor<\/em><\/span><\/p>\n<p>&nbsp;<\/p>\n<p>&#8220;A very special treat&#8221;<\/p>\n<p><span style=\"color: #808080;\"><em>August 2021 \u2022 Review on Tripadvisor<\/em><\/span>[\/mk_blockquote][\/mk_custom_box][\/vc_column][vc_column width=&#8221;7\/12&#8243;][vc_column_text css=&#8221;.vc_custom_1653489017397{margin-bottom: 0px !important;}&#8221;]Silica Hotel is a unique hotel where guests have access to a special private lagoon in a moss-covered lava field. The hotel was very popular with foreign guests in the years before COVID-19 and was booked out almost all year round. In June, it was decided to restart operations after the closures due to COVID-19, albeit with a limited supply of rooms. The supply was then increased as the year progressed. This was done to ensure a good guest experience and flexibility in operations, since there was a great deal of uncertainty due to ever-changing disease control measures. As of August, the hotel was operating at full capacity.<\/p>\n<p><strong>A number of changes were made to the range of services and products at Silica Hotel in the first half of the year, with a view to further enhancing the guest experience. During the year, so-called <em>Exclusive Weekends<\/em> were held with Anna Eir\u00edks, which enjoyed some popularity in the domestic market.<\/strong>[\/vc_column_text][\/vc_column][\/vc_row][vc_row fullwidth=&#8221;true&#8221;][vc_column width=&#8221;1\/4&#8243;][\/vc_column][vc_column width=&#8221;1\/2&#8243;][vc_empty_space height=&#8221;80px&#8221;][vc_column_text css=&#8221;.vc_custom_1653489037037{margin-bottom: 0px !important;}&#8221;]Silica Hotel has developed radically since it first opened in 2005. It was originally established as a Clinic Hotel, which offered treatment for psoriasis. The Clinic Hotel became Silica Hotel in 2016 with an emphasis on excellent service and the well-being of guests. Despite this change, Silica Hotel continues to receive guests for treatment since the healing power of the lagoon is utilized in the treatments.[\/vc_column_text][vc_empty_space height=&#8221;80px&#8221;][\/vc_column][vc_column width=&#8221;1\/4&#8243;][\/vc_column][\/vc_row][mk_page_section vertical_align=&#8221;center&#8221; bg_image=&#8221;https:\/\/arsskyrsla2021.bluelagoon.is\/wp-content\/uploads\/2021\/03\/silica-_-se-ut.jpg&#8221; bg_position=&#8221;center top&#8221; bg_repeat=&#8221;no-repeat&#8221; bg_stretch=&#8221;true&#8221; enable_3d=&#8221;true&#8221; min_height=&#8221;800&#8243; js_vertical_centered=&#8221;true&#8221; el_class=&#8221;PageSection-Mynd-Mobile&#8221; sidebar=&#8221;sidebar-1&#8243;][vc_column][\/vc_column][\/mk_page_section][vc_row fullwidth=&#8221;true&#8221; equal_columns=&#8221;true&#8221; attached=&#8221;true&#8221; css=&#8221;.vc_custom_1616681761335{margin-bottom: -10px !important;padding-bottom: 0px !important;}&#8221; el_class=&#8221;bottom_buttons_section&#8221;][vc_column width=&#8221;1\/2&#8243;][mk_button dimension=&#8221;flat&#8221; size=&#8221;xx-large&#8221; icon=&#8221;mk-jupiter-icon-arrow-left&#8221; icon_anim=&#8221;side&#8221; url=&#8221;https:\/\/arsskyrsla2021.bluelagoon.is\/en\/spas\/&#8221; fullwidth=&#8221;true&#8221; margin_bottom=&#8221;0&#8243; bg_color=&#8221;#ededed&#8221; btn_hover_bg=&#8221;#ededed&#8221; text_color=&#8221;dark&#8221;]SPAS | go back[\/mk_button][\/vc_column][vc_column width=&#8221;1\/2&#8243;][mk_button dimension=&#8221;flat&#8221; size=&#8221;xx-large&#8221; icon=&#8221;mk-jupiter-icon-arrow-right&#8221; icon_anim=&#8221;side&#8221; url=&#8221;https:\/\/arsskyrsla2021.bluelagoon.is\/en\/restaurants\/&#8221; align=&#8221;right&#8221; fullwidth=&#8221;true&#8221; margin_bottom=&#8221;0&#8243; text_color=&#8221;dark&#8221;]RESTAURANTS | read next[\/mk_button][\/vc_column][\/vc_row]\n<\/div>","protected":false},"excerpt":{"rendered":"<p>[mk_page_section bg_image=&#8221;https:\/\/arsskyrsla2021.bluelagoon.is\/wp-content\/uploads\/2018\/05\/retreat_teaser_original.jpg&#8221; bg_position=&#8221;center center&#8221; bg_repeat=&#8221;no-repeat&#8221; bg_stretch=&#8221;true&#8221; enable_3d=&#8221;true&#8221; video_opacity=&#8221;0.2&#8243; min_height=&#8221;550&#8243; full_height=&#8221;true&#8221; padding_top=&#8221;0&#8243; padding_bottom=&#8221;0&#8243; skip_arrow=&#8221;true&#8221; top_shape_color=&#8221;#ffffff&#8221; bottom_shape_color=&#8221;#ffffff&#8221; first_page=&#8221;false&#8221; last_page=&#8221;false&#8221; sidebar=&#8221;sidebar-1&#8243;][vc_column][vc_row_inner][vc_column_inner width=&#8221;1\/2&#8243;][mk_fancy_title tag_name=&#8221;h1&#8243; color=&#8221;#ffffff&#8221; size=&#8221;45&#8243; force_font_size=&#8221;true&#8221; size_phone=&#8221;40&#8243; font_weight=&#8221;400&#8243; txt_transform=&#8221;none&#8221; margin_bottom=&#8221;0&#8243; font_family=&#8221;Lato&#8221; font_type=&#8221;google&#8221; animation=&#8221;flip-x&#8221; el_class=&#8221;skuggi-texti&#8221;]Hotels[\/mk_fancy_title][\/vc_column_inner][vc_column_inner width=&#8221;1\/2&#8243;][\/vc_column_inner][\/vc_row_inner][vc_row_inner][vc_column_inner width=&#8221;1\/2&#8243;][mk_fancy_title tag_name=&#8221;span&#8221; color=&#8221;#ffffff&#8221; size=&#8221;34&#8243; force_font_size=&#8221;true&#8221; size_phone=&#8221;24&#8243; font_weight=&#8221;300&#8243; font_style=&#8221;italic&#8221; txt_transform=&#8221;none&#8221; margin_bottom=&#8221;0&#8243; font_family=&#8221;Lato&#8221; font_type=&#8221;google&#8221; animation=&#8221;flip-x&#8221; el_class=&#8221;grimur-undirtitill&#8221;]\u201cHigh quality hotel operation in a unique location.\u201d[\/mk_fancy_title][\/vc_column_inner][vc_column_inner width=&#8221;1\/2&#8243;][\/vc_column_inner][\/vc_row_inner][\/vc_column][\/mk_page_section][vc_row][vc_column][vc_empty_space height=&#8221;80px&#8221;][\/vc_column][\/vc_row][vc_row][vc_column][vc_empty_space [&hellip;]<\/p>\n","protected":false},"author":1,"featured_media":0,"parent":0,"menu_order":0,"comment_status":"closed","ping_status":"closed","template":"","meta":{"_monsterinsights_skip_tracking":false,"_monsterinsights_sitenote_active":false,"_monsterinsights_sitenote_note":"","_monsterinsights_sitenote_category":0,"footnotes":""},"class_list":["post-8031","page","type-page","status-publish","hentry"],"yoast_head":"<!-- This site is optimized with the Yoast SEO plugin v27.3 - https:\/\/yoast.com\/product\/yoast-seo-wordpress\/ -->\n<title>Hotels - \u00c1rssk\u00fdrsla Bl\u00e1a L\u00f3nsins 2021<\/title>\n<meta name=\"description\" content=\"\u00c1rs- og samf\u00e9lagssk\u00fdrsla Bl\u00e1a L\u00f3nsins - Blue Lagoon 2021. Uppl\u00fdsingar um starfsemi fyrirt\u00e6kisins \u00e1 \u00e1rinu 2021 \u00e1samt fj\u00e1rhagsuppl\u00fdsingum.\" \/>\n<meta name=\"robots\" content=\"index, follow, max-snippet:-1, max-image-preview:large, max-video-preview:-1\" \/>\n<link rel=\"canonical\" href=\"https:\/\/arsskyrsla2021.bluelagoon.is\/en\/hotels\/\" \/>\n<meta property=\"og:locale\" content=\"en_US\" \/>\n<meta property=\"og:type\" content=\"article\" \/>\n<meta property=\"og:title\" content=\"Hotels - \u00c1rssk\u00fdrsla Bl\u00e1a L\u00f3nsins 2021\" \/>\n<meta property=\"og:description\" content=\"\u00c1rs- og samf\u00e9lagssk\u00fdrsla Bl\u00e1a L\u00f3nsins - Blue Lagoon 2021. Uppl\u00fdsingar um starfsemi fyrirt\u00e6kisins \u00e1 \u00e1rinu 2021 \u00e1samt fj\u00e1rhagsuppl\u00fdsingum.\" \/>\n<meta property=\"og:url\" content=\"https:\/\/arsskyrsla2021.bluelagoon.is\/en\/hotels\/\" \/>\n<meta property=\"og:site_name\" content=\"\u00c1rssk\u00fdrsla Bl\u00e1a L\u00f3nsins 2021\" \/>\n<meta property=\"article:modified_time\" content=\"2022-06-21T16:34:32+00:00\" \/>\n<meta name=\"twitter:card\" content=\"summary_large_image\" \/>\n<meta name=\"twitter:label1\" content=\"Est. reading time\" \/>\n\t<meta name=\"twitter:data1\" content=\"3 minutes\" \/>\n<script type=\"application\/ld+json\" class=\"yoast-schema-graph\">{\"@context\":\"https:\\\/\\\/schema.org\",\"@graph\":[{\"@type\":\"WebPage\",\"@id\":\"https:\\\/\\\/arsskyrsla2021.bluelagoon.is\\\/en\\\/hotels\\\/\",\"url\":\"https:\\\/\\\/arsskyrsla2021.bluelagoon.is\\\/en\\\/hotels\\\/\",\"name\":\"Hotels - \u00c1rssk\u00fdrsla Bl\u00e1a L\u00f3nsins 2021\",\"isPartOf\":{\"@id\":\"https:\\\/\\\/arsskyrsla2021.bluelagoon.is\\\/#website\"},\"datePublished\":\"2016-04-18T12:28:20+00:00\",\"dateModified\":\"2022-06-21T16:34:32+00:00\",\"description\":\"\u00c1rs- og samf\u00e9lagssk\u00fdrsla Bl\u00e1a L\u00f3nsins - Blue Lagoon 2021. Uppl\u00fdsingar um starfsemi fyrirt\u00e6kisins \u00e1 \u00e1rinu 2021 \u00e1samt fj\u00e1rhagsuppl\u00fdsingum.\",\"breadcrumb\":{\"@id\":\"https:\\\/\\\/arsskyrsla2021.bluelagoon.is\\\/en\\\/hotels\\\/#breadcrumb\"},\"inLanguage\":\"en-US\",\"potentialAction\":[{\"@type\":\"ReadAction\",\"target\":[\"https:\\\/\\\/arsskyrsla2021.bluelagoon.is\\\/en\\\/hotels\\\/\"]}]},{\"@type\":\"BreadcrumbList\",\"@id\":\"https:\\\/\\\/arsskyrsla2021.bluelagoon.is\\\/en\\\/hotels\\\/#breadcrumb\",\"itemListElement\":[{\"@type\":\"ListItem\",\"position\":1,\"name\":\"Home\",\"item\":\"https:\\\/\\\/arsskyrsla2021.bluelagoon.is\\\/en\\\/\"},{\"@type\":\"ListItem\",\"position\":2,\"name\":\"Hotels\"}]},{\"@type\":\"WebSite\",\"@id\":\"https:\\\/\\\/arsskyrsla2021.bluelagoon.is\\\/#website\",\"url\":\"https:\\\/\\\/arsskyrsla2021.bluelagoon.is\\\/\",\"name\":\"\u00c1rssk\u00fdrsla Bl\u00e1a L\u00f3nsins 2021\",\"description\":\"\",\"publisher\":{\"@id\":\"https:\\\/\\\/arsskyrsla2021.bluelagoon.is\\\/#organization\"},\"potentialAction\":[{\"@type\":\"SearchAction\",\"target\":{\"@type\":\"EntryPoint\",\"urlTemplate\":\"https:\\\/\\\/arsskyrsla2021.bluelagoon.is\\\/?s={search_term_string}\"},\"query-input\":{\"@type\":\"PropertyValueSpecification\",\"valueRequired\":true,\"valueName\":\"search_term_string\"}}],\"inLanguage\":\"en-US\"},{\"@type\":\"Organization\",\"@id\":\"https:\\\/\\\/arsskyrsla2021.bluelagoon.is\\\/#organization\",\"name\":\"Bl\u00e1a L\u00f3ni\u00f0\",\"url\":\"https:\\\/\\\/arsskyrsla2021.bluelagoon.is\\\/\",\"logo\":{\"@type\":\"ImageObject\",\"inLanguage\":\"en-US\",\"@id\":\"https:\\\/\\\/arsskyrsla2021.bluelagoon.is\\\/#\\\/schema\\\/logo\\\/image\\\/\",\"url\":\"http:\\\/\\\/arsskyrsla2021.bluelagoon.is\\\/wp-content\\\/uploads\\\/2016\\\/04\\\/Blue-lagoon-Dark-Logo.png\",\"contentUrl\":\"http:\\\/\\\/arsskyrsla2021.bluelagoon.is\\\/wp-content\\\/uploads\\\/2016\\\/04\\\/Blue-lagoon-Dark-Logo.png\",\"width\":200,\"height\":120,\"caption\":\"Bl\u00e1a L\u00f3ni\u00f0\"},\"image\":{\"@id\":\"https:\\\/\\\/arsskyrsla2021.bluelagoon.is\\\/#\\\/schema\\\/logo\\\/image\\\/\"}}]}<\/script>\n<!-- \/ Yoast SEO plugin. -->","yoast_head_json":{"title":"Hotels - \u00c1rssk\u00fdrsla Bl\u00e1a L\u00f3nsins 2021","description":"\u00c1rs- og samf\u00e9lagssk\u00fdrsla Bl\u00e1a L\u00f3nsins - Blue Lagoon 2021. Uppl\u00fdsingar um starfsemi fyrirt\u00e6kisins \u00e1 \u00e1rinu 2021 \u00e1samt fj\u00e1rhagsuppl\u00fdsingum.","robots":{"index":"index","follow":"follow","max-snippet":"max-snippet:-1","max-image-preview":"max-image-preview:large","max-video-preview":"max-video-preview:-1"},"canonical":"https:\/\/arsskyrsla2021.bluelagoon.is\/en\/hotels\/","og_locale":"en_US","og_type":"article","og_title":"Hotels - \u00c1rssk\u00fdrsla Bl\u00e1a L\u00f3nsins 2021","og_description":"\u00c1rs- og samf\u00e9lagssk\u00fdrsla Bl\u00e1a L\u00f3nsins - Blue Lagoon 2021. Uppl\u00fdsingar um starfsemi fyrirt\u00e6kisins \u00e1 \u00e1rinu 2021 \u00e1samt fj\u00e1rhagsuppl\u00fdsingum.","og_url":"https:\/\/arsskyrsla2021.bluelagoon.is\/en\/hotels\/","og_site_name":"\u00c1rssk\u00fdrsla Bl\u00e1a L\u00f3nsins 2021","article_modified_time":"2022-06-21T16:34:32+00:00","twitter_card":"summary_large_image","twitter_misc":{"Est. reading time":"3 minutes"},"schema":{"@context":"https:\/\/schema.org","@graph":[{"@type":"WebPage","@id":"https:\/\/arsskyrsla2021.bluelagoon.is\/en\/hotels\/","url":"https:\/\/arsskyrsla2021.bluelagoon.is\/en\/hotels\/","name":"Hotels - \u00c1rssk\u00fdrsla Bl\u00e1a L\u00f3nsins 2021","isPartOf":{"@id":"https:\/\/arsskyrsla2021.bluelagoon.is\/#website"},"datePublished":"2016-04-18T12:28:20+00:00","dateModified":"2022-06-21T16:34:32+00:00","description":"\u00c1rs- og samf\u00e9lagssk\u00fdrsla Bl\u00e1a L\u00f3nsins - Blue Lagoon 2021. Uppl\u00fdsingar um starfsemi fyrirt\u00e6kisins \u00e1 \u00e1rinu 2021 \u00e1samt fj\u00e1rhagsuppl\u00fdsingum.","breadcrumb":{"@id":"https:\/\/arsskyrsla2021.bluelagoon.is\/en\/hotels\/#breadcrumb"},"inLanguage":"en-US","potentialAction":[{"@type":"ReadAction","target":["https:\/\/arsskyrsla2021.bluelagoon.is\/en\/hotels\/"]}]},{"@type":"BreadcrumbList","@id":"https:\/\/arsskyrsla2021.bluelagoon.is\/en\/hotels\/#breadcrumb","itemListElement":[{"@type":"ListItem","position":1,"name":"Home","item":"https:\/\/arsskyrsla2021.bluelagoon.is\/en\/"},{"@type":"ListItem","position":2,"name":"Hotels"}]},{"@type":"WebSite","@id":"https:\/\/arsskyrsla2021.bluelagoon.is\/#website","url":"https:\/\/arsskyrsla2021.bluelagoon.is\/","name":"\u00c1rssk\u00fdrsla Bl\u00e1a L\u00f3nsins 2021","description":"","publisher":{"@id":"https:\/\/arsskyrsla2021.bluelagoon.is\/#organization"},"potentialAction":[{"@type":"SearchAction","target":{"@type":"EntryPoint","urlTemplate":"https:\/\/arsskyrsla2021.bluelagoon.is\/?s={search_term_string}"},"query-input":{"@type":"PropertyValueSpecification","valueRequired":true,"valueName":"search_term_string"}}],"inLanguage":"en-US"},{"@type":"Organization","@id":"https:\/\/arsskyrsla2021.bluelagoon.is\/#organization","name":"Bl\u00e1a L\u00f3ni\u00f0","url":"https:\/\/arsskyrsla2021.bluelagoon.is\/","logo":{"@type":"ImageObject","inLanguage":"en-US","@id":"https:\/\/arsskyrsla2021.bluelagoon.is\/#\/schema\/logo\/image\/","url":"https:\/\/arsskyrsla2021.bluelagoon.is\/wp-content\/uploads\/2016\/04\/Blue-lagoon-Dark-Logo.png","contentUrl":"https:\/\/arsskyrsla2021.bluelagoon.is\/wp-content\/uploads\/2016\/04\/Blue-lagoon-Dark-Logo.png","width":200,"height":120,"caption":"Bl\u00e1a L\u00f3ni\u00f0"},"image":{"@id":"https:\/\/arsskyrsla2021.bluelagoon.is\/#\/schema\/logo\/image\/"}}]}},"_links":{"self":[{"href":"https:\/\/arsskyrsla2021.bluelagoon.is\/en\/wp-json\/wp\/v2\/pages\/8031","targetHints":{"allow":["GET"]}}],"collection":[{"href":"https:\/\/arsskyrsla2021.bluelagoon.is\/en\/wp-json\/wp\/v2\/pages"}],"about":[{"href":"https:\/\/arsskyrsla2021.bluelagoon.is\/en\/wp-json\/wp\/v2\/types\/page"}],"author":[{"embeddable":true,"href":"https:\/\/arsskyrsla2021.bluelagoon.is\/en\/wp-json\/wp\/v2\/users\/1"}],"replies":[{"embeddable":true,"href":"https:\/\/arsskyrsla2021.bluelagoon.is\/en\/wp-json\/wp\/v2\/comments?post=8031"}],"version-history":[{"count":4,"href":"https:\/\/arsskyrsla2021.bluelagoon.is\/en\/wp-json\/wp\/v2\/pages\/8031\/revisions"}],"predecessor-version":[{"id":8354,"href":"https:\/\/arsskyrsla2021.bluelagoon.is\/en\/wp-json\/wp\/v2\/pages\/8031\/revisions\/8354"}],"wp:attachment":[{"href":"https:\/\/arsskyrsla2021.bluelagoon.is\/en\/wp-json\/wp\/v2\/media?parent=8031"}],"curies":[{"name":"wp","href":"https:\/\/api.w.org\/{rel}","templated":true}]}}