{"id":8024,"date":"2022-03-23T09:29:27","date_gmt":"2022-03-23T09:29:27","guid":{"rendered":"https:\/\/arsskyrsla2021.bluelagoon.is\/verold-blaa-lonsins\/"},"modified":"2022-06-23T11:38:07","modified_gmt":"2022-06-23T11:38:07","slug":"blue-lagoon-universe","status":"publish","type":"page","link":"https:\/\/arsskyrsla2021.bluelagoon.is\/en\/blue-lagoon-universe\/","title":{"rendered":"Blue Lagoon Universe"},"content":{"rendered":"<div class=\"wpb-content-wrapper\">[mk_page_section bg_image=&#8221;https:\/\/arsskyrsla2021.bluelagoon.is\/wp-content\/uploads\/2022\/04\/retreat-spa-scaled.jpg&#8221; bg_position=&#8221;center bottom&#8221; bg_repeat=&#8221;no-repeat&#8221; bg_stretch=&#8221;true&#8221; enable_3d=&#8221;true&#8221; video_opacity=&#8221;0.2&#8243; min_height=&#8221;550&#8243; full_height=&#8221;true&#8221; skip_arrow=&#8221;true&#8221; top_shape_color=&#8221;#ffffff&#8221; bottom_shape_color=&#8221;#ffffff&#8221; first_page=&#8221;false&#8221; last_page=&#8221;false&#8221; sidebar=&#8221;sidebar-1&#8243;][vc_column][vc_row_inner][vc_column_inner width=&#8221;1\/2&#8243;][mk_fancy_title tag_name=&#8221;h1&#8243; color=&#8221;#ffffff&#8221; size=&#8221;45&#8243; force_font_size=&#8221;true&#8221; size_phone=&#8221;40&#8243; font_weight=&#8221;400&#8243; txt_transform=&#8221;none&#8221; margin_bottom=&#8221;0&#8243; font_family=&#8221;Lato&#8221; font_type=&#8221;google&#8221; responsive_align=&#8221;left&#8221; animation=&#8221;flip-x&#8221; el_class=&#8221;skuggi-texti&#8221;]Blue Lagoon Universe[\/mk_fancy_title][mk_fancy_title color=&#8221;#ffffff&#8221; size=&#8221;34&#8243; force_font_size=&#8221;true&#8221; size_phone=&#8221;24&#8243; font_weight=&#8221;300&#8243; font_style=&#8221;italic&#8221; txt_transform=&#8221;none&#8221; margin_bottom=&#8221;0&#8243; font_family=&#8221;Lato&#8221; font_type=&#8221;google&#8221; responsive_align=&#8221;left&#8221; animation=&#8221;flip-x&#8221; el_class=&#8221;grimur-undirtitill&#8221;]<em>&#8220;The unique geothermal seawater of the Blue Lagoon is an infinite source of development, whether it be for the development of different services, products or experiences.&#8221;<\/em>[\/mk_fancy_title][\/vc_column_inner][vc_column_inner width=&#8221;1\/2&#8243;][\/vc_column_inner][\/vc_row_inner][\/vc_column][\/mk_page_section][mk_page_section bg_color=&#8221;#f9f9f9&#8243; sidebar=&#8221;sidebar-1&#8243;][vc_column][mk_divider style=&#8221;padding_space&#8221; divider_width=&#8221;custom_width&#8221; custom_width=&#8221;61&#8243; margin_top=&#8221;5&#8243; margin_bottom=&#8221;5&#8243;][mk_divider style=&#8221;padding_space&#8221; divider_width=&#8221;custom_width&#8221; custom_width=&#8221;61&#8243; margin_top=&#8221;5&#8243; margin_bottom=&#8221;5&#8243;][vc_row_inner][vc_column_inner width=&#8221;1\/6&#8243;][\/vc_column_inner][vc_column_inner width=&#8221;2\/3&#8243;][vc_column_text css=&#8221;.vc_custom_1655905901210{margin-bottom: 0px !important;}&#8221;]Blue Lagoon\u2019s range of products and services is very diverse.<\/p>\n<p>However, it is all founded on the unique geothermal seawater of the Blue Lagoon, which in 2012 National Geographic named as one of the 25 wonders of the world. The remarkable ecosystem of the geothermal seawater, its active ingredients, origins and proven healing power make it unique in the world. The geothermal seawater is unparalleled.<\/p>\n<p>The geothermal seawater of the Blue Lagoon is an infinite source of development, whether it be for the development of different services, products or experiences.<\/p>\n<p>A new and revolutionary skincare line, BL+ , was introduced in the spring.\u00a0\u00a0With it, the connection between the skincare products of Blue Lagoon and Retreat is further strengthened. In the autumn, special float therapy was introduced, founded on deep relaxation, and it has been highly commended.[\/vc_column_text][\/vc_column_inner][vc_column_inner width=&#8221;1\/6&#8243;][\/vc_column_inner][\/vc_row_inner][vc_empty_space height=&#8221;40px&#8221;][vc_row_inner][vc_column_inner width=&#8221;1\/3&#8243; css=&#8221;.vc_custom_1648732047393{margin-top: 0px !important;margin-right: 0px !important;margin-bottom: 0px !important;margin-left: 0px !important;padding-top: 0px !important;padding-right: 0px !important;padding-bottom: 0px !important;padding-left: 0px !important;background-color: #ffffff !important;}&#8221;][vc_single_image image=&#8221;7105&#8243; img_size=&#8221;full&#8221; alignment=&#8221;center&#8221; onclick=&#8221;custom_link&#8221; img_link_target=&#8221;_blank&#8221; link=&#8221;https:\/\/www.bluelagoon.com\/&#8221; el_class=&#8221;image-hover&#8221; css=&#8221;.vc_custom_1648732350727{padding-top: 20px !important;}&#8221;][\/vc_column_inner][vc_column_inner width=&#8221;1\/3&#8243; css=&#8221;.vc_custom_1648732053761{margin-top: 0px !important;margin-right: 0px !important;margin-bottom: 0px !important;margin-left: 0px !important;padding-top: 0px !important;padding-right: 0px !important;padding-bottom: 0px !important;padding-left: 0px !important;background-color: #edf3f3 !important;}&#8221;][vc_single_image image=&#8221;7107&#8243; img_size=&#8221;full&#8221; alignment=&#8221;center&#8221; onclick=&#8221;custom_link&#8221; img_link_target=&#8221;_blank&#8221; link=&#8221;https:\/\/www.bluelagoon.com\/accommodation\/retreat-hotel&#8221; el_class=&#8221;image-hover&#8221; css=&#8221;.vc_custom_1648732370529{padding-top: 20px !important;}&#8221;][\/vc_column_inner][vc_column_inner width=&#8221;1\/3&#8243; css=&#8221;.vc_custom_1648732068331{margin-top: 0px !important;margin-right: 0px !important;margin-bottom: 0px !important;margin-left: 0px !important;padding-top: 0px !important;padding-right: 0px !important;padding-bottom: 0px !important;padding-left: 0px !important;background-color: #e2ebf0 !important;}&#8221;][vc_single_image image=&#8221;7109&#8243; img_size=&#8221;full&#8221; alignment=&#8221;center&#8221; onclick=&#8221;custom_link&#8221; img_link_target=&#8221;_blank&#8221; link=&#8221;https:\/\/skincare.bluelagoon.com\/is\/&#8221; el_class=&#8221;image-hover&#8221; css=&#8221;.vc_custom_1648732376318{padding-top: 20px !important;}&#8221;][\/vc_column_inner][\/vc_row_inner][vc_empty_space height=&#8221;80px&#8221;][\/vc_column][\/mk_page_section][mk_page_section bg_color=&#8221;#f9f9f9&#8243; sidebar=&#8221;sidebar-1&#8243;][vc_column][vc_video host=&#8221;self_hosted&#8221; mp4=&#8221;https:\/\/arsskyrsla2021.bluelagoon.is\/wp-content\/uploads\/2022\/03\/3pillars-v2-video-converter.com-1.mp4&#8243; autoplay=&#8221;true&#8221; loop=&#8221;true&#8221; muted=&#8221;true&#8221; hide_controls=&#8221;true&#8221;][vc_empty_space height=&#8221;80px&#8221;][\/vc_column][\/mk_page_section][vc_row fullwidth=&#8221;true&#8221; equal_columns=&#8221;true&#8221; attached=&#8221;true&#8221; css=&#8221;.vc_custom_1616680811401{margin-bottom: -10px !important;padding-bottom: 0px !important;}&#8221; el_class=&#8221;bottom_buttons_section&#8221;][vc_column width=&#8221;1\/2&#8243;][mk_button dimension=&#8221;flat&#8221; size=&#8221;xx-large&#8221; icon=&#8221;mk-jupiter-icon-arrow-left&#8221; icon_anim=&#8221;side&#8221; url=&#8221;https:\/\/arsskyrsla2021.bluelagoon.is\/en\/awards-and-certifications\/&#8221; fullwidth=&#8221;true&#8221; margin_bottom=&#8221;0&#8243; bg_color=&#8221;#ededed&#8221; btn_hover_bg=&#8221;#ededed&#8221; text_color=&#8221;dark&#8221;]AWARDS AND CERTIFICATIONS | go back[\/mk_button][\/vc_column][vc_column width=&#8221;1\/2&#8243;][mk_button dimension=&#8221;flat&#8221; size=&#8221;xx-large&#8221; icon=&#8221;mk-jupiter-icon-arrow-right&#8221; icon_anim=&#8221;side&#8221; url=&#8221;https:\/\/arsskyrsla2021.bluelagoon.is\/en\/spas\/&#8221; align=&#8221;right&#8221; fullwidth=&#8221;true&#8221; margin_bottom=&#8221;0&#8243; text_color=&#8221;dark&#8221;]SPAS | read next[\/mk_button][\/vc_column][\/vc_row]\n<\/div>","protected":false},"excerpt":{"rendered":"<p>[mk_page_section bg_image=&#8221;https:\/\/arsskyrsla2021.bluelagoon.is\/wp-content\/uploads\/2022\/04\/retreat-spa-scaled.jpg&#8221; bg_position=&#8221;center bottom&#8221; bg_repeat=&#8221;no-repeat&#8221; bg_stretch=&#8221;true&#8221; enable_3d=&#8221;true&#8221; video_opacity=&#8221;0.2&#8243; min_height=&#8221;550&#8243; full_height=&#8221;true&#8221; skip_arrow=&#8221;true&#8221; top_shape_color=&#8221;#ffffff&#8221; bottom_shape_color=&#8221;#ffffff&#8221; first_page=&#8221;false&#8221; last_page=&#8221;false&#8221; sidebar=&#8221;sidebar-1&#8243;][vc_column][vc_row_inner][vc_column_inner width=&#8221;1\/2&#8243;][mk_fancy_title tag_name=&#8221;h1&#8243; color=&#8221;#ffffff&#8221; size=&#8221;45&#8243; force_font_size=&#8221;true&#8221; size_phone=&#8221;40&#8243; font_weight=&#8221;400&#8243; txt_transform=&#8221;none&#8221; margin_bottom=&#8221;0&#8243; font_family=&#8221;Lato&#8221; font_type=&#8221;google&#8221; responsive_align=&#8221;left&#8221; animation=&#8221;flip-x&#8221; el_class=&#8221;skuggi-texti&#8221;]Blue Lagoon Universe[\/mk_fancy_title][mk_fancy_title color=&#8221;#ffffff&#8221; size=&#8221;34&#8243; force_font_size=&#8221;true&#8221; size_phone=&#8221;24&#8243; font_weight=&#8221;300&#8243; font_style=&#8221;italic&#8221; txt_transform=&#8221;none&#8221; margin_bottom=&#8221;0&#8243; font_family=&#8221;Lato&#8221; font_type=&#8221;google&#8221; responsive_align=&#8221;left&#8221; animation=&#8221;flip-x&#8221; el_class=&#8221;grimur-undirtitill&#8221;]&#8220;The unique geothermal seawater of the Blue Lagoon is an infinite [&hellip;]<\/p>\n","protected":false},"author":1,"featured_media":0,"parent":0,"menu_order":0,"comment_status":"closed","ping_status":"closed","template":"","meta":{"_monsterinsights_skip_tracking":false,"_monsterinsights_sitenote_active":false,"_monsterinsights_sitenote_note":"","_monsterinsights_sitenote_category":0,"footnotes":""},"class_list":["post-8024","page","type-page","status-publish","hentry"],"yoast_head":"<!-- This site is optimized with the Yoast SEO plugin v27.3 - https:\/\/yoast.com\/product\/yoast-seo-wordpress\/ -->\n<title>Blue Lagoon Universe - \u00c1rssk\u00fdrsla Bl\u00e1a L\u00f3nsins 2021<\/title>\n<meta name=\"description\" content=\"\u00c1rssk\u00fdrsla Bl\u00e1a L\u00f3nsins - Blue Lagoon 2021. Helstu uppl\u00fdsingar um starfsemi fyrirt\u00e6kisins \u00e1 \u00e1rinu 2021 \u00e1samt helstu fj\u00e1rhagsuppl\u00fdsingum.\" \/>\n<meta name=\"robots\" content=\"index, follow, max-snippet:-1, max-image-preview:large, max-video-preview:-1\" \/>\n<link rel=\"canonical\" href=\"https:\/\/arsskyrsla2021.bluelagoon.is\/en\/blue-lagoon-universe\/\" \/>\n<meta property=\"og:locale\" content=\"en_US\" \/>\n<meta property=\"og:type\" content=\"article\" \/>\n<meta property=\"og:title\" content=\"Blue Lagoon Universe - \u00c1rssk\u00fdrsla Bl\u00e1a L\u00f3nsins 2021\" \/>\n<meta property=\"og:description\" content=\"\u00c1rssk\u00fdrsla Bl\u00e1a L\u00f3nsins - Blue Lagoon 2021. Helstu uppl\u00fdsingar um starfsemi fyrirt\u00e6kisins \u00e1 \u00e1rinu 2021 \u00e1samt helstu fj\u00e1rhagsuppl\u00fdsingum.\" \/>\n<meta property=\"og:url\" content=\"https:\/\/arsskyrsla2021.bluelagoon.is\/en\/blue-lagoon-universe\/\" \/>\n<meta property=\"og:site_name\" content=\"\u00c1rssk\u00fdrsla Bl\u00e1a L\u00f3nsins 2021\" \/>\n<meta property=\"article:modified_time\" content=\"2022-06-23T11:38:07+00:00\" \/>\n<meta name=\"twitter:card\" content=\"summary_large_image\" \/>\n<meta name=\"twitter:label1\" content=\"Est. reading time\" \/>\n\t<meta name=\"twitter:data1\" content=\"2 minutes\" \/>\n<script type=\"application\/ld+json\" class=\"yoast-schema-graph\">{\"@context\":\"https:\\\/\\\/schema.org\",\"@graph\":[{\"@type\":\"WebPage\",\"@id\":\"https:\\\/\\\/arsskyrsla2021.bluelagoon.is\\\/en\\\/blue-lagoon-universe\\\/\",\"url\":\"https:\\\/\\\/arsskyrsla2021.bluelagoon.is\\\/en\\\/blue-lagoon-universe\\\/\",\"name\":\"Blue Lagoon Universe - \u00c1rssk\u00fdrsla Bl\u00e1a L\u00f3nsins 2021\",\"isPartOf\":{\"@id\":\"https:\\\/\\\/arsskyrsla2021.bluelagoon.is\\\/#website\"},\"datePublished\":\"2022-03-23T09:29:27+00:00\",\"dateModified\":\"2022-06-23T11:38:07+00:00\",\"description\":\"\u00c1rssk\u00fdrsla Bl\u00e1a L\u00f3nsins - Blue Lagoon 2021. Helstu uppl\u00fdsingar um starfsemi fyrirt\u00e6kisins \u00e1 \u00e1rinu 2021 \u00e1samt helstu fj\u00e1rhagsuppl\u00fdsingum.\",\"breadcrumb\":{\"@id\":\"https:\\\/\\\/arsskyrsla2021.bluelagoon.is\\\/en\\\/blue-lagoon-universe\\\/#breadcrumb\"},\"inLanguage\":\"en-US\",\"potentialAction\":[{\"@type\":\"ReadAction\",\"target\":[\"https:\\\/\\\/arsskyrsla2021.bluelagoon.is\\\/en\\\/blue-lagoon-universe\\\/\"]}]},{\"@type\":\"BreadcrumbList\",\"@id\":\"https:\\\/\\\/arsskyrsla2021.bluelagoon.is\\\/en\\\/blue-lagoon-universe\\\/#breadcrumb\",\"itemListElement\":[{\"@type\":\"ListItem\",\"position\":1,\"name\":\"Home\",\"item\":\"https:\\\/\\\/arsskyrsla2021.bluelagoon.is\\\/en\\\/\"},{\"@type\":\"ListItem\",\"position\":2,\"name\":\"Blue Lagoon Universe\"}]},{\"@type\":\"WebSite\",\"@id\":\"https:\\\/\\\/arsskyrsla2021.bluelagoon.is\\\/#website\",\"url\":\"https:\\\/\\\/arsskyrsla2021.bluelagoon.is\\\/\",\"name\":\"\u00c1rssk\u00fdrsla Bl\u00e1a L\u00f3nsins 2021\",\"description\":\"\",\"publisher\":{\"@id\":\"https:\\\/\\\/arsskyrsla2021.bluelagoon.is\\\/#organization\"},\"potentialAction\":[{\"@type\":\"SearchAction\",\"target\":{\"@type\":\"EntryPoint\",\"urlTemplate\":\"https:\\\/\\\/arsskyrsla2021.bluelagoon.is\\\/?s={search_term_string}\"},\"query-input\":{\"@type\":\"PropertyValueSpecification\",\"valueRequired\":true,\"valueName\":\"search_term_string\"}}],\"inLanguage\":\"en-US\"},{\"@type\":\"Organization\",\"@id\":\"https:\\\/\\\/arsskyrsla2021.bluelagoon.is\\\/#organization\",\"name\":\"Bl\u00e1a L\u00f3ni\u00f0\",\"url\":\"https:\\\/\\\/arsskyrsla2021.bluelagoon.is\\\/\",\"logo\":{\"@type\":\"ImageObject\",\"inLanguage\":\"en-US\",\"@id\":\"https:\\\/\\\/arsskyrsla2021.bluelagoon.is\\\/#\\\/schema\\\/logo\\\/image\\\/\",\"url\":\"http:\\\/\\\/arsskyrsla2021.bluelagoon.is\\\/wp-content\\\/uploads\\\/2016\\\/04\\\/Blue-lagoon-Dark-Logo.png\",\"contentUrl\":\"http:\\\/\\\/arsskyrsla2021.bluelagoon.is\\\/wp-content\\\/uploads\\\/2016\\\/04\\\/Blue-lagoon-Dark-Logo.png\",\"width\":200,\"height\":120,\"caption\":\"Bl\u00e1a L\u00f3ni\u00f0\"},\"image\":{\"@id\":\"https:\\\/\\\/arsskyrsla2021.bluelagoon.is\\\/#\\\/schema\\\/logo\\\/image\\\/\"}}]}<\/script>\n<!-- \/ Yoast SEO plugin. -->","yoast_head_json":{"title":"Blue Lagoon Universe - \u00c1rssk\u00fdrsla Bl\u00e1a L\u00f3nsins 2021","description":"\u00c1rssk\u00fdrsla Bl\u00e1a L\u00f3nsins - Blue Lagoon 2021. Helstu uppl\u00fdsingar um starfsemi fyrirt\u00e6kisins \u00e1 \u00e1rinu 2021 \u00e1samt helstu fj\u00e1rhagsuppl\u00fdsingum.","robots":{"index":"index","follow":"follow","max-snippet":"max-snippet:-1","max-image-preview":"max-image-preview:large","max-video-preview":"max-video-preview:-1"},"canonical":"https:\/\/arsskyrsla2021.bluelagoon.is\/en\/blue-lagoon-universe\/","og_locale":"en_US","og_type":"article","og_title":"Blue Lagoon Universe - \u00c1rssk\u00fdrsla Bl\u00e1a L\u00f3nsins 2021","og_description":"\u00c1rssk\u00fdrsla Bl\u00e1a L\u00f3nsins - Blue Lagoon 2021. Helstu uppl\u00fdsingar um starfsemi fyrirt\u00e6kisins \u00e1 \u00e1rinu 2021 \u00e1samt helstu fj\u00e1rhagsuppl\u00fdsingum.","og_url":"https:\/\/arsskyrsla2021.bluelagoon.is\/en\/blue-lagoon-universe\/","og_site_name":"\u00c1rssk\u00fdrsla Bl\u00e1a L\u00f3nsins 2021","article_modified_time":"2022-06-23T11:38:07+00:00","twitter_card":"summary_large_image","twitter_misc":{"Est. reading time":"2 minutes"},"schema":{"@context":"https:\/\/schema.org","@graph":[{"@type":"WebPage","@id":"https:\/\/arsskyrsla2021.bluelagoon.is\/en\/blue-lagoon-universe\/","url":"https:\/\/arsskyrsla2021.bluelagoon.is\/en\/blue-lagoon-universe\/","name":"Blue Lagoon Universe - \u00c1rssk\u00fdrsla Bl\u00e1a L\u00f3nsins 2021","isPartOf":{"@id":"https:\/\/arsskyrsla2021.bluelagoon.is\/#website"},"datePublished":"2022-03-23T09:29:27+00:00","dateModified":"2022-06-23T11:38:07+00:00","description":"\u00c1rssk\u00fdrsla Bl\u00e1a L\u00f3nsins - Blue Lagoon 2021. Helstu uppl\u00fdsingar um starfsemi fyrirt\u00e6kisins \u00e1 \u00e1rinu 2021 \u00e1samt helstu fj\u00e1rhagsuppl\u00fdsingum.","breadcrumb":{"@id":"https:\/\/arsskyrsla2021.bluelagoon.is\/en\/blue-lagoon-universe\/#breadcrumb"},"inLanguage":"en-US","potentialAction":[{"@type":"ReadAction","target":["https:\/\/arsskyrsla2021.bluelagoon.is\/en\/blue-lagoon-universe\/"]}]},{"@type":"BreadcrumbList","@id":"https:\/\/arsskyrsla2021.bluelagoon.is\/en\/blue-lagoon-universe\/#breadcrumb","itemListElement":[{"@type":"ListItem","position":1,"name":"Home","item":"https:\/\/arsskyrsla2021.bluelagoon.is\/en\/"},{"@type":"ListItem","position":2,"name":"Blue Lagoon Universe"}]},{"@type":"WebSite","@id":"https:\/\/arsskyrsla2021.bluelagoon.is\/#website","url":"https:\/\/arsskyrsla2021.bluelagoon.is\/","name":"\u00c1rssk\u00fdrsla Bl\u00e1a L\u00f3nsins 2021","description":"","publisher":{"@id":"https:\/\/arsskyrsla2021.bluelagoon.is\/#organization"},"potentialAction":[{"@type":"SearchAction","target":{"@type":"EntryPoint","urlTemplate":"https:\/\/arsskyrsla2021.bluelagoon.is\/?s={search_term_string}"},"query-input":{"@type":"PropertyValueSpecification","valueRequired":true,"valueName":"search_term_string"}}],"inLanguage":"en-US"},{"@type":"Organization","@id":"https:\/\/arsskyrsla2021.bluelagoon.is\/#organization","name":"Bl\u00e1a L\u00f3ni\u00f0","url":"https:\/\/arsskyrsla2021.bluelagoon.is\/","logo":{"@type":"ImageObject","inLanguage":"en-US","@id":"https:\/\/arsskyrsla2021.bluelagoon.is\/#\/schema\/logo\/image\/","url":"https:\/\/arsskyrsla2021.bluelagoon.is\/wp-content\/uploads\/2016\/04\/Blue-lagoon-Dark-Logo.png","contentUrl":"https:\/\/arsskyrsla2021.bluelagoon.is\/wp-content\/uploads\/2016\/04\/Blue-lagoon-Dark-Logo.png","width":200,"height":120,"caption":"Bl\u00e1a L\u00f3ni\u00f0"},"image":{"@id":"https:\/\/arsskyrsla2021.bluelagoon.is\/#\/schema\/logo\/image\/"}}]}},"_links":{"self":[{"href":"https:\/\/arsskyrsla2021.bluelagoon.is\/en\/wp-json\/wp\/v2\/pages\/8024","targetHints":{"allow":["GET"]}}],"collection":[{"href":"https:\/\/arsskyrsla2021.bluelagoon.is\/en\/wp-json\/wp\/v2\/pages"}],"about":[{"href":"https:\/\/arsskyrsla2021.bluelagoon.is\/en\/wp-json\/wp\/v2\/types\/page"}],"author":[{"embeddable":true,"href":"https:\/\/arsskyrsla2021.bluelagoon.is\/en\/wp-json\/wp\/v2\/users\/1"}],"replies":[{"embeddable":true,"href":"https:\/\/arsskyrsla2021.bluelagoon.is\/en\/wp-json\/wp\/v2\/comments?post=8024"}],"version-history":[{"count":5,"href":"https:\/\/arsskyrsla2021.bluelagoon.is\/en\/wp-json\/wp\/v2\/pages\/8024\/revisions"}],"predecessor-version":[{"id":8402,"href":"https:\/\/arsskyrsla2021.bluelagoon.is\/en\/wp-json\/wp\/v2\/pages\/8024\/revisions\/8402"}],"wp:attachment":[{"href":"https:\/\/arsskyrsla2021.bluelagoon.is\/en\/wp-json\/wp\/v2\/media?parent=8024"}],"curies":[{"name":"wp","href":"https:\/\/api.w.org\/{rel}","templated":true}]}}