{"id":8011,"date":"2016-04-22T10:22:28","date_gmt":"2016-04-22T10:22:28","guid":{"rendered":"https:\/\/arsskyrsla2021.bluelagoon.is\/avarp-forstjora\/"},"modified":"2022-06-14T09:39:16","modified_gmt":"2022-06-14T09:39:16","slug":"ceosaddress","status":"publish","type":"page","link":"https:\/\/arsskyrsla2021.bluelagoon.is\/en\/ceosaddress\/","title":{"rendered":"CEO&#8217;s Address"},"content":{"rendered":"<div class=\"wpb-content-wrapper\">[mk_page_section bg_image=&#8221;https:\/\/arsskyrsla2021.bluelagoon.is\/wp-content\/uploads\/2022\/03\/auroralaguna.jpg&#8221; bg_position=&#8221;center center&#8221; bg_repeat=&#8221;no-repeat&#8221; bg_stretch=&#8221;true&#8221; enable_3d=&#8221;true&#8221; video_color_mask=&#8221;#000000&#8243; video_opacity=&#8221;0.2&#8243; min_height=&#8221;550&#8243; full_height=&#8221;true&#8221; skip_arrow=&#8221;true&#8221; top_shape_color=&#8221;#ffffff&#8221; bottom_shape_color=&#8221;#ffffff&#8221; first_page=&#8221;false&#8221; last_page=&#8221;false&#8221; sidebar=&#8221;sidebar-1&#8243;][vc_column][vc_row_inner][vc_column_inner width=&#8221;1\/2&#8243;][mk_fancy_title color=&#8221;#ffffff&#8221; size=&#8221;45&#8243; force_font_size=&#8221;true&#8221; size_phone=&#8221;40&#8243; font_weight=&#8221;400&#8243; txt_transform=&#8221;none&#8221; margin_bottom=&#8221;0&#8243; font_family=&#8221;Lato&#8221; font_type=&#8221;google&#8221; responsive_align=&#8221;left&#8221; animation=&#8221;flip-x&#8221; el_class=&#8221;grimur-titill&#8221;]CEO&#8217;s Address[\/mk_fancy_title][\/vc_column_inner][vc_column_inner width=&#8221;1\/2&#8243;][\/vc_column_inner][\/vc_row_inner][vc_row_inner][vc_column_inner width=&#8221;1\/2&#8243;][mk_fancy_title tag_name=&#8221;span&#8221; color=&#8221;#ffffff&#8221; size=&#8221;34&#8243; force_font_size=&#8221;true&#8221; size_phone=&#8221;24&#8243; font_weight=&#8221;300&#8243; font_style=&#8221;italic&#8221; txt_transform=&#8221;none&#8221; margin_bottom=&#8221;0&#8243; font_family=&#8221;Lato&#8221; font_type=&#8221;google&#8221; responsive_align=&#8221;left&#8221; animation=&#8221;flip-x&#8221; el_class=&#8221;grimur-undirtitill&#8221;]<em>\u201cWhat stands out is the energy and cohesion that has characterized the staff. We have weathered the storm, all as one, in difficult times.&#8221;<\/em>[\/mk_fancy_title][\/vc_column_inner][vc_column_inner width=&#8221;1\/2&#8243;][\/vc_column_inner][\/vc_row_inner][\/vc_column][\/mk_page_section][vc_row][vc_column][vc_empty_space height=&#8221;80px&#8221;][\/vc_column][\/vc_row][vc_row][vc_column width=&#8221;1\/4&#8243;][vc_single_image image=&#8221;7058&#8243; img_size=&#8221;full&#8221;][vc_column_text css=&#8221;.vc_custom_1648730691149{margin-bottom: 0px !important;}&#8221;]\n<h3 style=\"text-align: center;\">Gr\u00edmur S\u00e6mundsen<\/h3>\n[\/vc_column_text][vc_column_text css=&#8221;.vc_custom_1653549391954{margin-bottom: 0px !important;}&#8221;]\n<h4 style=\"text-align: center;\">Chief Executive Officer<\/h4>\n[\/vc_column_text][\/vc_column][vc_column width=&#8221;3\/4&#8243;][vc_column_text css=&#8221;.vc_custom_1655122846093{margin-bottom: 0px !important;}&#8221;]One could say that the 2021 operating year can be divided into two periods: On the one hand, the first part when the company was forced to close its operations in Svartsengi from 8 October 2020 to 15 June 2021, due to the authorities\u2019 disease control measures, and then the second part, after we re-opened.<\/p>\n<p>What stands out is the energy and cohesion that has characterized the staff. We have weathered the storm, all as one, in difficult times.\u00a0 The company had an average of 396 employees from about 30 nations, but it has managed to rehire 280 people after difficult redundancies the year before.[\/vc_column_text][\/vc_column][\/vc_row][mk_page_section padding_top=&#8221;0&#8243; padding_bottom=&#8221;0&#8243; top_shape_color=&#8221;#ffffff&#8221; bottom_shape_color=&#8221;#ffffff&#8221; sidebar=&#8221;sidebar-1&#8243;][vc_column][vc_row_inner][vc_column_inner width=&#8221;1\/4&#8243;][\/vc_column_inner][vc_column_inner el_class=&#8221;Texti-GreyBox&#8221; width=&#8221;1\/2&#8243; css=&#8221;.vc_custom_1592988714815{padding: 55px !important;background-color: #f2f2f2 !important;}&#8221;][vc_column_text align=&#8221;center&#8221; el_class=&#8221;Texti-GreyBox&#8221; css=&#8221;.vc_custom_1655122866008{margin-bottom: 0px !important;}&#8221;]<strong><em>\u201cBlue Lagoon created great shared value for society in 2021, just as in previous years, since its economic impact has been great, whether one looks at the economy in general or the local community in particular.\u201d<\/em><\/strong>[\/vc_column_text][\/vc_column_inner][vc_column_inner width=&#8221;1\/4&#8243;][\/vc_column_inner][\/vc_row_inner][vc_empty_space height=&#8221;60px&#8221;][vc_column_text css=&#8221;.vc_custom_1655122904018{margin-bottom: 0px !important;}&#8221;]At the beginning of the COVID-19 pandemic, it soon became clear that it would not only affect public health, but that it would also have a huge economic impact. The Icelandic government therefore introduced various measures for companies to mitigate this impact on the economy. Like many other companies, Blue Lagoon took advantage of some of these remedies. This was particularly important for the company in order to protect jobs and be able to expand its activities quickly once it bounced back.<\/p>\n<p>This support has already paid off handsomely for the Treasury. The company\u2019s total tax footprint in 2021, taking into account the above measures, was over ISK 1.8 billion, which is nine times the amount that the company availed of through the government\u2019s support remedies. The tax footprint includes all taxes and levies paid to the state and municipalities.[\/vc_column_text][\/vc_column][\/mk_page_section][mk_page_section bg_repeat=&#8221;no-repeat&#8221; padding_top=&#8221;0&#8243; padding_bottom=&#8221;0&#8243; top_shape_color=&#8221;#ffffff&#8221; bottom_shape_color=&#8221;#ffffff&#8221; sidebar=&#8221;sidebar-1&#8243;][vc_column][vc_empty_space height=&#8221;60px&#8221;][vc_row_inner][vc_column_inner width=&#8221;1\/4&#8243;][\/vc_column_inner][vc_column_inner el_class=&#8221;Texti-GreyBox&#8221; width=&#8221;1\/2&#8243; css=&#8221;.vc_custom_1592988578487{padding: 55px !important;background-color: #eaeaea !important;}&#8221;][vc_column_text align=&#8221;center&#8221; el_class=&#8221;Texti-GreyBox&#8221; css=&#8221;.vc_custom_1653484215124{margin-bottom: 0px !important;}&#8221;]<strong><em>\u201cLast year, the company\u2019s economic contribution amounted to 104% of its turnover, i.e. about ISK 7.5 billion.\u201d<\/em><\/strong>[\/vc_column_text][\/vc_column_inner][vc_column_inner width=&#8221;1\/4&#8243;][\/vc_column_inner][\/vc_row_inner][vc_empty_space height=&#8221;60px&#8221;][vc_column_text css=&#8221;.vc_custom_1655123579481{margin-bottom: 0px !important;}&#8221;]Blue Lagoon created great shared value for society in 2021, just as in previous years, since its economic impact has been great, whether one looks at the economy in general or the local community in particular.\u00a0 Last year, the company\u2019s economic contribution amounted to 104% of its turnover, i.e. ISK 7.5 billion.<\/p>\n<p>In the first half of 2021, investments were particularly focused on reform projects and processes were revised.\u00a0 The company\u2019s administrative system was ISO certified during the year with regard to quality, environment, safety and health. The emphasis on these certifications and the consensus of the Blue Lagoon\u2019s staff in further strengthening the company\u2019s position eloquently illustrates the Blue Lagoon\u2019s corporate culture, which aims for continuous improvements. We continued on the path of investing in other enhancement projects, such as IT infrastructure, digital development and increasing the range of available services.\u00a0 Considerable maintenance work was carried out on constructions and radical improvements were made to the Lava restaurant. The new Blue Lagoon store in the Kringlan shopping mall was opened in April 2021 and the store on Laugavegur 15 was re-opened in November, after closing from the beginning of 2021.<\/p>\n<p>The Blue Lagoon\u2019s new skincare product line, BL+, was launched in the spring.\u00a0 The product line is based on the new ingredient BL+ COMPLEX, which uses the patent of Blue Lagoon hf. on microalgae and silica.\u00a0 This revolutionary material is the fruit of innovation, sustainable development and over 30 years of the company\u2019s research work into the Blue Lagoon\u2019s geothermal seawater. The main focus has been on bringing the product line to market in the United States. The products have already been COSMOS NATURAL certified, which strengthens their position in the market with regard to sustainability and traceability.<\/p>\n<p>After the operations of Blue Lagoon were reopened in the middle of 2021, the number of visitors has risen again at the same time as the number of foreign tourists to the country has increased. Our guests increasingly enjoy all that Blue Lagoon has to offer and generally stay longer than before. Improvement projects focused on increasing efficiency and the product range have been successful. The NPS score, which is an indicator of visitor satisfaction and how likely they are to recommend Blue Lagoon, continues to be very high in all international comparisons and is consistent with measurements from previous years. Unique human resources have yielded great results and a unique experience for our guests.[\/vc_column_text][vc_row_inner][vc_column_inner width=&#8221;1\/4&#8243;][\/vc_column_inner][vc_column_inner el_class=&#8221;Texti-GreyBox&#8221; width=&#8221;1\/2&#8243; css=&#8221;.vc_custom_1592988578487{padding: 55px !important;background-color: #eaeaea !important;}&#8221;][vc_column_text align=&#8221;center&#8221; el_class=&#8221;Texti-GreyBox&#8221; css=&#8221;.vc_custom_1653484292140{margin-bottom: 0px !important;}&#8221;]<strong><em>&#8220;The company looks to a new era with a clear focus on unique health and well-being experiences with an emphasis on environmental and sustainability issues as its guiding principles.\u201d<\/em><\/strong>[\/vc_column_text][\/vc_column_inner][vc_column_inner width=&#8221;1\/4&#8243;][\/vc_column_inner][\/vc_row_inner][vc_empty_space height=&#8221;60px&#8221;][vc_column_text css=&#8221;.vc_custom_1653484298776{margin-bottom: 0px !important;}&#8221;]The company looks to a new era with a clear focus on unique health and well-being experiences with an emphasis on environmental and sustainability issues as its guiding principles. It is our belief that such a journey will increase efficiency, improve our organization and target setting and therefore the success of the company, whether it be from a financial, social or environmental point of view. We look to the future with bright eyes.[\/vc_column_text][vc_empty_space height=&#8221;80px&#8221;][\/vc_column][\/mk_page_section][vc_row fullwidth=&#8221;true&#8221; equal_columns=&#8221;true&#8221; attached=&#8221;true&#8221; css=&#8221;.vc_custom_1616680467349{margin-bottom: -10px !important;padding-bottom: 0px !important;}&#8221; el_class=&#8221;bottom_buttons_section&#8221;][vc_column width=&#8221;1\/2&#8243;][mk_button dimension=&#8221;flat&#8221; size=&#8221;xx-large&#8221; icon=&#8221;mk-jupiter-icon-arrow-left&#8221; icon_anim=&#8221;side&#8221; url=&#8221;https:\/\/arsskyrsla2021.bluelagoon.is\/en\/chairmansaddress\/&#8221; fullwidth=&#8221;true&#8221; margin_bottom=&#8221;0&#8243; bg_color=&#8221;#ededed&#8221; btn_hover_bg=&#8221;#ededed&#8221; text_color=&#8221;dark&#8221;]CHAIRMAN&#8217;S ADDRESS | go back[\/mk_button][\/vc_column][vc_column width=&#8221;1\/2&#8243;][mk_button dimension=&#8221;flat&#8221; size=&#8221;xx-large&#8221; icon=&#8221;mk-jupiter-icon-arrow-right&#8221; icon_anim=&#8221;side&#8221; url=&#8221;https:\/\/arsskyrsla2021.bluelagoon.is\/en\/2021keyfigures\/&#8221; align=&#8221;right&#8221; fullwidth=&#8221;true&#8221; margin_bottom=&#8221;0&#8243; text_color=&#8221;dark&#8221;]2021 KEY FIGURES | read next[\/mk_button][\/vc_column][\/vc_row]\n<\/div>","protected":false},"excerpt":{"rendered":"<p>[mk_page_section bg_image=&#8221;https:\/\/arsskyrsla2021.bluelagoon.is\/wp-content\/uploads\/2022\/03\/auroralaguna.jpg&#8221; bg_position=&#8221;center center&#8221; bg_repeat=&#8221;no-repeat&#8221; bg_stretch=&#8221;true&#8221; enable_3d=&#8221;true&#8221; video_color_mask=&#8221;#000000&#8243; video_opacity=&#8221;0.2&#8243; min_height=&#8221;550&#8243; full_height=&#8221;true&#8221; skip_arrow=&#8221;true&#8221; top_shape_color=&#8221;#ffffff&#8221; bottom_shape_color=&#8221;#ffffff&#8221; first_page=&#8221;false&#8221; last_page=&#8221;false&#8221; sidebar=&#8221;sidebar-1&#8243;][vc_column][vc_row_inner][vc_column_inner width=&#8221;1\/2&#8243;][mk_fancy_title color=&#8221;#ffffff&#8221; size=&#8221;45&#8243; force_font_size=&#8221;true&#8221; size_phone=&#8221;40&#8243; font_weight=&#8221;400&#8243; txt_transform=&#8221;none&#8221; margin_bottom=&#8221;0&#8243; font_family=&#8221;Lato&#8221; font_type=&#8221;google&#8221; responsive_align=&#8221;left&#8221; animation=&#8221;flip-x&#8221; el_class=&#8221;grimur-titill&#8221;]CEO&#8217;s Address[\/mk_fancy_title][\/vc_column_inner][vc_column_inner width=&#8221;1\/2&#8243;][\/vc_column_inner][\/vc_row_inner][vc_row_inner][vc_column_inner width=&#8221;1\/2&#8243;][mk_fancy_title tag_name=&#8221;span&#8221; color=&#8221;#ffffff&#8221; size=&#8221;34&#8243; force_font_size=&#8221;true&#8221; size_phone=&#8221;24&#8243; font_weight=&#8221;300&#8243; font_style=&#8221;italic&#8221; txt_transform=&#8221;none&#8221; margin_bottom=&#8221;0&#8243; font_family=&#8221;Lato&#8221; font_type=&#8221;google&#8221; responsive_align=&#8221;left&#8221; animation=&#8221;flip-x&#8221; el_class=&#8221;grimur-undirtitill&#8221;]\u201cWhat stands out is the energy and cohesion that [&hellip;]<\/p>\n","protected":false},"author":1,"featured_media":0,"parent":0,"menu_order":0,"comment_status":"closed","ping_status":"closed","template":"","meta":{"_monsterinsights_skip_tracking":false,"_monsterinsights_sitenote_active":false,"_monsterinsights_sitenote_note":"","_monsterinsights_sitenote_category":0,"footnotes":""},"class_list":["post-8011","page","type-page","status-publish","hentry"],"yoast_head":"<!-- This site is optimized with the Yoast SEO plugin v27.3 - https:\/\/yoast.com\/product\/yoast-seo-wordpress\/ -->\n<title>CEO&#039;s Address - \u00c1rssk\u00fdrsla Bl\u00e1a L\u00f3nsins 2021<\/title>\n<meta name=\"description\" content=\"\u00c1rs- og samf\u00e9lagssk\u00fdrsla Bl\u00e1a L\u00f3nsins - Blue Lagoon 2021. Uppl\u00fdsingar um starfsemi fyrirt\u00e6kisins \u00e1 \u00e1rinu 2021 \u00e1samt fj\u00e1rhagsuppl\u00fdsingum.\" \/>\n<meta name=\"robots\" content=\"index, follow, max-snippet:-1, max-image-preview:large, max-video-preview:-1\" \/>\n<link rel=\"canonical\" href=\"https:\/\/arsskyrsla2021.bluelagoon.is\/en\/ceosaddress\/\" \/>\n<meta property=\"og:locale\" content=\"en_US\" \/>\n<meta property=\"og:type\" content=\"article\" \/>\n<meta property=\"og:title\" content=\"CEO&#039;s Address - \u00c1rssk\u00fdrsla Bl\u00e1a L\u00f3nsins 2021\" \/>\n<meta property=\"og:description\" content=\"\u00c1rs- og samf\u00e9lagssk\u00fdrsla Bl\u00e1a L\u00f3nsins - Blue Lagoon 2021. Uppl\u00fdsingar um starfsemi fyrirt\u00e6kisins \u00e1 \u00e1rinu 2021 \u00e1samt fj\u00e1rhagsuppl\u00fdsingum.\" \/>\n<meta property=\"og:url\" content=\"https:\/\/arsskyrsla2021.bluelagoon.is\/en\/ceosaddress\/\" \/>\n<meta property=\"og:site_name\" content=\"\u00c1rssk\u00fdrsla Bl\u00e1a L\u00f3nsins 2021\" \/>\n<meta property=\"article:modified_time\" content=\"2022-06-14T09:39:16+00:00\" \/>\n<meta name=\"twitter:card\" content=\"summary_large_image\" \/>\n<meta name=\"twitter:label1\" content=\"Est. reading time\" \/>\n\t<meta name=\"twitter:data1\" content=\"6 minutes\" \/>\n<script type=\"application\/ld+json\" class=\"yoast-schema-graph\">{\"@context\":\"https:\\\/\\\/schema.org\",\"@graph\":[{\"@type\":\"WebPage\",\"@id\":\"https:\\\/\\\/arsskyrsla2021.bluelagoon.is\\\/en\\\/ceosaddress\\\/\",\"url\":\"https:\\\/\\\/arsskyrsla2021.bluelagoon.is\\\/en\\\/ceosaddress\\\/\",\"name\":\"CEO's Address - \u00c1rssk\u00fdrsla Bl\u00e1a L\u00f3nsins 2021\",\"isPartOf\":{\"@id\":\"https:\\\/\\\/arsskyrsla2021.bluelagoon.is\\\/#website\"},\"datePublished\":\"2016-04-22T10:22:28+00:00\",\"dateModified\":\"2022-06-14T09:39:16+00:00\",\"description\":\"\u00c1rs- og samf\u00e9lagssk\u00fdrsla Bl\u00e1a L\u00f3nsins - Blue Lagoon 2021. Uppl\u00fdsingar um starfsemi fyrirt\u00e6kisins \u00e1 \u00e1rinu 2021 \u00e1samt fj\u00e1rhagsuppl\u00fdsingum.\",\"breadcrumb\":{\"@id\":\"https:\\\/\\\/arsskyrsla2021.bluelagoon.is\\\/en\\\/ceosaddress\\\/#breadcrumb\"},\"inLanguage\":\"en-US\",\"potentialAction\":[{\"@type\":\"ReadAction\",\"target\":[\"https:\\\/\\\/arsskyrsla2021.bluelagoon.is\\\/en\\\/ceosaddress\\\/\"]}]},{\"@type\":\"BreadcrumbList\",\"@id\":\"https:\\\/\\\/arsskyrsla2021.bluelagoon.is\\\/en\\\/ceosaddress\\\/#breadcrumb\",\"itemListElement\":[{\"@type\":\"ListItem\",\"position\":1,\"name\":\"Home\",\"item\":\"https:\\\/\\\/arsskyrsla2021.bluelagoon.is\\\/en\\\/\"},{\"@type\":\"ListItem\",\"position\":2,\"name\":\"CEO&#8217;s Address\"}]},{\"@type\":\"WebSite\",\"@id\":\"https:\\\/\\\/arsskyrsla2021.bluelagoon.is\\\/#website\",\"url\":\"https:\\\/\\\/arsskyrsla2021.bluelagoon.is\\\/\",\"name\":\"\u00c1rssk\u00fdrsla Bl\u00e1a L\u00f3nsins 2021\",\"description\":\"\",\"publisher\":{\"@id\":\"https:\\\/\\\/arsskyrsla2021.bluelagoon.is\\\/#organization\"},\"potentialAction\":[{\"@type\":\"SearchAction\",\"target\":{\"@type\":\"EntryPoint\",\"urlTemplate\":\"https:\\\/\\\/arsskyrsla2021.bluelagoon.is\\\/?s={search_term_string}\"},\"query-input\":{\"@type\":\"PropertyValueSpecification\",\"valueRequired\":true,\"valueName\":\"search_term_string\"}}],\"inLanguage\":\"en-US\"},{\"@type\":\"Organization\",\"@id\":\"https:\\\/\\\/arsskyrsla2021.bluelagoon.is\\\/#organization\",\"name\":\"Bl\u00e1a L\u00f3ni\u00f0\",\"url\":\"https:\\\/\\\/arsskyrsla2021.bluelagoon.is\\\/\",\"logo\":{\"@type\":\"ImageObject\",\"inLanguage\":\"en-US\",\"@id\":\"https:\\\/\\\/arsskyrsla2021.bluelagoon.is\\\/#\\\/schema\\\/logo\\\/image\\\/\",\"url\":\"http:\\\/\\\/arsskyrsla2021.bluelagoon.is\\\/wp-content\\\/uploads\\\/2016\\\/04\\\/Blue-lagoon-Dark-Logo.png\",\"contentUrl\":\"http:\\\/\\\/arsskyrsla2021.bluelagoon.is\\\/wp-content\\\/uploads\\\/2016\\\/04\\\/Blue-lagoon-Dark-Logo.png\",\"width\":200,\"height\":120,\"caption\":\"Bl\u00e1a L\u00f3ni\u00f0\"},\"image\":{\"@id\":\"https:\\\/\\\/arsskyrsla2021.bluelagoon.is\\\/#\\\/schema\\\/logo\\\/image\\\/\"}}]}<\/script>\n<!-- \/ Yoast SEO plugin. -->","yoast_head_json":{"title":"CEO's Address - \u00c1rssk\u00fdrsla Bl\u00e1a L\u00f3nsins 2021","description":"\u00c1rs- og samf\u00e9lagssk\u00fdrsla Bl\u00e1a L\u00f3nsins - Blue Lagoon 2021. Uppl\u00fdsingar um starfsemi fyrirt\u00e6kisins \u00e1 \u00e1rinu 2021 \u00e1samt fj\u00e1rhagsuppl\u00fdsingum.","robots":{"index":"index","follow":"follow","max-snippet":"max-snippet:-1","max-image-preview":"max-image-preview:large","max-video-preview":"max-video-preview:-1"},"canonical":"https:\/\/arsskyrsla2021.bluelagoon.is\/en\/ceosaddress\/","og_locale":"en_US","og_type":"article","og_title":"CEO's Address - \u00c1rssk\u00fdrsla Bl\u00e1a L\u00f3nsins 2021","og_description":"\u00c1rs- og samf\u00e9lagssk\u00fdrsla Bl\u00e1a L\u00f3nsins - Blue Lagoon 2021. Uppl\u00fdsingar um starfsemi fyrirt\u00e6kisins \u00e1 \u00e1rinu 2021 \u00e1samt fj\u00e1rhagsuppl\u00fdsingum.","og_url":"https:\/\/arsskyrsla2021.bluelagoon.is\/en\/ceosaddress\/","og_site_name":"\u00c1rssk\u00fdrsla Bl\u00e1a L\u00f3nsins 2021","article_modified_time":"2022-06-14T09:39:16+00:00","twitter_card":"summary_large_image","twitter_misc":{"Est. reading time":"6 minutes"},"schema":{"@context":"https:\/\/schema.org","@graph":[{"@type":"WebPage","@id":"https:\/\/arsskyrsla2021.bluelagoon.is\/en\/ceosaddress\/","url":"https:\/\/arsskyrsla2021.bluelagoon.is\/en\/ceosaddress\/","name":"CEO's Address - \u00c1rssk\u00fdrsla Bl\u00e1a L\u00f3nsins 2021","isPartOf":{"@id":"https:\/\/arsskyrsla2021.bluelagoon.is\/#website"},"datePublished":"2016-04-22T10:22:28+00:00","dateModified":"2022-06-14T09:39:16+00:00","description":"\u00c1rs- og samf\u00e9lagssk\u00fdrsla Bl\u00e1a L\u00f3nsins - Blue Lagoon 2021. Uppl\u00fdsingar um starfsemi fyrirt\u00e6kisins \u00e1 \u00e1rinu 2021 \u00e1samt fj\u00e1rhagsuppl\u00fdsingum.","breadcrumb":{"@id":"https:\/\/arsskyrsla2021.bluelagoon.is\/en\/ceosaddress\/#breadcrumb"},"inLanguage":"en-US","potentialAction":[{"@type":"ReadAction","target":["https:\/\/arsskyrsla2021.bluelagoon.is\/en\/ceosaddress\/"]}]},{"@type":"BreadcrumbList","@id":"https:\/\/arsskyrsla2021.bluelagoon.is\/en\/ceosaddress\/#breadcrumb","itemListElement":[{"@type":"ListItem","position":1,"name":"Home","item":"https:\/\/arsskyrsla2021.bluelagoon.is\/en\/"},{"@type":"ListItem","position":2,"name":"CEO&#8217;s Address"}]},{"@type":"WebSite","@id":"https:\/\/arsskyrsla2021.bluelagoon.is\/#website","url":"https:\/\/arsskyrsla2021.bluelagoon.is\/","name":"\u00c1rssk\u00fdrsla Bl\u00e1a L\u00f3nsins 2021","description":"","publisher":{"@id":"https:\/\/arsskyrsla2021.bluelagoon.is\/#organization"},"potentialAction":[{"@type":"SearchAction","target":{"@type":"EntryPoint","urlTemplate":"https:\/\/arsskyrsla2021.bluelagoon.is\/?s={search_term_string}"},"query-input":{"@type":"PropertyValueSpecification","valueRequired":true,"valueName":"search_term_string"}}],"inLanguage":"en-US"},{"@type":"Organization","@id":"https:\/\/arsskyrsla2021.bluelagoon.is\/#organization","name":"Bl\u00e1a L\u00f3ni\u00f0","url":"https:\/\/arsskyrsla2021.bluelagoon.is\/","logo":{"@type":"ImageObject","inLanguage":"en-US","@id":"https:\/\/arsskyrsla2021.bluelagoon.is\/#\/schema\/logo\/image\/","url":"https:\/\/arsskyrsla2021.bluelagoon.is\/wp-content\/uploads\/2016\/04\/Blue-lagoon-Dark-Logo.png","contentUrl":"https:\/\/arsskyrsla2021.bluelagoon.is\/wp-content\/uploads\/2016\/04\/Blue-lagoon-Dark-Logo.png","width":200,"height":120,"caption":"Bl\u00e1a L\u00f3ni\u00f0"},"image":{"@id":"https:\/\/arsskyrsla2021.bluelagoon.is\/#\/schema\/logo\/image\/"}}]}},"_links":{"self":[{"href":"https:\/\/arsskyrsla2021.bluelagoon.is\/en\/wp-json\/wp\/v2\/pages\/8011","targetHints":{"allow":["GET"]}}],"collection":[{"href":"https:\/\/arsskyrsla2021.bluelagoon.is\/en\/wp-json\/wp\/v2\/pages"}],"about":[{"href":"https:\/\/arsskyrsla2021.bluelagoon.is\/en\/wp-json\/wp\/v2\/types\/page"}],"author":[{"embeddable":true,"href":"https:\/\/arsskyrsla2021.bluelagoon.is\/en\/wp-json\/wp\/v2\/users\/1"}],"replies":[{"embeddable":true,"href":"https:\/\/arsskyrsla2021.bluelagoon.is\/en\/wp-json\/wp\/v2\/comments?post=8011"}],"version-history":[{"count":9,"href":"https:\/\/arsskyrsla2021.bluelagoon.is\/en\/wp-json\/wp\/v2\/pages\/8011\/revisions"}],"predecessor-version":[{"id":8300,"href":"https:\/\/arsskyrsla2021.bluelagoon.is\/en\/wp-json\/wp\/v2\/pages\/8011\/revisions\/8300"}],"wp:attachment":[{"href":"https:\/\/arsskyrsla2021.bluelagoon.is\/en\/wp-json\/wp\/v2\/media?parent=8011"}],"curies":[{"name":"wp","href":"https:\/\/api.w.org\/{rel}","templated":true}]}}